{"id":810,"date":"2025-03-13T13:23:11","date_gmt":"2025-03-13T12:23:11","guid":{"rendered":"https:\/\/wolvescharleroi.be\/?page_id=810"},"modified":"2025-03-13T13:23:11","modified_gmt":"2025-03-13T12:23:11","slug":"les-grands-gagnants-de-la-vente-de-lasagnes","status":"publish","type":"page","link":"https:\/\/wolvescharleroi.be\/?page_id=810","title":{"rendered":"Les Grands Gagnants de la Vente de Lasagnes"},"content":{"rendered":"<div class=\"xdj266r x11i5rnm xat24cr x1mh8g0r x1vvkbs x126k92a\">\n<div dir=\"auto\">Nous sommes heureux de vous annoncer les r\u00e9sultats de notre vente de lasagnes<br \/>\nVoici les heureux gagnants de cette \u00e9dition :<br \/>\n<a href=\"https:\/\/wolvescharleroi.be\/wp-content\/uploads\/2025\/03\/gagnants-lasagnes.jpg\"><img loading=\"lazy\" decoding=\"async\" class=\"alignnone  wp-image-812\" src=\"https:\/\/wolvescharleroi.be\/wp-content\/uploads\/2025\/03\/gagnants-lasagnes-150x150.jpg\" alt=\"\" width=\"217\" height=\"217\" srcset=\"https:\/\/wolvescharleroi.be\/wp-content\/uploads\/2025\/03\/gagnants-lasagnes-150x150.jpg 150w, https:\/\/wolvescharleroi.be\/wp-content\/uploads\/2025\/03\/gagnants-lasagnes-1024x1024.jpg 1024w, https:\/\/wolvescharleroi.be\/wp-content\/uploads\/2025\/03\/gagnants-lasagnes-75x75.jpg 75w, https:\/\/wolvescharleroi.be\/wp-content\/uploads\/2025\/03\/gagnants-lasagnes-768x768.jpg 768w, https:\/\/wolvescharleroi.be\/wp-content\/uploads\/2025\/03\/gagnants-lasagnes.jpg 1080w\" sizes=\"auto, (max-width: 217px) 100vw, 217px\" \/><\/a><\/div>\n<\/div>\n<div class=\"x11i5rnm xat24cr x1mh8g0r x1vvkbs xtlvy1s x126k92a\">\n<div dir=\"auto\">1er et 2e ex aequo : Victor et la famille Dekais. Chaque gagnant remporte 125\u20ac de bons d&rsquo;achat chez Maple Leaf !<\/div>\n<\/div>\n<div class=\"x11i5rnm xat24cr x1mh8g0r x1vvkbs xtlvy1s x126k92a\">\n<div dir=\"auto\">3e place : Nathan de Keuster.\u00a0Il repart avec 75\u20ac de bons d&rsquo;achat chez Maple Leaf !<\/div>\n<\/div>\n<div class=\"x11i5rnm xat24cr x1mh8g0r x1vvkbs xtlvy1s x126k92a\">\n<div dir=\"auto\">Un grand merci \u00e0 tous les participants! <span class=\"html-span xexx8yu x4uap5 x18d9i69 xkhd6sd x1hl2dhg x16tdsg8 x1vvkbs x3nfvp2 x1j61x8r x1fcty0u xdj266r xat24cr xgzva0m xhhsvwb xxymvpz xlup9mm x1kky2od\"><img loading=\"lazy\" decoding=\"async\" class=\"xz74otr x168nmei x13lgxp2 x5pf9jr xo71vjh\" src=\"https:\/\/static.xx.fbcdn.net\/images\/emoji.php\/v9\/t6c\/1\/16\/1f499.png\" alt=\"\ud83d\udc99\" width=\"16\" height=\"16\" \/><\/span> Les fonds r\u00e9colt\u00e9s serviront \u00e0 soutenir les projets et les activit\u00e9s du club des Wolves de Charleroi.<\/div>\n<\/div>\n<div class=\"x11i5rnm xat24cr x1mh8g0r x1vvkbs xtlvy1s x126k92a\">\n<div dir=\"auto\">Nous vous remercions encore pour votre soutien et vous donnons rendez-vous pour la prochaine \u00e9dition !<\/div>\n<\/div>\n","protected":false},"excerpt":{"rendered":"<p>Nous sommes heureux de vous annoncer les r\u00e9sultats de notre vente de lasagnes Voici les heureux gagnants de cette \u00e9dition : 1er et 2e ex aequo : Victor et la famille Dekais. Chaque gagnant remporte 125\u20ac de bons d&rsquo;achat chez Maple Leaf ! 3e place : Nathan de Keuster.\u00a0Il repart avec 75\u20ac de bons d&rsquo;achat&hellip; <br \/> <a class=\"read-more\" href=\"https:\/\/wolvescharleroi.be\/?page_id=810\">Lire la suite<\/a><\/p>\n","protected":false},"author":5,"featured_media":0,"parent":0,"menu_order":0,"comment_status":"closed","ping_status":"closed","template":"","meta":{"footnotes":""},"class_list":["post-810","page","type-page","status-publish","hentry"],"yoast_head":"<!-- This site is optimized with the Yoast SEO plugin v27.4 - https:\/\/yoast.com\/product\/yoast-seo-wordpress\/ -->\n<title>Les Grands Gagnants de la Vente de Lasagnes - Wolves Charleroi<\/title>\n<meta name=\"robots\" content=\"index, follow, max-snippet:-1, max-image-preview:large, max-video-preview:-1\" \/>\n<link rel=\"canonical\" href=\"https:\/\/wolvescharleroi.be\/?page_id=810\" \/>\n<meta property=\"og:locale\" content=\"fr_FR\" \/>\n<meta property=\"og:type\" content=\"article\" \/>\n<meta property=\"og:title\" content=\"Les Grands Gagnants de la Vente de Lasagnes - Wolves Charleroi\" \/>\n<meta property=\"og:description\" content=\"Nous sommes heureux de vous annoncer les r\u00e9sultats de notre vente de lasagnes Voici les heureux gagnants de cette \u00e9dition : 1er et 2e ex aequo : Victor et la famille Dekais. Chaque gagnant remporte 125\u20ac de bons d&rsquo;achat chez Maple Leaf ! 3e place : Nathan de Keuster.\u00a0Il repart avec 75\u20ac de bons d&rsquo;achat&hellip; Lire la suite\" \/>\n<meta property=\"og:url\" content=\"https:\/\/wolvescharleroi.be\/?page_id=810\" \/>\n<meta property=\"og:site_name\" content=\"Wolves Charleroi\" \/>\n<meta property=\"og:image\" content=\"https:\/\/wolvescharleroi.be\/wp-content\/uploads\/2025\/03\/gagnants-lasagnes.jpg\" \/>\n\t<meta property=\"og:image:width\" content=\"1080\" \/>\n\t<meta property=\"og:image:height\" content=\"1080\" \/>\n\t<meta property=\"og:image:type\" content=\"image\/jpeg\" \/>\n<meta name=\"twitter:card\" content=\"summary_large_image\" \/>\n<meta name=\"twitter:label1\" content=\"Dur\u00e9e de lecture estim\u00e9e\" \/>\n\t<meta name=\"twitter:data1\" content=\"1 minute\" \/>\n<script type=\"application\/ld+json\" class=\"yoast-schema-graph\">{\"@context\":\"https:\\\/\\\/schema.org\",\"@graph\":[{\"@type\":\"WebPage\",\"@id\":\"https:\\\/\\\/wolvescharleroi.be\\\/?page_id=810\",\"url\":\"https:\\\/\\\/wolvescharleroi.be\\\/?page_id=810\",\"name\":\"Les Grands Gagnants de la Vente de Lasagnes - Wolves Charleroi\",\"isPartOf\":{\"@id\":\"https:\\\/\\\/wolvescharleroi.be\\\/#website\"},\"primaryImageOfPage\":{\"@id\":\"https:\\\/\\\/wolvescharleroi.be\\\/?page_id=810#primaryimage\"},\"image\":{\"@id\":\"https:\\\/\\\/wolvescharleroi.be\\\/?page_id=810#primaryimage\"},\"thumbnailUrl\":\"https:\\\/\\\/wolvescharleroi.be\\\/wp-content\\\/uploads\\\/2025\\\/03\\\/gagnants-lasagnes-150x150.jpg\",\"datePublished\":\"2025-03-13T12:23:11+00:00\",\"breadcrumb\":{\"@id\":\"https:\\\/\\\/wolvescharleroi.be\\\/?page_id=810#breadcrumb\"},\"inLanguage\":\"fr-FR\",\"potentialAction\":[{\"@type\":\"ReadAction\",\"target\":[\"https:\\\/\\\/wolvescharleroi.be\\\/?page_id=810\"]}]},{\"@type\":\"ImageObject\",\"inLanguage\":\"fr-FR\",\"@id\":\"https:\\\/\\\/wolvescharleroi.be\\\/?page_id=810#primaryimage\",\"url\":\"https:\\\/\\\/wolvescharleroi.be\\\/wp-content\\\/uploads\\\/2025\\\/03\\\/gagnants-lasagnes.jpg\",\"contentUrl\":\"https:\\\/\\\/wolvescharleroi.be\\\/wp-content\\\/uploads\\\/2025\\\/03\\\/gagnants-lasagnes.jpg\",\"width\":1080,\"height\":1080},{\"@type\":\"BreadcrumbList\",\"@id\":\"https:\\\/\\\/wolvescharleroi.be\\\/?page_id=810#breadcrumb\",\"itemListElement\":[{\"@type\":\"ListItem\",\"position\":1,\"name\":\"Accueil\",\"item\":\"https:\\\/\\\/wolvescharleroi.be\\\/\"},{\"@type\":\"ListItem\",\"position\":2,\"name\":\"Les Grands Gagnants de la Vente de Lasagnes\"}]},{\"@type\":\"WebSite\",\"@id\":\"https:\\\/\\\/wolvescharleroi.be\\\/#website\",\"url\":\"https:\\\/\\\/wolvescharleroi.be\\\/\",\"name\":\"Wolves Charleroi\",\"description\":\"\",\"publisher\":{\"@id\":\"https:\\\/\\\/wolvescharleroi.be\\\/#organization\"},\"potentialAction\":[{\"@type\":\"SearchAction\",\"target\":{\"@type\":\"EntryPoint\",\"urlTemplate\":\"https:\\\/\\\/wolvescharleroi.be\\\/?s={search_term_string}\"},\"query-input\":{\"@type\":\"PropertyValueSpecification\",\"valueRequired\":true,\"valueName\":\"search_term_string\"}}],\"inLanguage\":\"fr-FR\"},{\"@type\":\"Organization\",\"@id\":\"https:\\\/\\\/wolvescharleroi.be\\\/#organization\",\"name\":\"Wolves Charleroi\",\"url\":\"https:\\\/\\\/wolvescharleroi.be\\\/\",\"logo\":{\"@type\":\"ImageObject\",\"inLanguage\":\"fr-FR\",\"@id\":\"https:\\\/\\\/wolvescharleroi.be\\\/#\\\/schema\\\/logo\\\/image\\\/\",\"url\":\"https:\\\/\\\/wolvescharleroi.be\\\/wp-content\\\/uploads\\\/2025\\\/11\\\/tete-site.jpg\",\"contentUrl\":\"https:\\\/\\\/wolvescharleroi.be\\\/wp-content\\\/uploads\\\/2025\\\/11\\\/tete-site.jpg\",\"width\":510,\"height\":510,\"caption\":\"Wolves Charleroi\"},\"image\":{\"@id\":\"https:\\\/\\\/wolvescharleroi.be\\\/#\\\/schema\\\/logo\\\/image\\\/\"}}]}<\/script>\n<!-- \/ Yoast SEO plugin. -->","yoast_head_json":{"title":"Les Grands Gagnants de la Vente de Lasagnes - Wolves Charleroi","robots":{"index":"index","follow":"follow","max-snippet":"max-snippet:-1","max-image-preview":"max-image-preview:large","max-video-preview":"max-video-preview:-1"},"canonical":"https:\/\/wolvescharleroi.be\/?page_id=810","og_locale":"fr_FR","og_type":"article","og_title":"Les Grands Gagnants de la Vente de Lasagnes - Wolves Charleroi","og_description":"Nous sommes heureux de vous annoncer les r\u00e9sultats de notre vente de lasagnes Voici les heureux gagnants de cette \u00e9dition : 1er et 2e ex aequo : Victor et la famille Dekais. Chaque gagnant remporte 125\u20ac de bons d&rsquo;achat chez Maple Leaf ! 3e place : Nathan de Keuster.\u00a0Il repart avec 75\u20ac de bons d&rsquo;achat&hellip; Lire la suite","og_url":"https:\/\/wolvescharleroi.be\/?page_id=810","og_site_name":"Wolves Charleroi","og_image":[{"width":1080,"height":1080,"url":"https:\/\/wolvescharleroi.be\/wp-content\/uploads\/2025\/03\/gagnants-lasagnes.jpg","type":"image\/jpeg"}],"twitter_card":"summary_large_image","twitter_misc":{"Dur\u00e9e de lecture estim\u00e9e":"1 minute"},"schema":{"@context":"https:\/\/schema.org","@graph":[{"@type":"WebPage","@id":"https:\/\/wolvescharleroi.be\/?page_id=810","url":"https:\/\/wolvescharleroi.be\/?page_id=810","name":"Les Grands Gagnants de la Vente de Lasagnes - Wolves Charleroi","isPartOf":{"@id":"https:\/\/wolvescharleroi.be\/#website"},"primaryImageOfPage":{"@id":"https:\/\/wolvescharleroi.be\/?page_id=810#primaryimage"},"image":{"@id":"https:\/\/wolvescharleroi.be\/?page_id=810#primaryimage"},"thumbnailUrl":"https:\/\/wolvescharleroi.be\/wp-content\/uploads\/2025\/03\/gagnants-lasagnes-150x150.jpg","datePublished":"2025-03-13T12:23:11+00:00","breadcrumb":{"@id":"https:\/\/wolvescharleroi.be\/?page_id=810#breadcrumb"},"inLanguage":"fr-FR","potentialAction":[{"@type":"ReadAction","target":["https:\/\/wolvescharleroi.be\/?page_id=810"]}]},{"@type":"ImageObject","inLanguage":"fr-FR","@id":"https:\/\/wolvescharleroi.be\/?page_id=810#primaryimage","url":"https:\/\/wolvescharleroi.be\/wp-content\/uploads\/2025\/03\/gagnants-lasagnes.jpg","contentUrl":"https:\/\/wolvescharleroi.be\/wp-content\/uploads\/2025\/03\/gagnants-lasagnes.jpg","width":1080,"height":1080},{"@type":"BreadcrumbList","@id":"https:\/\/wolvescharleroi.be\/?page_id=810#breadcrumb","itemListElement":[{"@type":"ListItem","position":1,"name":"Accueil","item":"https:\/\/wolvescharleroi.be\/"},{"@type":"ListItem","position":2,"name":"Les Grands Gagnants de la Vente de Lasagnes"}]},{"@type":"WebSite","@id":"https:\/\/wolvescharleroi.be\/#website","url":"https:\/\/wolvescharleroi.be\/","name":"Wolves Charleroi","description":"","publisher":{"@id":"https:\/\/wolvescharleroi.be\/#organization"},"potentialAction":[{"@type":"SearchAction","target":{"@type":"EntryPoint","urlTemplate":"https:\/\/wolvescharleroi.be\/?s={search_term_string}"},"query-input":{"@type":"PropertyValueSpecification","valueRequired":true,"valueName":"search_term_string"}}],"inLanguage":"fr-FR"},{"@type":"Organization","@id":"https:\/\/wolvescharleroi.be\/#organization","name":"Wolves Charleroi","url":"https:\/\/wolvescharleroi.be\/","logo":{"@type":"ImageObject","inLanguage":"fr-FR","@id":"https:\/\/wolvescharleroi.be\/#\/schema\/logo\/image\/","url":"https:\/\/wolvescharleroi.be\/wp-content\/uploads\/2025\/11\/tete-site.jpg","contentUrl":"https:\/\/wolvescharleroi.be\/wp-content\/uploads\/2025\/11\/tete-site.jpg","width":510,"height":510,"caption":"Wolves Charleroi"},"image":{"@id":"https:\/\/wolvescharleroi.be\/#\/schema\/logo\/image\/"}}]}},"_links":{"self":[{"href":"https:\/\/wolvescharleroi.be\/index.php?rest_route=\/wp\/v2\/pages\/810","targetHints":{"allow":["GET"]}}],"collection":[{"href":"https:\/\/wolvescharleroi.be\/index.php?rest_route=\/wp\/v2\/pages"}],"about":[{"href":"https:\/\/wolvescharleroi.be\/index.php?rest_route=\/wp\/v2\/types\/page"}],"author":[{"embeddable":true,"href":"https:\/\/wolvescharleroi.be\/index.php?rest_route=\/wp\/v2\/users\/5"}],"replies":[{"embeddable":true,"href":"https:\/\/wolvescharleroi.be\/index.php?rest_route=%2Fwp%2Fv2%2Fcomments&post=810"}],"version-history":[{"count":1,"href":"https:\/\/wolvescharleroi.be\/index.php?rest_route=\/wp\/v2\/pages\/810\/revisions"}],"predecessor-version":[{"id":813,"href":"https:\/\/wolvescharleroi.be\/index.php?rest_route=\/wp\/v2\/pages\/810\/revisions\/813"}],"wp:attachment":[{"href":"https:\/\/wolvescharleroi.be\/index.php?rest_route=%2Fwp%2Fv2%2Fmedia&parent=810"}],"curies":[{"name":"wp","href":"https:\/\/api.w.org\/{rel}","templated":true}]}}