{"id":31,"date":"2024-12-14T12:39:19","date_gmt":"2024-12-14T11:39:19","guid":{"rendered":"http:\/\/wolvescharleroi.be\/?page_id=31"},"modified":"2025-08-25T16:49:03","modified_gmt":"2025-08-25T14:49:03","slug":"cotisations","status":"publish","type":"page","link":"https:\/\/wolvescharleroi.be\/?page_id=31","title":{"rendered":"Cotisations annuelles"},"content":{"rendered":"<table style=\"height: 207px; width: 32.1577%; border-collapse: collapse; border-style: solid; border-color: #000000;\">\n<tbody>\n<tr style=\"height: 23px;\">\n<td style=\"width: 10.8606%; height: 23px; background-color: #1000b5; border-style: solid; border-color: #000000;\"><strong><span style=\"font-family: arial, helvetica, sans-serif; color: #ffffff;\">CATEGORIES<\/span><\/strong><\/td>\n<td style=\"width: 5.56745%; height: 23px; background-color: #1000b5; border-style: solid; border-color: #000000;\"><strong><span style=\"font-family: arial, helvetica, sans-serif; color: #ffffff;\">COTISATION<\/span><\/strong><\/td>\n<\/tr>\n<tr style=\"height: 23px;\">\n<td style=\"width: 10.8606%; height: 23px; text-align: right; border-style: double; border-color: #000000;\"><span style=\"font-family: arial, helvetica, sans-serif; color: #000000;\">(1X semaine le samedi) D\u00e9butants\u00a0<\/span><\/td>\n<td style=\"width: 5.56745%; height: 23px; border-style: double; border-color: #000000;\"><span style=\"color: #000000;\"><strong><span style=\"font-family: arial, helvetica, sans-serif;\">\u00a0180\u20ac<\/span><\/strong><\/span><\/td>\n<\/tr>\n<tr style=\"height: 23px;\">\n<td style=\"width: 10.8606%; height: 23px; text-align: right; border-style: double; border-color: #000000;\"><span style=\"font-family: arial, helvetica, sans-serif; color: #000000;\">U10 \u00e0 U14\u00a0<\/span><\/td>\n<td style=\"width: 5.56745%; height: 23px; border-style: double; border-color: #000000;\"><span style=\"color: #000000;\"><strong><span style=\"font-family: arial, helvetica, sans-serif;\">\u00a0340\u20ac<\/span><\/strong><\/span><\/td>\n<\/tr>\n<tr style=\"height: 23px;\">\n<td style=\"width: 10.8606%; height: 23px; text-align: right; border-style: double; border-color: #000000;\"><span style=\"font-family: arial, helvetica, sans-serif; color: #000000;\">U16 \u00e0 U20\u00a0<\/span><\/td>\n<td style=\"width: 5.56745%; height: 23px; border-style: double; border-color: #000000;\"><span style=\"color: #000000;\"><strong><span style=\"font-family: arial, helvetica, sans-serif;\">\u00a0350\u20ac<\/span><\/strong><\/span><\/td>\n<\/tr>\n<tr style=\"height: 23px;\">\n<td style=\"width: 10.8606%; height: 23px; text-align: right; border-style: double; border-color: #000000;\"><span style=\"font-family: arial, helvetica, sans-serif; color: #000000;\">S\u00e9niors\u00a0<\/span><\/td>\n<td style=\"width: 5.56745%; height: 23px; border-style: double; border-color: #000000;\"><span style=\"color: #000000;\"><strong><span style=\"font-family: arial, helvetica, sans-serif;\">\u00a0360\u20ac<\/span><\/strong><\/span><\/td>\n<\/tr>\n<tr style=\"height: 23px;\">\n<td style=\"width: 10.8606%; height: 23px; text-align: right; border-style: double; border-color: #000000;\"><span style=\"font-family: arial, helvetica, sans-serif; color: #000000;\">Gardiens &gt;U12\u00a0<\/span><\/td>\n<td style=\"width: 5.56745%; height: 23px; border-style: double; border-color: #000000;\"><span style=\"color: #000000;\"><strong><span style=\"font-family: arial, helvetica, sans-serif;\">\u00a0210\u20ac<\/span><\/strong><\/span><\/td>\n<\/tr>\n<tr style=\"height: 23px;\">\n<td style=\"width: 10.8606%; height: 46px; border-style: solid; border-color: #000000;\" rowspan=\"2\"><span style=\"font-family: arial, helvetica, sans-serif; color: #000000;\">R\u00e9duction familles nombreuses<\/span><\/td>\n<td style=\"width: 5.56745%; height: 23px; border-style: solid; border-color: #000000;\"><span style=\"font-family: arial, helvetica, sans-serif; color: #000000;\">2\u00e8me cotisation -5%<\/span><\/td>\n<\/tr>\n<tr style=\"height: 23px;\">\n<td style=\"width: 5.56745%; height: 23px; border-style: solid; border-color: #000000;\"><span style=\"font-family: arial, helvetica, sans-serif; color: #000000;\">3\u00e8me cotisation -10%<\/span><\/td>\n<\/tr>\n<tr style=\"height: 23px;\">\n<td style=\"width: 16.4281%; height: 23px; border-style: solid; border-color: #000000;\" colspan=\"2\"><span style=\"font-family: arial, helvetica, sans-serif; color: #000000;\">La cotisation la plus \u00e9lev\u00e9e est consid\u00e9r\u00e9e comme premi\u00e8re cotisation<\/span><\/td>\n<\/tr>\n<\/tbody>\n<\/table>\n<p><span style=\"text-decoration: underline;\"><span style=\"font-family: arial, helvetica, sans-serif; font-size: 14pt; color: #ff0000; text-decoration: underline;\"><em><strong>RAPPEL<\/strong><\/em><\/span><\/span><br \/>\n<strong><span style=\"text-decoration: underline; font-family: arial, helvetica, sans-serif; font-size: 14pt; color: #000000;\">Pr\u00e9sence aux entrainements OBLIGATOIRE.<\/span><\/strong><br \/>\n<span style=\"font-family: arial, helvetica, sans-serif; font-size: 14pt; color: #000000;\">Le club organise des entrainements en fonction des cat\u00e9gories pour permettre aux joueurs de progresser dans le sport et d&rsquo;avoir une coh\u00e9sion sportive lors des matchs de championnat.<\/span><br \/>\n<span style=\"font-family: arial, helvetica, sans-serif; font-size: 14pt; color: #000000;\">Les joueurs sont tenus de venir \u00e0 chaque entrainement (<span style=\"text-decoration: underline;\"><em>sauf raison imp\u00e9rative justifi\u00e9e aupr\u00e8s de l&rsquo;entraineur<\/em><\/span>) et de ce fait la <\/span><span style=\"color: #ff0000;\"><span style=\"font-family: arial, helvetica, sans-serif; font-size: 14pt; color: #000000;\"><strong>cotisation est per\u00e7ue dans son int\u00e9gralit\u00e9.<br \/>\n<\/strong>Les cotisations sont \u00e0 verser en liquide ou par virement bancaire sur le compte: <strong>ING BE32 3630 3931 0302<\/strong> en communication <span style=\"color: #0000ff;\"><strong>NOM et PRENOM du JOUEUR<\/strong><\/span><\/span><strong><br \/>\n<\/strong><\/span><\/p>\n","protected":false},"excerpt":{"rendered":"<p>CATEGORIES COTISATION (1X semaine le samedi) D\u00e9butants\u00a0 \u00a0180\u20ac U10 \u00e0 U14\u00a0 \u00a0340\u20ac U16 \u00e0 U20\u00a0 \u00a0350\u20ac S\u00e9niors\u00a0 \u00a0360\u20ac Gardiens &gt;U12\u00a0 \u00a0210\u20ac R\u00e9duction familles nombreuses 2\u00e8me cotisation -5% 3\u00e8me cotisation -10% La cotisation la plus \u00e9lev\u00e9e est consid\u00e9r\u00e9e comme premi\u00e8re cotisation RAPPEL Pr\u00e9sence aux entrainements OBLIGATOIRE. Le club organise des entrainements en fonction des cat\u00e9gories pour&hellip; <br \/> <a class=\"read-more\" href=\"https:\/\/wolvescharleroi.be\/?page_id=31\">Lire la suite<\/a><\/p>\n","protected":false},"author":2,"featured_media":0,"parent":0,"menu_order":0,"comment_status":"closed","ping_status":"closed","template":"","meta":{"footnotes":""},"class_list":["post-31","page","type-page","status-publish","hentry"],"yoast_head":"<!-- This site is optimized with the Yoast SEO plugin v27.4 - https:\/\/yoast.com\/product\/yoast-seo-wordpress\/ -->\n<title>Cotisations annuelles - Wolves Charleroi<\/title>\n<meta name=\"robots\" content=\"index, follow, max-snippet:-1, max-image-preview:large, max-video-preview:-1\" \/>\n<link rel=\"canonical\" href=\"https:\/\/wolvescharleroi.be\/?page_id=31\" \/>\n<meta property=\"og:locale\" content=\"fr_FR\" \/>\n<meta property=\"og:type\" content=\"article\" \/>\n<meta property=\"og:title\" content=\"Cotisations annuelles - Wolves Charleroi\" \/>\n<meta property=\"og:description\" content=\"CATEGORIES COTISATION (1X semaine le samedi) D\u00e9butants\u00a0 \u00a0180\u20ac U10 \u00e0 U14\u00a0 \u00a0340\u20ac U16 \u00e0 U20\u00a0 \u00a0350\u20ac S\u00e9niors\u00a0 \u00a0360\u20ac Gardiens &gt;U12\u00a0 \u00a0210\u20ac R\u00e9duction familles nombreuses 2\u00e8me cotisation -5% 3\u00e8me cotisation -10% La cotisation la plus \u00e9lev\u00e9e est consid\u00e9r\u00e9e comme premi\u00e8re cotisation RAPPEL Pr\u00e9sence aux entrainements OBLIGATOIRE. Le club organise des entrainements en fonction des cat\u00e9gories pour&hellip; Lire la suite\" \/>\n<meta property=\"og:url\" content=\"https:\/\/wolvescharleroi.be\/?page_id=31\" \/>\n<meta property=\"og:site_name\" content=\"Wolves Charleroi\" \/>\n<meta property=\"article:modified_time\" content=\"2025-08-25T14:49:03+00:00\" \/>\n<meta name=\"twitter:card\" content=\"summary_large_image\" \/>\n<meta name=\"twitter:label1\" content=\"Dur\u00e9e de lecture estim\u00e9e\" \/>\n\t<meta name=\"twitter:data1\" content=\"1 minute\" \/>\n<script type=\"application\/ld+json\" class=\"yoast-schema-graph\">{\"@context\":\"https:\\\/\\\/schema.org\",\"@graph\":[{\"@type\":\"WebPage\",\"@id\":\"https:\\\/\\\/wolvescharleroi.be\\\/?page_id=31\",\"url\":\"https:\\\/\\\/wolvescharleroi.be\\\/?page_id=31\",\"name\":\"Cotisations annuelles - Wolves Charleroi\",\"isPartOf\":{\"@id\":\"https:\\\/\\\/wolvescharleroi.be\\\/#website\"},\"datePublished\":\"2024-12-14T11:39:19+00:00\",\"dateModified\":\"2025-08-25T14:49:03+00:00\",\"breadcrumb\":{\"@id\":\"https:\\\/\\\/wolvescharleroi.be\\\/?page_id=31#breadcrumb\"},\"inLanguage\":\"fr-FR\",\"potentialAction\":[{\"@type\":\"ReadAction\",\"target\":[\"https:\\\/\\\/wolvescharleroi.be\\\/?page_id=31\"]}]},{\"@type\":\"BreadcrumbList\",\"@id\":\"https:\\\/\\\/wolvescharleroi.be\\\/?page_id=31#breadcrumb\",\"itemListElement\":[{\"@type\":\"ListItem\",\"position\":1,\"name\":\"Accueil\",\"item\":\"https:\\\/\\\/wolvescharleroi.be\\\/\"},{\"@type\":\"ListItem\",\"position\":2,\"name\":\"Cotisations annuelles\"}]},{\"@type\":\"WebSite\",\"@id\":\"https:\\\/\\\/wolvescharleroi.be\\\/#website\",\"url\":\"https:\\\/\\\/wolvescharleroi.be\\\/\",\"name\":\"Wolves Charleroi\",\"description\":\"\",\"publisher\":{\"@id\":\"https:\\\/\\\/wolvescharleroi.be\\\/#organization\"},\"potentialAction\":[{\"@type\":\"SearchAction\",\"target\":{\"@type\":\"EntryPoint\",\"urlTemplate\":\"https:\\\/\\\/wolvescharleroi.be\\\/?s={search_term_string}\"},\"query-input\":{\"@type\":\"PropertyValueSpecification\",\"valueRequired\":true,\"valueName\":\"search_term_string\"}}],\"inLanguage\":\"fr-FR\"},{\"@type\":\"Organization\",\"@id\":\"https:\\\/\\\/wolvescharleroi.be\\\/#organization\",\"name\":\"Wolves Charleroi\",\"url\":\"https:\\\/\\\/wolvescharleroi.be\\\/\",\"logo\":{\"@type\":\"ImageObject\",\"inLanguage\":\"fr-FR\",\"@id\":\"https:\\\/\\\/wolvescharleroi.be\\\/#\\\/schema\\\/logo\\\/image\\\/\",\"url\":\"https:\\\/\\\/wolvescharleroi.be\\\/wp-content\\\/uploads\\\/2025\\\/11\\\/tete-site.jpg\",\"contentUrl\":\"https:\\\/\\\/wolvescharleroi.be\\\/wp-content\\\/uploads\\\/2025\\\/11\\\/tete-site.jpg\",\"width\":510,\"height\":510,\"caption\":\"Wolves Charleroi\"},\"image\":{\"@id\":\"https:\\\/\\\/wolvescharleroi.be\\\/#\\\/schema\\\/logo\\\/image\\\/\"}}]}<\/script>\n<!-- \/ Yoast SEO plugin. -->","yoast_head_json":{"title":"Cotisations annuelles - Wolves Charleroi","robots":{"index":"index","follow":"follow","max-snippet":"max-snippet:-1","max-image-preview":"max-image-preview:large","max-video-preview":"max-video-preview:-1"},"canonical":"https:\/\/wolvescharleroi.be\/?page_id=31","og_locale":"fr_FR","og_type":"article","og_title":"Cotisations annuelles - Wolves Charleroi","og_description":"CATEGORIES COTISATION (1X semaine le samedi) D\u00e9butants\u00a0 \u00a0180\u20ac U10 \u00e0 U14\u00a0 \u00a0340\u20ac U16 \u00e0 U20\u00a0 \u00a0350\u20ac S\u00e9niors\u00a0 \u00a0360\u20ac Gardiens &gt;U12\u00a0 \u00a0210\u20ac R\u00e9duction familles nombreuses 2\u00e8me cotisation -5% 3\u00e8me cotisation -10% La cotisation la plus \u00e9lev\u00e9e est consid\u00e9r\u00e9e comme premi\u00e8re cotisation RAPPEL Pr\u00e9sence aux entrainements OBLIGATOIRE. Le club organise des entrainements en fonction des cat\u00e9gories pour&hellip; Lire la suite","og_url":"https:\/\/wolvescharleroi.be\/?page_id=31","og_site_name":"Wolves Charleroi","article_modified_time":"2025-08-25T14:49:03+00:00","twitter_card":"summary_large_image","twitter_misc":{"Dur\u00e9e de lecture estim\u00e9e":"1 minute"},"schema":{"@context":"https:\/\/schema.org","@graph":[{"@type":"WebPage","@id":"https:\/\/wolvescharleroi.be\/?page_id=31","url":"https:\/\/wolvescharleroi.be\/?page_id=31","name":"Cotisations annuelles - Wolves Charleroi","isPartOf":{"@id":"https:\/\/wolvescharleroi.be\/#website"},"datePublished":"2024-12-14T11:39:19+00:00","dateModified":"2025-08-25T14:49:03+00:00","breadcrumb":{"@id":"https:\/\/wolvescharleroi.be\/?page_id=31#breadcrumb"},"inLanguage":"fr-FR","potentialAction":[{"@type":"ReadAction","target":["https:\/\/wolvescharleroi.be\/?page_id=31"]}]},{"@type":"BreadcrumbList","@id":"https:\/\/wolvescharleroi.be\/?page_id=31#breadcrumb","itemListElement":[{"@type":"ListItem","position":1,"name":"Accueil","item":"https:\/\/wolvescharleroi.be\/"},{"@type":"ListItem","position":2,"name":"Cotisations annuelles"}]},{"@type":"WebSite","@id":"https:\/\/wolvescharleroi.be\/#website","url":"https:\/\/wolvescharleroi.be\/","name":"Wolves Charleroi","description":"","publisher":{"@id":"https:\/\/wolvescharleroi.be\/#organization"},"potentialAction":[{"@type":"SearchAction","target":{"@type":"EntryPoint","urlTemplate":"https:\/\/wolvescharleroi.be\/?s={search_term_string}"},"query-input":{"@type":"PropertyValueSpecification","valueRequired":true,"valueName":"search_term_string"}}],"inLanguage":"fr-FR"},{"@type":"Organization","@id":"https:\/\/wolvescharleroi.be\/#organization","name":"Wolves Charleroi","url":"https:\/\/wolvescharleroi.be\/","logo":{"@type":"ImageObject","inLanguage":"fr-FR","@id":"https:\/\/wolvescharleroi.be\/#\/schema\/logo\/image\/","url":"https:\/\/wolvescharleroi.be\/wp-content\/uploads\/2025\/11\/tete-site.jpg","contentUrl":"https:\/\/wolvescharleroi.be\/wp-content\/uploads\/2025\/11\/tete-site.jpg","width":510,"height":510,"caption":"Wolves Charleroi"},"image":{"@id":"https:\/\/wolvescharleroi.be\/#\/schema\/logo\/image\/"}}]}},"_links":{"self":[{"href":"https:\/\/wolvescharleroi.be\/index.php?rest_route=\/wp\/v2\/pages\/31","targetHints":{"allow":["GET"]}}],"collection":[{"href":"https:\/\/wolvescharleroi.be\/index.php?rest_route=\/wp\/v2\/pages"}],"about":[{"href":"https:\/\/wolvescharleroi.be\/index.php?rest_route=\/wp\/v2\/types\/page"}],"author":[{"embeddable":true,"href":"https:\/\/wolvescharleroi.be\/index.php?rest_route=\/wp\/v2\/users\/2"}],"replies":[{"embeddable":true,"href":"https:\/\/wolvescharleroi.be\/index.php?rest_route=%2Fwp%2Fv2%2Fcomments&post=31"}],"version-history":[{"count":8,"href":"https:\/\/wolvescharleroi.be\/index.php?rest_route=\/wp\/v2\/pages\/31\/revisions"}],"predecessor-version":[{"id":1296,"href":"https:\/\/wolvescharleroi.be\/index.php?rest_route=\/wp\/v2\/pages\/31\/revisions\/1296"}],"wp:attachment":[{"href":"https:\/\/wolvescharleroi.be\/index.php?rest_route=%2Fwp%2Fv2%2Fmedia&parent=31"}],"curies":[{"name":"wp","href":"https:\/\/api.w.org\/{rel}","templated":true}]}}