{"id":1168,"date":"2025-05-20T14:41:16","date_gmt":"2025-05-20T12:41:16","guid":{"rendered":"https:\/\/wolvescharleroi.be\/?page_id=1168"},"modified":"2025-05-20T14:41:16","modified_gmt":"2025-05-20T12:41:16","slug":"envie-de-decouvrir-le-hockey","status":"publish","type":"page","link":"https:\/\/wolvescharleroi.be\/?page_id=1168","title":{"rendered":"Envie de d\u00e9couvrir le Hockey!!!"},"content":{"rendered":"<p><span style=\"font-family: 'arial black', sans-serif; font-size: 20px; color: #000000;\">INTERRESER!!!!<br \/>\n<img loading=\"lazy\" decoding=\"async\" class=\"alignnone  wp-image-1164\" src=\"https:\/\/wolvescharleroi.be\/wp-content\/uploads\/2025\/05\/affiche-106x150.jpg\" alt=\"\" width=\"146\" height=\"207\" srcset=\"https:\/\/wolvescharleroi.be\/wp-content\/uploads\/2025\/05\/affiche-106x150.jpg 106w, https:\/\/wolvescharleroi.be\/wp-content\/uploads\/2025\/05\/affiche.jpg 509w\" sizes=\"auto, (max-width: 146px) 100vw, 146px\" \/><br \/>\n<span style=\"font-family: arial, helvetica, sans-serif; font-size: 16px;\">Alors tu es \u00e0 la bonne adresse, am\u00e8ne-toi avec copines, copains et famille&#8230;&#8230;&#8230;<br \/>\n<span style=\"color: #ff0000;\"><strong>Ces 07 et 21 JUIN de 09H30 \u00e0 10H30<\/strong><\/span><br \/>\nNous organisons deux entra\u00eenements 100% gratuits. Tout le monde est le bienvenu pour essayer.<br \/>\nLes cartons d\u2019invitation sont pr\u00eats ! Demandez-les d\u00e8s maintenant &#8211; la grande distribution a commenc\u00e9.<br \/>\nEnvie de nous donner un coup de pouce ?<br \/>\nVous pouvez afficher notre flyer dans les commerces, magasins, \u00e9coles ou tout autre endroit fr\u00e9quent\u00e9.<br \/>\nChaque geste compte pour faire d\u00e9couvrir notre passion au plus grand nombre!<br \/>\n<\/span><a href=\"https:\/\/wolvescharleroi.be\/wp-content\/uploads\/2025\/05\/affiche.jpg\"><span style=\"font-size: 14px; color: #0000ff;\">\u00ab\u00a0T\u00e9l\u00e9charger le flyer\u00a0\u00bb<\/span><\/a><\/span><\/p>\n","protected":false},"excerpt":{"rendered":"<p>INTERRESER!!!! Alors tu es \u00e0 la bonne adresse, am\u00e8ne-toi avec copines, copains et famille&#8230;&#8230;&#8230; Ces 07 et 21 JUIN de 09H30 \u00e0 10H30 Nous organisons deux entra\u00eenements 100% gratuits. Tout le monde est le bienvenu pour essayer. Les cartons d\u2019invitation sont pr\u00eats ! Demandez-les d\u00e8s maintenant &#8211; la grande distribution a commenc\u00e9. Envie de nous&hellip; <br \/> <a class=\"read-more\" href=\"https:\/\/wolvescharleroi.be\/?page_id=1168\">Lire la suite<\/a><\/p>\n","protected":false},"author":5,"featured_media":0,"parent":9,"menu_order":0,"comment_status":"closed","ping_status":"closed","template":"","meta":{"footnotes":""},"class_list":["post-1168","page","type-page","status-publish","hentry"],"yoast_head":"<!-- This site is optimized with the Yoast SEO plugin v27.3 - https:\/\/yoast.com\/product\/yoast-seo-wordpress\/ -->\n<title>Envie de d\u00e9couvrir le Hockey!!! - Wolves Charleroi<\/title>\n<meta name=\"robots\" content=\"index, follow, max-snippet:-1, max-image-preview:large, max-video-preview:-1\" \/>\n<link rel=\"canonical\" href=\"https:\/\/wolvescharleroi.be\/?page_id=1168\" \/>\n<meta property=\"og:locale\" content=\"fr_FR\" \/>\n<meta property=\"og:type\" content=\"article\" \/>\n<meta property=\"og:title\" content=\"Envie de d\u00e9couvrir le Hockey!!! - Wolves Charleroi\" \/>\n<meta property=\"og:description\" content=\"INTERRESER!!!! Alors tu es \u00e0 la bonne adresse, am\u00e8ne-toi avec copines, copains et famille&#8230;&#8230;&#8230; Ces 07 et 21 JUIN de 09H30 \u00e0 10H30 Nous organisons deux entra\u00eenements 100% gratuits. Tout le monde est le bienvenu pour essayer. Les cartons d\u2019invitation sont pr\u00eats ! Demandez-les d\u00e8s maintenant &#8211; la grande distribution a commenc\u00e9. Envie de nous&hellip; Lire la suite\" \/>\n<meta property=\"og:url\" content=\"https:\/\/wolvescharleroi.be\/?page_id=1168\" \/>\n<meta property=\"og:site_name\" content=\"Wolves Charleroi\" \/>\n<meta property=\"og:image\" content=\"https:\/\/wolvescharleroi.be\/wp-content\/uploads\/2025\/05\/affiche.jpg\" \/>\n\t<meta property=\"og:image:width\" content=\"509\" \/>\n\t<meta property=\"og:image:height\" content=\"720\" \/>\n\t<meta property=\"og:image:type\" content=\"image\/jpeg\" \/>\n<meta name=\"twitter:card\" content=\"summary_large_image\" \/>\n<meta name=\"twitter:label1\" content=\"Dur\u00e9e de lecture estim\u00e9e\" \/>\n\t<meta name=\"twitter:data1\" content=\"1 minute\" \/>\n<script type=\"application\/ld+json\" class=\"yoast-schema-graph\">{\"@context\":\"https:\\\/\\\/schema.org\",\"@graph\":[{\"@type\":\"WebPage\",\"@id\":\"https:\\\/\\\/wolvescharleroi.be\\\/?page_id=1168\",\"url\":\"https:\\\/\\\/wolvescharleroi.be\\\/?page_id=1168\",\"name\":\"Envie de d\u00e9couvrir le Hockey!!! - Wolves Charleroi\",\"isPartOf\":{\"@id\":\"https:\\\/\\\/wolvescharleroi.be\\\/#website\"},\"primaryImageOfPage\":{\"@id\":\"https:\\\/\\\/wolvescharleroi.be\\\/?page_id=1168#primaryimage\"},\"image\":{\"@id\":\"https:\\\/\\\/wolvescharleroi.be\\\/?page_id=1168#primaryimage\"},\"thumbnailUrl\":\"https:\\\/\\\/wolvescharleroi.be\\\/wp-content\\\/uploads\\\/2025\\\/05\\\/affiche-106x150.jpg\",\"datePublished\":\"2025-05-20T12:41:16+00:00\",\"breadcrumb\":{\"@id\":\"https:\\\/\\\/wolvescharleroi.be\\\/?page_id=1168#breadcrumb\"},\"inLanguage\":\"fr-FR\",\"potentialAction\":[{\"@type\":\"ReadAction\",\"target\":[\"https:\\\/\\\/wolvescharleroi.be\\\/?page_id=1168\"]}]},{\"@type\":\"ImageObject\",\"inLanguage\":\"fr-FR\",\"@id\":\"https:\\\/\\\/wolvescharleroi.be\\\/?page_id=1168#primaryimage\",\"url\":\"https:\\\/\\\/wolvescharleroi.be\\\/wp-content\\\/uploads\\\/2025\\\/05\\\/affiche.jpg\",\"contentUrl\":\"https:\\\/\\\/wolvescharleroi.be\\\/wp-content\\\/uploads\\\/2025\\\/05\\\/affiche.jpg\",\"width\":509,\"height\":720},{\"@type\":\"BreadcrumbList\",\"@id\":\"https:\\\/\\\/wolvescharleroi.be\\\/?page_id=1168#breadcrumb\",\"itemListElement\":[{\"@type\":\"ListItem\",\"position\":1,\"name\":\"Accueil\",\"item\":\"https:\\\/\\\/wolvescharleroi.be\\\/\"},{\"@type\":\"ListItem\",\"position\":2,\"name\":\"Accueil\",\"item\":\"https:\\\/\\\/wolvescharleroi.be\\\/?page_id=9\"},{\"@type\":\"ListItem\",\"position\":3,\"name\":\"Envie de d\u00e9couvrir le Hockey!!!\"}]},{\"@type\":\"WebSite\",\"@id\":\"https:\\\/\\\/wolvescharleroi.be\\\/#website\",\"url\":\"https:\\\/\\\/wolvescharleroi.be\\\/\",\"name\":\"Wolves Charleroi\",\"description\":\"\",\"publisher\":{\"@id\":\"https:\\\/\\\/wolvescharleroi.be\\\/#organization\"},\"potentialAction\":[{\"@type\":\"SearchAction\",\"target\":{\"@type\":\"EntryPoint\",\"urlTemplate\":\"https:\\\/\\\/wolvescharleroi.be\\\/?s={search_term_string}\"},\"query-input\":{\"@type\":\"PropertyValueSpecification\",\"valueRequired\":true,\"valueName\":\"search_term_string\"}}],\"inLanguage\":\"fr-FR\"},{\"@type\":\"Organization\",\"@id\":\"https:\\\/\\\/wolvescharleroi.be\\\/#organization\",\"name\":\"Wolves Charleroi\",\"url\":\"https:\\\/\\\/wolvescharleroi.be\\\/\",\"logo\":{\"@type\":\"ImageObject\",\"inLanguage\":\"fr-FR\",\"@id\":\"https:\\\/\\\/wolvescharleroi.be\\\/#\\\/schema\\\/logo\\\/image\\\/\",\"url\":\"https:\\\/\\\/wolvescharleroi.be\\\/wp-content\\\/uploads\\\/2025\\\/11\\\/tete-site.jpg\",\"contentUrl\":\"https:\\\/\\\/wolvescharleroi.be\\\/wp-content\\\/uploads\\\/2025\\\/11\\\/tete-site.jpg\",\"width\":510,\"height\":510,\"caption\":\"Wolves Charleroi\"},\"image\":{\"@id\":\"https:\\\/\\\/wolvescharleroi.be\\\/#\\\/schema\\\/logo\\\/image\\\/\"}}]}<\/script>\n<!-- \/ Yoast SEO plugin. -->","yoast_head_json":{"title":"Envie de d\u00e9couvrir le Hockey!!! - Wolves Charleroi","robots":{"index":"index","follow":"follow","max-snippet":"max-snippet:-1","max-image-preview":"max-image-preview:large","max-video-preview":"max-video-preview:-1"},"canonical":"https:\/\/wolvescharleroi.be\/?page_id=1168","og_locale":"fr_FR","og_type":"article","og_title":"Envie de d\u00e9couvrir le Hockey!!! - Wolves Charleroi","og_description":"INTERRESER!!!! Alors tu es \u00e0 la bonne adresse, am\u00e8ne-toi avec copines, copains et famille&#8230;&#8230;&#8230; Ces 07 et 21 JUIN de 09H30 \u00e0 10H30 Nous organisons deux entra\u00eenements 100% gratuits. Tout le monde est le bienvenu pour essayer. Les cartons d\u2019invitation sont pr\u00eats ! Demandez-les d\u00e8s maintenant &#8211; la grande distribution a commenc\u00e9. Envie de nous&hellip; Lire la suite","og_url":"https:\/\/wolvescharleroi.be\/?page_id=1168","og_site_name":"Wolves Charleroi","og_image":[{"width":509,"height":720,"url":"https:\/\/wolvescharleroi.be\/wp-content\/uploads\/2025\/05\/affiche.jpg","type":"image\/jpeg"}],"twitter_card":"summary_large_image","twitter_misc":{"Dur\u00e9e de lecture estim\u00e9e":"1 minute"},"schema":{"@context":"https:\/\/schema.org","@graph":[{"@type":"WebPage","@id":"https:\/\/wolvescharleroi.be\/?page_id=1168","url":"https:\/\/wolvescharleroi.be\/?page_id=1168","name":"Envie de d\u00e9couvrir le Hockey!!! - Wolves Charleroi","isPartOf":{"@id":"https:\/\/wolvescharleroi.be\/#website"},"primaryImageOfPage":{"@id":"https:\/\/wolvescharleroi.be\/?page_id=1168#primaryimage"},"image":{"@id":"https:\/\/wolvescharleroi.be\/?page_id=1168#primaryimage"},"thumbnailUrl":"https:\/\/wolvescharleroi.be\/wp-content\/uploads\/2025\/05\/affiche-106x150.jpg","datePublished":"2025-05-20T12:41:16+00:00","breadcrumb":{"@id":"https:\/\/wolvescharleroi.be\/?page_id=1168#breadcrumb"},"inLanguage":"fr-FR","potentialAction":[{"@type":"ReadAction","target":["https:\/\/wolvescharleroi.be\/?page_id=1168"]}]},{"@type":"ImageObject","inLanguage":"fr-FR","@id":"https:\/\/wolvescharleroi.be\/?page_id=1168#primaryimage","url":"https:\/\/wolvescharleroi.be\/wp-content\/uploads\/2025\/05\/affiche.jpg","contentUrl":"https:\/\/wolvescharleroi.be\/wp-content\/uploads\/2025\/05\/affiche.jpg","width":509,"height":720},{"@type":"BreadcrumbList","@id":"https:\/\/wolvescharleroi.be\/?page_id=1168#breadcrumb","itemListElement":[{"@type":"ListItem","position":1,"name":"Accueil","item":"https:\/\/wolvescharleroi.be\/"},{"@type":"ListItem","position":2,"name":"Accueil","item":"https:\/\/wolvescharleroi.be\/?page_id=9"},{"@type":"ListItem","position":3,"name":"Envie de d\u00e9couvrir le Hockey!!!"}]},{"@type":"WebSite","@id":"https:\/\/wolvescharleroi.be\/#website","url":"https:\/\/wolvescharleroi.be\/","name":"Wolves Charleroi","description":"","publisher":{"@id":"https:\/\/wolvescharleroi.be\/#organization"},"potentialAction":[{"@type":"SearchAction","target":{"@type":"EntryPoint","urlTemplate":"https:\/\/wolvescharleroi.be\/?s={search_term_string}"},"query-input":{"@type":"PropertyValueSpecification","valueRequired":true,"valueName":"search_term_string"}}],"inLanguage":"fr-FR"},{"@type":"Organization","@id":"https:\/\/wolvescharleroi.be\/#organization","name":"Wolves Charleroi","url":"https:\/\/wolvescharleroi.be\/","logo":{"@type":"ImageObject","inLanguage":"fr-FR","@id":"https:\/\/wolvescharleroi.be\/#\/schema\/logo\/image\/","url":"https:\/\/wolvescharleroi.be\/wp-content\/uploads\/2025\/11\/tete-site.jpg","contentUrl":"https:\/\/wolvescharleroi.be\/wp-content\/uploads\/2025\/11\/tete-site.jpg","width":510,"height":510,"caption":"Wolves Charleroi"},"image":{"@id":"https:\/\/wolvescharleroi.be\/#\/schema\/logo\/image\/"}}]}},"_links":{"self":[{"href":"https:\/\/wolvescharleroi.be\/index.php?rest_route=\/wp\/v2\/pages\/1168","targetHints":{"allow":["GET"]}}],"collection":[{"href":"https:\/\/wolvescharleroi.be\/index.php?rest_route=\/wp\/v2\/pages"}],"about":[{"href":"https:\/\/wolvescharleroi.be\/index.php?rest_route=\/wp\/v2\/types\/page"}],"author":[{"embeddable":true,"href":"https:\/\/wolvescharleroi.be\/index.php?rest_route=\/wp\/v2\/users\/5"}],"replies":[{"embeddable":true,"href":"https:\/\/wolvescharleroi.be\/index.php?rest_route=%2Fwp%2Fv2%2Fcomments&post=1168"}],"version-history":[{"count":1,"href":"https:\/\/wolvescharleroi.be\/index.php?rest_route=\/wp\/v2\/pages\/1168\/revisions"}],"predecessor-version":[{"id":1169,"href":"https:\/\/wolvescharleroi.be\/index.php?rest_route=\/wp\/v2\/pages\/1168\/revisions\/1169"}],"up":[{"embeddable":true,"href":"https:\/\/wolvescharleroi.be\/index.php?rest_route=\/wp\/v2\/pages\/9"}],"wp:attachment":[{"href":"https:\/\/wolvescharleroi.be\/index.php?rest_route=%2Fwp%2Fv2%2Fmedia&parent=1168"}],"curies":[{"name":"wp","href":"https:\/\/api.w.org\/{rel}","templated":true}]}}