{"id":1159,"date":"2025-05-20T14:09:22","date_gmt":"2025-05-20T12:09:22","guid":{"rendered":"https:\/\/wolvescharleroi.be\/?page_id=1159"},"modified":"2025-05-20T14:11:15","modified_gmt":"2025-05-20T12:11:15","slug":"dernier-tournoi-de-la-saison-de-nos-u12","status":"publish","type":"page","link":"https:\/\/wolvescharleroi.be\/?page_id=1159","title":{"rendered":"Dernier tournoi de la saison de nos U12"},"content":{"rendered":"<p><span style=\"color: #000000; font-family: arial, helvetica, sans-serif; font-size: 20px;\">Quels matchs! <\/span><span style=\"color: #000000; font-family: arial, helvetica, sans-serif;\"><span style=\"font-size: 20px;\">Quelle \u00e9volution!<br \/>\n<img loading=\"lazy\" decoding=\"async\" class=\"alignnone wp-image-1158\" src=\"https:\/\/wolvescharleroi.be\/wp-content\/uploads\/2025\/05\/photo-150x150.jpg\" alt=\"\" width=\"284\" height=\"284\" srcset=\"https:\/\/wolvescharleroi.be\/wp-content\/uploads\/2025\/05\/photo-150x150.jpg 150w, https:\/\/wolvescharleroi.be\/wp-content\/uploads\/2025\/05\/photo-1024x1024.jpg 1024w, https:\/\/wolvescharleroi.be\/wp-content\/uploads\/2025\/05\/photo-75x75.jpg 75w, https:\/\/wolvescharleroi.be\/wp-content\/uploads\/2025\/05\/photo-768x768.jpg 768w, https:\/\/wolvescharleroi.be\/wp-content\/uploads\/2025\/05\/photo-1080x1080.jpg 1080w, https:\/\/wolvescharleroi.be\/wp-content\/uploads\/2025\/05\/photo.jpg 1440w\" sizes=\"auto, (max-width: 284px) 100vw, 284px\" \/><br \/>\n<\/span>Une saison qui se termine en beaut\u00e9 avec des progressions magnifiques de tous nos joueurs. <\/span><span style=\"color: #000000; font-family: arial, helvetica, sans-serif;\">Nous avons align\u00e9 encore une fois une arm\u00e9e&#8230;<br \/>\nLa feuille de match \u00e9tait compl\u00e8te (et 3 joueurs \u00e9taient en pens\u00e9es avec nous!).<\/span><br \/>\n<span style=\"color: #000000; font-family: arial, helvetica, sans-serif;\">Nos petits loups nous ont montr\u00e9 du grand jeu, un travail d&rsquo;\u00e9quipe, une coh\u00e9sion de groupe, du fair-play,&#8230;<br \/>\nC\u2019\u00e9tait beau \u00e0 voir! Bravo les loups pour tout ce chemin parcouru, vous pouvez \u00eatre fiers de vous!<\/span><br \/>\n<span style=\"color: #000000; font-family: arial, helvetica, sans-serif;\">Notre club, nos coachs ont fait un travail \u00e9norme pour motiver les plus jeunes et c&rsquo;est mission accomplie. <\/span><br \/>\n<span style=\"color: #000000; font-family: arial, helvetica, sans-serif;\">Merci Edouard pour tout le travail que tu fais dans l&rsquo;ombre (de recrutement, d&rsquo;\u00e9v\u00e9nements,&#8230;).<br \/>\nC&rsquo;est une chance de t&rsquo;avoir.<\/span><br \/>\n<span style=\"color: #000000; font-family: arial, helvetica, sans-serif;\">R\u00e9sultats du jour: <\/span><br \/>\n<span style=\"color: #000000; font-family: arial, helvetica, sans-serif;\">\u274c\ufe0f WOL vs HUS 1 &#8211; 2.<\/span><br \/>\n<span style=\"color: #000000; font-family: arial, helvetica, sans-serif;\">\u2705\ufe0f WOL vs LAP 6 &#8211; 0.<\/span><br \/>\n<span style=\"color: #000000; font-family: arial, helvetica, sans-serif;\">\u2705\ufe0f DOG\/SPN vs WOL 0 &#8211; 12. <\/span><br \/>\n<span style=\"color: #000000; font-family: arial, helvetica, sans-serif;\">Merci Freddy d&rsquo;avoir coach\u00e9 nos loups ce jour et tous les autres. Freddy toujours pr\u00e9sent!<br \/>\nMerci \u00e0 Xavier et JP d&rsquo;avoir g\u00e9r\u00e9 les multiples bobos aujourd&rsquo;hui et assist\u00e9 Freddy avec toute la marmaille.<br \/>\nBon dafalgan<\/span><br \/>\n<span style=\"text-decoration: underline;\"><em><span style=\"color: #000000; font-family: arial, helvetica, sans-serif; text-decoration: underline;\">Merci aux Dogs pour l&rsquo;accueil, c&rsquo;\u00e9tait top!<\/span><\/em><\/span><\/p>\n","protected":false},"excerpt":{"rendered":"<p>Quels matchs! Quelle \u00e9volution! Une saison qui se termine en beaut\u00e9 avec des progressions magnifiques de tous nos joueurs. Nous avons align\u00e9 encore une fois une arm\u00e9e&#8230; La feuille de match \u00e9tait compl\u00e8te (et 3 joueurs \u00e9taient en pens\u00e9es avec nous!). Nos petits loups nous ont montr\u00e9 du grand jeu, un travail d&rsquo;\u00e9quipe, une coh\u00e9sion&hellip; <br \/> <a class=\"read-more\" href=\"https:\/\/wolvescharleroi.be\/?page_id=1159\">Lire la suite<\/a><\/p>\n","protected":false},"author":5,"featured_media":1158,"parent":25,"menu_order":0,"comment_status":"closed","ping_status":"closed","template":"","meta":{"footnotes":""},"class_list":["post-1159","page","type-page","status-publish","has-post-thumbnail","hentry"],"yoast_head":"<!-- This site is optimized with the Yoast SEO plugin v27.3 - https:\/\/yoast.com\/product\/yoast-seo-wordpress\/ -->\n<title>Dernier tournoi de la saison de nos U12 - Wolves Charleroi<\/title>\n<meta name=\"robots\" content=\"index, follow, max-snippet:-1, max-image-preview:large, max-video-preview:-1\" \/>\n<link rel=\"canonical\" href=\"https:\/\/wolvescharleroi.be\/?page_id=1159\" \/>\n<meta property=\"og:locale\" content=\"fr_FR\" \/>\n<meta property=\"og:type\" content=\"article\" \/>\n<meta property=\"og:title\" content=\"Dernier tournoi de la saison de nos U12 - Wolves Charleroi\" \/>\n<meta property=\"og:description\" content=\"Quels matchs! Quelle \u00e9volution! Une saison qui se termine en beaut\u00e9 avec des progressions magnifiques de tous nos joueurs. Nous avons align\u00e9 encore une fois une arm\u00e9e&#8230; La feuille de match \u00e9tait compl\u00e8te (et 3 joueurs \u00e9taient en pens\u00e9es avec nous!). Nos petits loups nous ont montr\u00e9 du grand jeu, un travail d&rsquo;\u00e9quipe, une coh\u00e9sion&hellip; Lire la suite\" \/>\n<meta property=\"og:url\" content=\"https:\/\/wolvescharleroi.be\/?page_id=1159\" \/>\n<meta property=\"og:site_name\" content=\"Wolves Charleroi\" \/>\n<meta property=\"article:modified_time\" content=\"2025-05-20T12:11:15+00:00\" \/>\n<meta property=\"og:image\" content=\"https:\/\/wolvescharleroi.be\/wp-content\/uploads\/2025\/05\/photo.jpg\" \/>\n\t<meta property=\"og:image:width\" content=\"1440\" \/>\n\t<meta property=\"og:image:height\" content=\"1440\" \/>\n\t<meta property=\"og:image:type\" content=\"image\/jpeg\" \/>\n<meta name=\"twitter:card\" content=\"summary_large_image\" \/>\n<meta name=\"twitter:label1\" content=\"Dur\u00e9e de lecture estim\u00e9e\" \/>\n\t<meta name=\"twitter:data1\" content=\"2 minutes\" \/>\n<script type=\"application\/ld+json\" class=\"yoast-schema-graph\">{\"@context\":\"https:\\\/\\\/schema.org\",\"@graph\":[{\"@type\":\"WebPage\",\"@id\":\"https:\\\/\\\/wolvescharleroi.be\\\/?page_id=1159\",\"url\":\"https:\\\/\\\/wolvescharleroi.be\\\/?page_id=1159\",\"name\":\"Dernier tournoi de la saison de nos U12 - Wolves Charleroi\",\"isPartOf\":{\"@id\":\"https:\\\/\\\/wolvescharleroi.be\\\/#website\"},\"primaryImageOfPage\":{\"@id\":\"https:\\\/\\\/wolvescharleroi.be\\\/?page_id=1159#primaryimage\"},\"image\":{\"@id\":\"https:\\\/\\\/wolvescharleroi.be\\\/?page_id=1159#primaryimage\"},\"thumbnailUrl\":\"https:\\\/\\\/wolvescharleroi.be\\\/wp-content\\\/uploads\\\/2025\\\/05\\\/photo.jpg\",\"datePublished\":\"2025-05-20T12:09:22+00:00\",\"dateModified\":\"2025-05-20T12:11:15+00:00\",\"breadcrumb\":{\"@id\":\"https:\\\/\\\/wolvescharleroi.be\\\/?page_id=1159#breadcrumb\"},\"inLanguage\":\"fr-FR\",\"potentialAction\":[{\"@type\":\"ReadAction\",\"target\":[\"https:\\\/\\\/wolvescharleroi.be\\\/?page_id=1159\"]}]},{\"@type\":\"ImageObject\",\"inLanguage\":\"fr-FR\",\"@id\":\"https:\\\/\\\/wolvescharleroi.be\\\/?page_id=1159#primaryimage\",\"url\":\"https:\\\/\\\/wolvescharleroi.be\\\/wp-content\\\/uploads\\\/2025\\\/05\\\/photo.jpg\",\"contentUrl\":\"https:\\\/\\\/wolvescharleroi.be\\\/wp-content\\\/uploads\\\/2025\\\/05\\\/photo.jpg\",\"width\":1440,\"height\":1440},{\"@type\":\"BreadcrumbList\",\"@id\":\"https:\\\/\\\/wolvescharleroi.be\\\/?page_id=1159#breadcrumb\",\"itemListElement\":[{\"@type\":\"ListItem\",\"position\":1,\"name\":\"Accueil\",\"item\":\"https:\\\/\\\/wolvescharleroi.be\\\/\"},{\"@type\":\"ListItem\",\"position\":2,\"name\":\"Accueil\",\"item\":\"https:\\\/\\\/wolvescharleroi.be\\\/?page_id=9\"},{\"@type\":\"ListItem\",\"position\":3,\"name\":\"Nouvelles du club\",\"item\":\"https:\\\/\\\/wolvescharleroi.be\\\/?page_id=25\"},{\"@type\":\"ListItem\",\"position\":4,\"name\":\"Dernier tournoi de la saison de nos U12\"}]},{\"@type\":\"WebSite\",\"@id\":\"https:\\\/\\\/wolvescharleroi.be\\\/#website\",\"url\":\"https:\\\/\\\/wolvescharleroi.be\\\/\",\"name\":\"Wolves Charleroi\",\"description\":\"\",\"publisher\":{\"@id\":\"https:\\\/\\\/wolvescharleroi.be\\\/#organization\"},\"potentialAction\":[{\"@type\":\"SearchAction\",\"target\":{\"@type\":\"EntryPoint\",\"urlTemplate\":\"https:\\\/\\\/wolvescharleroi.be\\\/?s={search_term_string}\"},\"query-input\":{\"@type\":\"PropertyValueSpecification\",\"valueRequired\":true,\"valueName\":\"search_term_string\"}}],\"inLanguage\":\"fr-FR\"},{\"@type\":\"Organization\",\"@id\":\"https:\\\/\\\/wolvescharleroi.be\\\/#organization\",\"name\":\"Wolves Charleroi\",\"url\":\"https:\\\/\\\/wolvescharleroi.be\\\/\",\"logo\":{\"@type\":\"ImageObject\",\"inLanguage\":\"fr-FR\",\"@id\":\"https:\\\/\\\/wolvescharleroi.be\\\/#\\\/schema\\\/logo\\\/image\\\/\",\"url\":\"https:\\\/\\\/wolvescharleroi.be\\\/wp-content\\\/uploads\\\/2025\\\/11\\\/tete-site.jpg\",\"contentUrl\":\"https:\\\/\\\/wolvescharleroi.be\\\/wp-content\\\/uploads\\\/2025\\\/11\\\/tete-site.jpg\",\"width\":510,\"height\":510,\"caption\":\"Wolves Charleroi\"},\"image\":{\"@id\":\"https:\\\/\\\/wolvescharleroi.be\\\/#\\\/schema\\\/logo\\\/image\\\/\"}}]}<\/script>\n<!-- \/ Yoast SEO plugin. -->","yoast_head_json":{"title":"Dernier tournoi de la saison de nos U12 - Wolves Charleroi","robots":{"index":"index","follow":"follow","max-snippet":"max-snippet:-1","max-image-preview":"max-image-preview:large","max-video-preview":"max-video-preview:-1"},"canonical":"https:\/\/wolvescharleroi.be\/?page_id=1159","og_locale":"fr_FR","og_type":"article","og_title":"Dernier tournoi de la saison de nos U12 - Wolves Charleroi","og_description":"Quels matchs! Quelle \u00e9volution! Une saison qui se termine en beaut\u00e9 avec des progressions magnifiques de tous nos joueurs. Nous avons align\u00e9 encore une fois une arm\u00e9e&#8230; La feuille de match \u00e9tait compl\u00e8te (et 3 joueurs \u00e9taient en pens\u00e9es avec nous!). Nos petits loups nous ont montr\u00e9 du grand jeu, un travail d&rsquo;\u00e9quipe, une coh\u00e9sion&hellip; Lire la suite","og_url":"https:\/\/wolvescharleroi.be\/?page_id=1159","og_site_name":"Wolves Charleroi","article_modified_time":"2025-05-20T12:11:15+00:00","og_image":[{"width":1440,"height":1440,"url":"https:\/\/wolvescharleroi.be\/wp-content\/uploads\/2025\/05\/photo.jpg","type":"image\/jpeg"}],"twitter_card":"summary_large_image","twitter_misc":{"Dur\u00e9e de lecture estim\u00e9e":"2 minutes"},"schema":{"@context":"https:\/\/schema.org","@graph":[{"@type":"WebPage","@id":"https:\/\/wolvescharleroi.be\/?page_id=1159","url":"https:\/\/wolvescharleroi.be\/?page_id=1159","name":"Dernier tournoi de la saison de nos U12 - Wolves Charleroi","isPartOf":{"@id":"https:\/\/wolvescharleroi.be\/#website"},"primaryImageOfPage":{"@id":"https:\/\/wolvescharleroi.be\/?page_id=1159#primaryimage"},"image":{"@id":"https:\/\/wolvescharleroi.be\/?page_id=1159#primaryimage"},"thumbnailUrl":"https:\/\/wolvescharleroi.be\/wp-content\/uploads\/2025\/05\/photo.jpg","datePublished":"2025-05-20T12:09:22+00:00","dateModified":"2025-05-20T12:11:15+00:00","breadcrumb":{"@id":"https:\/\/wolvescharleroi.be\/?page_id=1159#breadcrumb"},"inLanguage":"fr-FR","potentialAction":[{"@type":"ReadAction","target":["https:\/\/wolvescharleroi.be\/?page_id=1159"]}]},{"@type":"ImageObject","inLanguage":"fr-FR","@id":"https:\/\/wolvescharleroi.be\/?page_id=1159#primaryimage","url":"https:\/\/wolvescharleroi.be\/wp-content\/uploads\/2025\/05\/photo.jpg","contentUrl":"https:\/\/wolvescharleroi.be\/wp-content\/uploads\/2025\/05\/photo.jpg","width":1440,"height":1440},{"@type":"BreadcrumbList","@id":"https:\/\/wolvescharleroi.be\/?page_id=1159#breadcrumb","itemListElement":[{"@type":"ListItem","position":1,"name":"Accueil","item":"https:\/\/wolvescharleroi.be\/"},{"@type":"ListItem","position":2,"name":"Accueil","item":"https:\/\/wolvescharleroi.be\/?page_id=9"},{"@type":"ListItem","position":3,"name":"Nouvelles du club","item":"https:\/\/wolvescharleroi.be\/?page_id=25"},{"@type":"ListItem","position":4,"name":"Dernier tournoi de la saison de nos U12"}]},{"@type":"WebSite","@id":"https:\/\/wolvescharleroi.be\/#website","url":"https:\/\/wolvescharleroi.be\/","name":"Wolves Charleroi","description":"","publisher":{"@id":"https:\/\/wolvescharleroi.be\/#organization"},"potentialAction":[{"@type":"SearchAction","target":{"@type":"EntryPoint","urlTemplate":"https:\/\/wolvescharleroi.be\/?s={search_term_string}"},"query-input":{"@type":"PropertyValueSpecification","valueRequired":true,"valueName":"search_term_string"}}],"inLanguage":"fr-FR"},{"@type":"Organization","@id":"https:\/\/wolvescharleroi.be\/#organization","name":"Wolves Charleroi","url":"https:\/\/wolvescharleroi.be\/","logo":{"@type":"ImageObject","inLanguage":"fr-FR","@id":"https:\/\/wolvescharleroi.be\/#\/schema\/logo\/image\/","url":"https:\/\/wolvescharleroi.be\/wp-content\/uploads\/2025\/11\/tete-site.jpg","contentUrl":"https:\/\/wolvescharleroi.be\/wp-content\/uploads\/2025\/11\/tete-site.jpg","width":510,"height":510,"caption":"Wolves Charleroi"},"image":{"@id":"https:\/\/wolvescharleroi.be\/#\/schema\/logo\/image\/"}}]}},"_links":{"self":[{"href":"https:\/\/wolvescharleroi.be\/index.php?rest_route=\/wp\/v2\/pages\/1159","targetHints":{"allow":["GET"]}}],"collection":[{"href":"https:\/\/wolvescharleroi.be\/index.php?rest_route=\/wp\/v2\/pages"}],"about":[{"href":"https:\/\/wolvescharleroi.be\/index.php?rest_route=\/wp\/v2\/types\/page"}],"author":[{"embeddable":true,"href":"https:\/\/wolvescharleroi.be\/index.php?rest_route=\/wp\/v2\/users\/5"}],"replies":[{"embeddable":true,"href":"https:\/\/wolvescharleroi.be\/index.php?rest_route=%2Fwp%2Fv2%2Fcomments&post=1159"}],"version-history":[{"count":1,"href":"https:\/\/wolvescharleroi.be\/index.php?rest_route=\/wp\/v2\/pages\/1159\/revisions"}],"predecessor-version":[{"id":1160,"href":"https:\/\/wolvescharleroi.be\/index.php?rest_route=\/wp\/v2\/pages\/1159\/revisions\/1160"}],"up":[{"embeddable":true,"href":"https:\/\/wolvescharleroi.be\/index.php?rest_route=\/wp\/v2\/pages\/25"}],"wp:featuredmedia":[{"embeddable":true,"href":"https:\/\/wolvescharleroi.be\/index.php?rest_route=\/wp\/v2\/media\/1158"}],"wp:attachment":[{"href":"https:\/\/wolvescharleroi.be\/index.php?rest_route=%2Fwp%2Fv2%2Fmedia&parent=1159"}],"curies":[{"name":"wp","href":"https:\/\/api.w.org\/{rel}","templated":true}]}}