{"id":1147,"date":"2025-05-15T18:50:42","date_gmt":"2025-05-15T16:50:42","guid":{"rendered":"https:\/\/wolvescharleroi.be\/?page_id=1147"},"modified":"2025-05-15T18:50:42","modified_gmt":"2025-05-15T16:50:42","slug":"formation-en-ligne-de-referee-2024-2025","status":"publish","type":"page","link":"https:\/\/wolvescharleroi.be\/?page_id=1147","title":{"rendered":"Formation en Ligne de Referee 2024-2025"},"content":{"rendered":"<p><span style=\"font-family: arial, helvetica, sans-serif; font-size: 14pt; color: #000000;\">Formation en ligne en fran\u00e7ais pour les arbitres de Inline hockey de niveau 2.<\/span><br \/>\n<span style=\"font-family: arial, helvetica, sans-serif; font-size: 14pt;\"><span style=\"color: #000000;\">Voir plus<\/span> <strong><span style=\"color: #0000ff;\"><a style=\"color: #0000ff;\" href=\"https:\/\/www.rbihf.be\/node\/7257\">\u00ab\u00a0CLIQUEZ ICI\u00a0\u00bb<\/a><\/span><\/strong><\/span><br \/>\n<span style=\"font-family: arial, helvetica, sans-serif; font-size: 14pt; color: #000000;\">Ref: L2 INLINE FR<\/span><br \/>\n<span style=\"font-family: arial, helvetica, sans-serif; font-size: 14pt; color: #000000;\">\u20ac10,00<\/span><br \/>\n<span style=\"font-family: arial, helvetica, sans-serif; font-size: 14pt; color: #000000;\">Ce cours s\u2019adresse \u00e0 toute personne capable de patiner suffisamment bien pour agir en tant qu\u2019arbitre de niveau 2.<\/span><br \/>\n<span style=\"font-family: arial, helvetica, sans-serif; font-size: 14pt; color: #000000;\">Aucun autre certificat n&rsquo;est requis pour participer.<br \/>\n<\/span><\/p>\n<div class=\"x11i5rnm xat24cr x1mh8g0r x1vvkbs xtlvy1s x126k92a\">\n<div dir=\"auto\"><span style=\"font-family: arial, helvetica, sans-serif; font-size: 14pt; color: #000000;\">Lundi 10 f\u00e9vrier 2025 de 19h30 \u00e0 21h00<\/span><\/div>\n<\/div>\n<div class=\"x11i5rnm xat24cr x1mh8g0r x1vvkbs xtlvy1s x126k92a\">\n<div dir=\"auto\"><span style=\"font-family: arial, helvetica, sans-serif; font-size: 14pt; color: #000000;\">Mardi 11 f\u00e9vrier 2025 de 19h30 \u00e0 21h00<\/span><\/div>\n<div dir=\"auto\"><span style=\"font-family: arial, helvetica, sans-serif; font-size: 14pt; color: #000000;\">Lundi 17 f\u00e9vrier 2025 de 19h30 \u00e0 21h00<\/span><\/div>\n<div dir=\"auto\"><span style=\"font-family: arial, helvetica, sans-serif; font-size: 14pt; color: #000000;\">Mardi 18 f\u00e9vrier 2025 de 19h30 \u00e0 21h00<\/span><\/div>\n<\/div>\n<div class=\"x11i5rnm xat24cr x1mh8g0r x1vvkbs xtlvy1s x126k92a\">\n<div dir=\"auto\"><span style=\"font-family: arial, helvetica, sans-serif; font-size: 14pt; color: #000000;\">Ces 4 webinaires, enregistr\u00e9s en fran\u00e7ais, seront mis \u00e0 disposition des participants par la suite sur le Campus RBIHF.<\/span><\/div>\n<div dir=\"auto\"><span style=\"font-family: arial, helvetica, sans-serif; font-size: 14pt;\"><span style=\"color: #000000;\">Apr\u00e8s avoir visionn\u00e9 les 4 Webinaires et lu toutes les informations disponibles via<\/span> <strong><span style=\"color: #0000ff;\"><span class=\"html-span xdj266r x11i5rnm xat24cr x1mh8g0r xexx8yu x4uap5 x18d9i69 xkhd6sd x1hl2dhg x16tdsg8 x1vvkbs\"><a class=\"x1i10hfl xjbqb8w x1ejq31n xd10rxx x1sy0etr x17r0tee x972fbf xcfux6l x1qhh985 xm0m39n x9f619 x1ypdohk xt0psk2 xe8uvvx xdj266r x11i5rnm xat24cr x1mh8g0r xexx8yu x4uap5 x18d9i69 xkhd6sd x16tdsg8 x1hl2dhg xggy1nq x1a2a7pz x1sur9pj xkrqix3 x1fey0fg x1s688f\" style=\"color: #0000ff;\" tabindex=\"0\" role=\"link\" href=\"https:\/\/campus.rbihf.be\/?fbclid=IwY2xjawIK2Q5leHRuA2FlbQIxMAABHTIcz2lAVQ8JlYRnFJprMRFia8WJwZMK-osM8A0g0dJW8X7klfzz4VsJAA_aem_qXquy3VYE_LhuzbplnjaXg\" target=\"_blank\" rel=\"nofollow noopener noreferrer\">http:\/\/campus.rbihf.be<\/a><\/span>,<\/span><\/strong> <span style=\"color: #000000;\">on devrait \u00eatre en mesure de passer une \u00e9valuation th\u00e9orique.<\/span><\/span><\/div>\n<\/div>\n<div class=\"x11i5rnm xat24cr x1mh8g0r x1vvkbs xtlvy1s x126k92a\">\n<div dir=\"auto\"><span style=\"font-family: arial, helvetica, sans-serif; font-size: 14pt; color: #000000;\">Les laur\u00e9ats de cette formation recevront un certificat de connaissances th\u00e9oriques d&rsquo;arbitre de inline hockey de niveau 2 et pourront ensuite \u00eatre d\u00e9ploy\u00e9s par les responsables d&rsquo;arbitrage locaux sous la supervision d&rsquo;un arbitre exp\u00e9riment\u00e9.<\/span><\/div>\n<div dir=\"auto\"><span style=\"font-family: arial, helvetica, sans-serif; font-size: 14pt; color: #000000;\">Vous \u00eates \u00e9galement les bienvenus si vous avez besoin de renouveler votre niveau 2 ou si vous souhaitez un rafra\u00eechissement.<\/span><\/div>\n<\/div>\n<div class=\"x11i5rnm xat24cr x1mh8g0r x1vvkbs xtlvy1s x126k92a\">\n<div dir=\"auto\"><span style=\"font-family: arial, helvetica, sans-serif; font-size: 14pt; color: #000000;\">L&rsquo;inscription est uniquement possible via:<\/span><\/div>\n<div dir=\"auto\"><span style=\"font-family: arial, helvetica, sans-serif; font-size: 14pt;\"><span style=\"color: #000000;\">Suivre en direct:<\/span> <strong><span class=\"html-span xdj266r x11i5rnm xat24cr x1mh8g0r xexx8yu x4uap5 x18d9i69 xkhd6sd x1hl2dhg x16tdsg8 x1vvkbs\" style=\"color: #0000ff;\"><a class=\"x1i10hfl xjbqb8w x1ejq31n xd10rxx x1sy0etr x17r0tee x972fbf xcfux6l x1qhh985 xm0m39n x9f619 x1ypdohk xt0psk2 xe8uvvx xdj266r x11i5rnm xat24cr x1mh8g0r xexx8yu x4uap5 x18d9i69 xkhd6sd x16tdsg8 x1hl2dhg xggy1nq x1a2a7pz x1sur9pj xkrqix3 x1fey0fg x1s688f\" style=\"color: #0000ff;\" tabindex=\"0\" role=\"link\" href=\"https:\/\/www.rbihf.be\/node\/7257\" target=\"_blank\" rel=\"nofollow noopener noreferrer\">https:\/\/www.rbihf.be\/node\/7256<\/a> <\/span><\/strong><span style=\"color: #000000;\">(limit\u00e9 \u00e0 45 personnes, limitation de teams)<\/span><\/span><\/div>\n<div dir=\"auto\"><span style=\"font-family: arial, helvetica, sans-serif; font-size: 14pt;\"><span style=\"color: #000000;\">Enregistrements vid\u00e9o<\/span>: <strong><span class=\"html-span xdj266r x11i5rnm xat24cr x1mh8g0r xexx8yu x4uap5 x18d9i69 xkhd6sd x1hl2dhg x16tdsg8 x1vvkbs\" style=\"color: #0000ff;\"><a class=\"x1i10hfl xjbqb8w x1ejq31n xd10rxx x1sy0etr x17r0tee x972fbf xcfux6l x1qhh985 xm0m39n x9f619 x1ypdohk xt0psk2 xe8uvvx xdj266r x11i5rnm xat24cr x1mh8g0r xexx8yu x4uap5 x18d9i69 xkhd6sd x16tdsg8 x1hl2dhg xggy1nq x1a2a7pz x1sur9pj xkrqix3 x1fey0fg x1s688f\" style=\"color: #0000ff;\" tabindex=\"0\" role=\"link\" href=\"https:\/\/www.rbihf.be\/node\/7259?fbclid=IwY2xjawIK2JdleHRuA2FlbQIxMAABHamj1b_mhOk4LjYX5Gj5ZSVyFB33emNoCFHzt2nA48L8c-fbdJbIeulDMw_aem_30pWPqiDlNoq4tVxFyyaew\" target=\"_blank\" rel=\"nofollow noopener noreferrer\">https:\/\/www.rbihf.be\/node\/7259<\/a><\/span><\/strong><\/span><\/div>\n<\/div>\n","protected":false},"excerpt":{"rendered":"<p>Formation en ligne en fran\u00e7ais pour les arbitres de Inline hockey de niveau 2. Voir plus \u00ab\u00a0CLIQUEZ ICI\u00a0\u00bb Ref: L2 INLINE FR \u20ac10,00 Ce cours s\u2019adresse \u00e0 toute personne capable de patiner suffisamment bien pour agir en tant qu\u2019arbitre de niveau 2. Aucun autre certificat n&rsquo;est requis pour participer. Lundi 10 f\u00e9vrier 2025 de 19h30&hellip; <br \/> <a class=\"read-more\" href=\"https:\/\/wolvescharleroi.be\/?page_id=1147\">Lire la suite<\/a><\/p>\n","protected":false},"author":5,"featured_media":0,"parent":1088,"menu_order":0,"comment_status":"closed","ping_status":"closed","template":"","meta":{"footnotes":""},"class_list":["post-1147","page","type-page","status-publish","hentry"],"yoast_head":"<!-- This site is optimized with the Yoast SEO plugin v27.3 - https:\/\/yoast.com\/product\/yoast-seo-wordpress\/ -->\n<title>Formation en Ligne de Referee 2024-2025 - Wolves Charleroi<\/title>\n<meta name=\"robots\" content=\"index, follow, max-snippet:-1, max-image-preview:large, max-video-preview:-1\" \/>\n<link rel=\"canonical\" href=\"https:\/\/wolvescharleroi.be\/?page_id=1147\" \/>\n<meta property=\"og:locale\" content=\"fr_FR\" \/>\n<meta property=\"og:type\" content=\"article\" \/>\n<meta property=\"og:title\" content=\"Formation en Ligne de Referee 2024-2025 - Wolves Charleroi\" \/>\n<meta property=\"og:description\" content=\"Formation en ligne en fran\u00e7ais pour les arbitres de Inline hockey de niveau 2. Voir plus \u00ab\u00a0CLIQUEZ ICI\u00a0\u00bb Ref: L2 INLINE FR \u20ac10,00 Ce cours s\u2019adresse \u00e0 toute personne capable de patiner suffisamment bien pour agir en tant qu\u2019arbitre de niveau 2. Aucun autre certificat n&rsquo;est requis pour participer. Lundi 10 f\u00e9vrier 2025 de 19h30&hellip; Lire la suite\" \/>\n<meta property=\"og:url\" content=\"https:\/\/wolvescharleroi.be\/?page_id=1147\" \/>\n<meta property=\"og:site_name\" content=\"Wolves Charleroi\" \/>\n<meta name=\"twitter:card\" content=\"summary_large_image\" \/>\n<meta name=\"twitter:label1\" content=\"Dur\u00e9e de lecture estim\u00e9e\" \/>\n\t<meta name=\"twitter:data1\" content=\"2 minutes\" \/>\n<script type=\"application\/ld+json\" class=\"yoast-schema-graph\">{\"@context\":\"https:\\\/\\\/schema.org\",\"@graph\":[{\"@type\":\"WebPage\",\"@id\":\"https:\\\/\\\/wolvescharleroi.be\\\/?page_id=1147\",\"url\":\"https:\\\/\\\/wolvescharleroi.be\\\/?page_id=1147\",\"name\":\"Formation en Ligne de Referee 2024-2025 - Wolves Charleroi\",\"isPartOf\":{\"@id\":\"https:\\\/\\\/wolvescharleroi.be\\\/#website\"},\"datePublished\":\"2025-05-15T16:50:42+00:00\",\"breadcrumb\":{\"@id\":\"https:\\\/\\\/wolvescharleroi.be\\\/?page_id=1147#breadcrumb\"},\"inLanguage\":\"fr-FR\",\"potentialAction\":[{\"@type\":\"ReadAction\",\"target\":[\"https:\\\/\\\/wolvescharleroi.be\\\/?page_id=1147\"]}]},{\"@type\":\"BreadcrumbList\",\"@id\":\"https:\\\/\\\/wolvescharleroi.be\\\/?page_id=1147#breadcrumb\",\"itemListElement\":[{\"@type\":\"ListItem\",\"position\":1,\"name\":\"Accueil\",\"item\":\"https:\\\/\\\/wolvescharleroi.be\\\/\"},{\"@type\":\"ListItem\",\"position\":2,\"name\":\"ARCHIVES\",\"item\":\"https:\\\/\\\/wolvescharleroi.be\\\/?page_id=964\"},{\"@type\":\"ListItem\",\"position\":3,\"name\":\"ARCHIVES NEWS 2024-2025\",\"item\":\"https:\\\/\\\/wolvescharleroi.be\\\/?page_id=1088\"},{\"@type\":\"ListItem\",\"position\":4,\"name\":\"Formation en Ligne de Referee 2024-2025\"}]},{\"@type\":\"WebSite\",\"@id\":\"https:\\\/\\\/wolvescharleroi.be\\\/#website\",\"url\":\"https:\\\/\\\/wolvescharleroi.be\\\/\",\"name\":\"Wolves Charleroi\",\"description\":\"\",\"publisher\":{\"@id\":\"https:\\\/\\\/wolvescharleroi.be\\\/#organization\"},\"potentialAction\":[{\"@type\":\"SearchAction\",\"target\":{\"@type\":\"EntryPoint\",\"urlTemplate\":\"https:\\\/\\\/wolvescharleroi.be\\\/?s={search_term_string}\"},\"query-input\":{\"@type\":\"PropertyValueSpecification\",\"valueRequired\":true,\"valueName\":\"search_term_string\"}}],\"inLanguage\":\"fr-FR\"},{\"@type\":\"Organization\",\"@id\":\"https:\\\/\\\/wolvescharleroi.be\\\/#organization\",\"name\":\"Wolves Charleroi\",\"url\":\"https:\\\/\\\/wolvescharleroi.be\\\/\",\"logo\":{\"@type\":\"ImageObject\",\"inLanguage\":\"fr-FR\",\"@id\":\"https:\\\/\\\/wolvescharleroi.be\\\/#\\\/schema\\\/logo\\\/image\\\/\",\"url\":\"https:\\\/\\\/wolvescharleroi.be\\\/wp-content\\\/uploads\\\/2025\\\/11\\\/tete-site.jpg\",\"contentUrl\":\"https:\\\/\\\/wolvescharleroi.be\\\/wp-content\\\/uploads\\\/2025\\\/11\\\/tete-site.jpg\",\"width\":510,\"height\":510,\"caption\":\"Wolves Charleroi\"},\"image\":{\"@id\":\"https:\\\/\\\/wolvescharleroi.be\\\/#\\\/schema\\\/logo\\\/image\\\/\"}}]}<\/script>\n<!-- \/ Yoast SEO plugin. -->","yoast_head_json":{"title":"Formation en Ligne de Referee 2024-2025 - Wolves Charleroi","robots":{"index":"index","follow":"follow","max-snippet":"max-snippet:-1","max-image-preview":"max-image-preview:large","max-video-preview":"max-video-preview:-1"},"canonical":"https:\/\/wolvescharleroi.be\/?page_id=1147","og_locale":"fr_FR","og_type":"article","og_title":"Formation en Ligne de Referee 2024-2025 - Wolves Charleroi","og_description":"Formation en ligne en fran\u00e7ais pour les arbitres de Inline hockey de niveau 2. Voir plus \u00ab\u00a0CLIQUEZ ICI\u00a0\u00bb Ref: L2 INLINE FR \u20ac10,00 Ce cours s\u2019adresse \u00e0 toute personne capable de patiner suffisamment bien pour agir en tant qu\u2019arbitre de niveau 2. Aucun autre certificat n&rsquo;est requis pour participer. Lundi 10 f\u00e9vrier 2025 de 19h30&hellip; Lire la suite","og_url":"https:\/\/wolvescharleroi.be\/?page_id=1147","og_site_name":"Wolves Charleroi","twitter_card":"summary_large_image","twitter_misc":{"Dur\u00e9e de lecture estim\u00e9e":"2 minutes"},"schema":{"@context":"https:\/\/schema.org","@graph":[{"@type":"WebPage","@id":"https:\/\/wolvescharleroi.be\/?page_id=1147","url":"https:\/\/wolvescharleroi.be\/?page_id=1147","name":"Formation en Ligne de Referee 2024-2025 - Wolves Charleroi","isPartOf":{"@id":"https:\/\/wolvescharleroi.be\/#website"},"datePublished":"2025-05-15T16:50:42+00:00","breadcrumb":{"@id":"https:\/\/wolvescharleroi.be\/?page_id=1147#breadcrumb"},"inLanguage":"fr-FR","potentialAction":[{"@type":"ReadAction","target":["https:\/\/wolvescharleroi.be\/?page_id=1147"]}]},{"@type":"BreadcrumbList","@id":"https:\/\/wolvescharleroi.be\/?page_id=1147#breadcrumb","itemListElement":[{"@type":"ListItem","position":1,"name":"Accueil","item":"https:\/\/wolvescharleroi.be\/"},{"@type":"ListItem","position":2,"name":"ARCHIVES","item":"https:\/\/wolvescharleroi.be\/?page_id=964"},{"@type":"ListItem","position":3,"name":"ARCHIVES NEWS 2024-2025","item":"https:\/\/wolvescharleroi.be\/?page_id=1088"},{"@type":"ListItem","position":4,"name":"Formation en Ligne de Referee 2024-2025"}]},{"@type":"WebSite","@id":"https:\/\/wolvescharleroi.be\/#website","url":"https:\/\/wolvescharleroi.be\/","name":"Wolves Charleroi","description":"","publisher":{"@id":"https:\/\/wolvescharleroi.be\/#organization"},"potentialAction":[{"@type":"SearchAction","target":{"@type":"EntryPoint","urlTemplate":"https:\/\/wolvescharleroi.be\/?s={search_term_string}"},"query-input":{"@type":"PropertyValueSpecification","valueRequired":true,"valueName":"search_term_string"}}],"inLanguage":"fr-FR"},{"@type":"Organization","@id":"https:\/\/wolvescharleroi.be\/#organization","name":"Wolves Charleroi","url":"https:\/\/wolvescharleroi.be\/","logo":{"@type":"ImageObject","inLanguage":"fr-FR","@id":"https:\/\/wolvescharleroi.be\/#\/schema\/logo\/image\/","url":"https:\/\/wolvescharleroi.be\/wp-content\/uploads\/2025\/11\/tete-site.jpg","contentUrl":"https:\/\/wolvescharleroi.be\/wp-content\/uploads\/2025\/11\/tete-site.jpg","width":510,"height":510,"caption":"Wolves Charleroi"},"image":{"@id":"https:\/\/wolvescharleroi.be\/#\/schema\/logo\/image\/"}}]}},"_links":{"self":[{"href":"https:\/\/wolvescharleroi.be\/index.php?rest_route=\/wp\/v2\/pages\/1147","targetHints":{"allow":["GET"]}}],"collection":[{"href":"https:\/\/wolvescharleroi.be\/index.php?rest_route=\/wp\/v2\/pages"}],"about":[{"href":"https:\/\/wolvescharleroi.be\/index.php?rest_route=\/wp\/v2\/types\/page"}],"author":[{"embeddable":true,"href":"https:\/\/wolvescharleroi.be\/index.php?rest_route=\/wp\/v2\/users\/5"}],"replies":[{"embeddable":true,"href":"https:\/\/wolvescharleroi.be\/index.php?rest_route=%2Fwp%2Fv2%2Fcomments&post=1147"}],"version-history":[{"count":1,"href":"https:\/\/wolvescharleroi.be\/index.php?rest_route=\/wp\/v2\/pages\/1147\/revisions"}],"predecessor-version":[{"id":1148,"href":"https:\/\/wolvescharleroi.be\/index.php?rest_route=\/wp\/v2\/pages\/1147\/revisions\/1148"}],"up":[{"embeddable":true,"href":"https:\/\/wolvescharleroi.be\/index.php?rest_route=\/wp\/v2\/pages\/1088"}],"wp:attachment":[{"href":"https:\/\/wolvescharleroi.be\/index.php?rest_route=%2Fwp%2Fv2%2Fmedia&parent=1147"}],"curies":[{"name":"wp","href":"https:\/\/api.w.org\/{rel}","templated":true}]}}