{"id":1138,"date":"2025-05-15T18:45:15","date_gmt":"2025-05-15T16:45:15","guid":{"rendered":"https:\/\/wolvescharleroi.be\/?page_id=1138"},"modified":"2025-05-15T18:45:15","modified_gmt":"2025-05-15T16:45:15","slug":"sud-info","status":"publish","type":"page","link":"https:\/\/wolvescharleroi.be\/?page_id=1138","title":{"rendered":"Sud Info"},"content":{"rendered":"<p><img loading=\"lazy\" decoding=\"async\" class=\"alignnone size-medium wp-image-219\" src=\"https:\/\/wolvescharleroi.be\/wp-content\/uploads\/2025\/01\/Logo_Sudinfo-300x66.png\" alt=\"alt\" width=\"150\" height=\"33\" srcset=\"https:\/\/wolvescharleroi.be\/wp-content\/uploads\/2025\/01\/Logo_Sudinfo-300x66.png 300w, https:\/\/wolvescharleroi.be\/wp-content\/uploads\/2025\/01\/Logo_Sudinfo-1024x224.png 1024w, https:\/\/wolvescharleroi.be\/wp-content\/uploads\/2025\/01\/Logo_Sudinfo-768x168.png 768w, https:\/\/wolvescharleroi.be\/wp-content\/uploads\/2025\/01\/Logo_Sudinfo.png 1200w\" sizes=\"auto, (max-width: 150px) 100vw, 150px\" \/><br \/>\n<span style=\"color: #000000;\">Suite \u00e0 des mails de sud info pour stopper la parution des articles parus, c&rsquo;est avec regret que nous devons les enlever de notre site&#8230;. Donc quand un article paraitra c&rsquo;est de bouche \u00e0 oreille que vous serez pr\u00e9venus.<\/span><br \/>\n<span style=\"color: #000000;\">Nous en sommes fort d\u00e9sol\u00e9, nous pensions partager l&rsquo;information pour que vous puissiez vous rendre chez votre libraire.<\/span><br \/>\n<span style=\"color: #000000;\">Mais n&rsquo;h\u00e9sitez pas \u00e0 vous abonnez pour continuer \u00e0 mettre votre club favori en avant.<\/span><\/p>\n<p><span style=\"color: #000000;\">Abonnement UN EURO LE PREMIER MOIS sans engagement via ce lien\u2026cliquez sur la photo, plus nous serons nombreux \u00e0 nous abonn\u00e9s plus vous serez mis \u00e0 l&rsquo;avant, \u00e0 vous de jouer<\/span><br \/>\n<span style=\"color: #000000;\"><a style=\"color: #000000;\" href=\"https:\/\/www.sudinfo.be\/id948223\/article\/2025-02-02\/hockey-inline-les-wolves-de-charleroi-visent-le-double-avec-leur-equipe-100\"><img loading=\"lazy\" decoding=\"async\" class=\"alignnone size-medium wp-image-220\" src=\"https:\/\/wolvescharleroi.be\/wp-content\/uploads\/2025\/01\/journaux-300x267.jpg\" alt=\"alt\" width=\"150\" height=\"134\" srcset=\"https:\/\/wolvescharleroi.be\/wp-content\/uploads\/2025\/01\/journaux-300x267.jpg 300w, https:\/\/wolvescharleroi.be\/wp-content\/uploads\/2025\/01\/journaux-768x683.jpg 768w, https:\/\/wolvescharleroi.be\/wp-content\/uploads\/2025\/01\/journaux.jpg 900w\" sizes=\"auto, (max-width: 150px) 100vw, 150px\" \/><\/a><\/span><\/p>\n<p><span style=\"color: #000000;\">Merci pour votre compr\u00e9hension<\/span><\/p>\n","protected":false},"excerpt":{"rendered":"<p>Suite \u00e0 des mails de sud info pour stopper la parution des articles parus, c&rsquo;est avec regret que nous devons les enlever de notre site&#8230;. Donc quand un article paraitra c&rsquo;est de bouche \u00e0 oreille que vous serez pr\u00e9venus. Nous en sommes fort d\u00e9sol\u00e9, nous pensions partager l&rsquo;information pour que vous puissiez vous rendre chez&hellip; <br \/> <a class=\"read-more\" href=\"https:\/\/wolvescharleroi.be\/?page_id=1138\">Lire la suite<\/a><\/p>\n","protected":false},"author":5,"featured_media":0,"parent":1084,"menu_order":0,"comment_status":"closed","ping_status":"closed","template":"","meta":{"footnotes":""},"class_list":["post-1138","page","type-page","status-publish","hentry"],"yoast_head":"<!-- This site is optimized with the Yoast SEO plugin v27.3 - https:\/\/yoast.com\/product\/yoast-seo-wordpress\/ -->\n<title>Sud Info - Wolves Charleroi<\/title>\n<meta name=\"robots\" content=\"index, follow, max-snippet:-1, max-image-preview:large, max-video-preview:-1\" \/>\n<link rel=\"canonical\" href=\"https:\/\/wolvescharleroi.be\/?page_id=1138\" \/>\n<meta property=\"og:locale\" content=\"fr_FR\" \/>\n<meta property=\"og:type\" content=\"article\" \/>\n<meta property=\"og:title\" content=\"Sud Info - Wolves Charleroi\" \/>\n<meta property=\"og:description\" content=\"Suite \u00e0 des mails de sud info pour stopper la parution des articles parus, c&rsquo;est avec regret que nous devons les enlever de notre site&#8230;. Donc quand un article paraitra c&rsquo;est de bouche \u00e0 oreille que vous serez pr\u00e9venus. Nous en sommes fort d\u00e9sol\u00e9, nous pensions partager l&rsquo;information pour que vous puissiez vous rendre chez&hellip; Lire la suite\" \/>\n<meta property=\"og:url\" content=\"https:\/\/wolvescharleroi.be\/?page_id=1138\" \/>\n<meta property=\"og:site_name\" content=\"Wolves Charleroi\" \/>\n<meta property=\"og:image\" content=\"https:\/\/wolvescharleroi.be\/wp-content\/uploads\/2025\/01\/Logo_Sudinfo.png\" \/>\n\t<meta property=\"og:image:width\" content=\"1200\" \/>\n\t<meta property=\"og:image:height\" content=\"262\" \/>\n\t<meta property=\"og:image:type\" content=\"image\/png\" \/>\n<meta name=\"twitter:card\" content=\"summary_large_image\" \/>\n<meta name=\"twitter:label1\" content=\"Dur\u00e9e de lecture estim\u00e9e\" \/>\n\t<meta name=\"twitter:data1\" content=\"1 minute\" \/>\n<script type=\"application\/ld+json\" class=\"yoast-schema-graph\">{\"@context\":\"https:\\\/\\\/schema.org\",\"@graph\":[{\"@type\":\"WebPage\",\"@id\":\"https:\\\/\\\/wolvescharleroi.be\\\/?page_id=1138\",\"url\":\"https:\\\/\\\/wolvescharleroi.be\\\/?page_id=1138\",\"name\":\"Sud Info - Wolves Charleroi\",\"isPartOf\":{\"@id\":\"https:\\\/\\\/wolvescharleroi.be\\\/#website\"},\"primaryImageOfPage\":{\"@id\":\"https:\\\/\\\/wolvescharleroi.be\\\/?page_id=1138#primaryimage\"},\"image\":{\"@id\":\"https:\\\/\\\/wolvescharleroi.be\\\/?page_id=1138#primaryimage\"},\"thumbnailUrl\":\"https:\\\/\\\/wolvescharleroi.be\\\/wp-content\\\/uploads\\\/2025\\\/01\\\/Logo_Sudinfo-300x66.png\",\"datePublished\":\"2025-05-15T16:45:15+00:00\",\"breadcrumb\":{\"@id\":\"https:\\\/\\\/wolvescharleroi.be\\\/?page_id=1138#breadcrumb\"},\"inLanguage\":\"fr-FR\",\"potentialAction\":[{\"@type\":\"ReadAction\",\"target\":[\"https:\\\/\\\/wolvescharleroi.be\\\/?page_id=1138\"]}]},{\"@type\":\"ImageObject\",\"inLanguage\":\"fr-FR\",\"@id\":\"https:\\\/\\\/wolvescharleroi.be\\\/?page_id=1138#primaryimage\",\"url\":\"https:\\\/\\\/wolvescharleroi.be\\\/wp-content\\\/uploads\\\/2025\\\/01\\\/Logo_Sudinfo.png\",\"contentUrl\":\"https:\\\/\\\/wolvescharleroi.be\\\/wp-content\\\/uploads\\\/2025\\\/01\\\/Logo_Sudinfo.png\",\"width\":1200,\"height\":262,\"caption\":\"alt\"},{\"@type\":\"BreadcrumbList\",\"@id\":\"https:\\\/\\\/wolvescharleroi.be\\\/?page_id=1138#breadcrumb\",\"itemListElement\":[{\"@type\":\"ListItem\",\"position\":1,\"name\":\"Accueil\",\"item\":\"https:\\\/\\\/wolvescharleroi.be\\\/\"},{\"@type\":\"ListItem\",\"position\":2,\"name\":\"ARCHIVES\",\"item\":\"https:\\\/\\\/wolvescharleroi.be\\\/?page_id=964\"},{\"@type\":\"ListItem\",\"position\":3,\"name\":\"Presse 2024-2025\",\"item\":\"https:\\\/\\\/wolvescharleroi.be\\\/?page_id=1084\"},{\"@type\":\"ListItem\",\"position\":4,\"name\":\"Sud Info\"}]},{\"@type\":\"WebSite\",\"@id\":\"https:\\\/\\\/wolvescharleroi.be\\\/#website\",\"url\":\"https:\\\/\\\/wolvescharleroi.be\\\/\",\"name\":\"Wolves Charleroi\",\"description\":\"\",\"publisher\":{\"@id\":\"https:\\\/\\\/wolvescharleroi.be\\\/#organization\"},\"potentialAction\":[{\"@type\":\"SearchAction\",\"target\":{\"@type\":\"EntryPoint\",\"urlTemplate\":\"https:\\\/\\\/wolvescharleroi.be\\\/?s={search_term_string}\"},\"query-input\":{\"@type\":\"PropertyValueSpecification\",\"valueRequired\":true,\"valueName\":\"search_term_string\"}}],\"inLanguage\":\"fr-FR\"},{\"@type\":\"Organization\",\"@id\":\"https:\\\/\\\/wolvescharleroi.be\\\/#organization\",\"name\":\"Wolves Charleroi\",\"url\":\"https:\\\/\\\/wolvescharleroi.be\\\/\",\"logo\":{\"@type\":\"ImageObject\",\"inLanguage\":\"fr-FR\",\"@id\":\"https:\\\/\\\/wolvescharleroi.be\\\/#\\\/schema\\\/logo\\\/image\\\/\",\"url\":\"https:\\\/\\\/wolvescharleroi.be\\\/wp-content\\\/uploads\\\/2025\\\/11\\\/tete-site.jpg\",\"contentUrl\":\"https:\\\/\\\/wolvescharleroi.be\\\/wp-content\\\/uploads\\\/2025\\\/11\\\/tete-site.jpg\",\"width\":510,\"height\":510,\"caption\":\"Wolves Charleroi\"},\"image\":{\"@id\":\"https:\\\/\\\/wolvescharleroi.be\\\/#\\\/schema\\\/logo\\\/image\\\/\"}}]}<\/script>\n<!-- \/ Yoast SEO plugin. -->","yoast_head_json":{"title":"Sud Info - Wolves Charleroi","robots":{"index":"index","follow":"follow","max-snippet":"max-snippet:-1","max-image-preview":"max-image-preview:large","max-video-preview":"max-video-preview:-1"},"canonical":"https:\/\/wolvescharleroi.be\/?page_id=1138","og_locale":"fr_FR","og_type":"article","og_title":"Sud Info - Wolves Charleroi","og_description":"Suite \u00e0 des mails de sud info pour stopper la parution des articles parus, c&rsquo;est avec regret que nous devons les enlever de notre site&#8230;. Donc quand un article paraitra c&rsquo;est de bouche \u00e0 oreille que vous serez pr\u00e9venus. Nous en sommes fort d\u00e9sol\u00e9, nous pensions partager l&rsquo;information pour que vous puissiez vous rendre chez&hellip; Lire la suite","og_url":"https:\/\/wolvescharleroi.be\/?page_id=1138","og_site_name":"Wolves Charleroi","og_image":[{"width":1200,"height":262,"url":"https:\/\/wolvescharleroi.be\/wp-content\/uploads\/2025\/01\/Logo_Sudinfo.png","type":"image\/png"}],"twitter_card":"summary_large_image","twitter_misc":{"Dur\u00e9e de lecture estim\u00e9e":"1 minute"},"schema":{"@context":"https:\/\/schema.org","@graph":[{"@type":"WebPage","@id":"https:\/\/wolvescharleroi.be\/?page_id=1138","url":"https:\/\/wolvescharleroi.be\/?page_id=1138","name":"Sud Info - Wolves Charleroi","isPartOf":{"@id":"https:\/\/wolvescharleroi.be\/#website"},"primaryImageOfPage":{"@id":"https:\/\/wolvescharleroi.be\/?page_id=1138#primaryimage"},"image":{"@id":"https:\/\/wolvescharleroi.be\/?page_id=1138#primaryimage"},"thumbnailUrl":"https:\/\/wolvescharleroi.be\/wp-content\/uploads\/2025\/01\/Logo_Sudinfo-300x66.png","datePublished":"2025-05-15T16:45:15+00:00","breadcrumb":{"@id":"https:\/\/wolvescharleroi.be\/?page_id=1138#breadcrumb"},"inLanguage":"fr-FR","potentialAction":[{"@type":"ReadAction","target":["https:\/\/wolvescharleroi.be\/?page_id=1138"]}]},{"@type":"ImageObject","inLanguage":"fr-FR","@id":"https:\/\/wolvescharleroi.be\/?page_id=1138#primaryimage","url":"https:\/\/wolvescharleroi.be\/wp-content\/uploads\/2025\/01\/Logo_Sudinfo.png","contentUrl":"https:\/\/wolvescharleroi.be\/wp-content\/uploads\/2025\/01\/Logo_Sudinfo.png","width":1200,"height":262,"caption":"alt"},{"@type":"BreadcrumbList","@id":"https:\/\/wolvescharleroi.be\/?page_id=1138#breadcrumb","itemListElement":[{"@type":"ListItem","position":1,"name":"Accueil","item":"https:\/\/wolvescharleroi.be\/"},{"@type":"ListItem","position":2,"name":"ARCHIVES","item":"https:\/\/wolvescharleroi.be\/?page_id=964"},{"@type":"ListItem","position":3,"name":"Presse 2024-2025","item":"https:\/\/wolvescharleroi.be\/?page_id=1084"},{"@type":"ListItem","position":4,"name":"Sud Info"}]},{"@type":"WebSite","@id":"https:\/\/wolvescharleroi.be\/#website","url":"https:\/\/wolvescharleroi.be\/","name":"Wolves Charleroi","description":"","publisher":{"@id":"https:\/\/wolvescharleroi.be\/#organization"},"potentialAction":[{"@type":"SearchAction","target":{"@type":"EntryPoint","urlTemplate":"https:\/\/wolvescharleroi.be\/?s={search_term_string}"},"query-input":{"@type":"PropertyValueSpecification","valueRequired":true,"valueName":"search_term_string"}}],"inLanguage":"fr-FR"},{"@type":"Organization","@id":"https:\/\/wolvescharleroi.be\/#organization","name":"Wolves Charleroi","url":"https:\/\/wolvescharleroi.be\/","logo":{"@type":"ImageObject","inLanguage":"fr-FR","@id":"https:\/\/wolvescharleroi.be\/#\/schema\/logo\/image\/","url":"https:\/\/wolvescharleroi.be\/wp-content\/uploads\/2025\/11\/tete-site.jpg","contentUrl":"https:\/\/wolvescharleroi.be\/wp-content\/uploads\/2025\/11\/tete-site.jpg","width":510,"height":510,"caption":"Wolves Charleroi"},"image":{"@id":"https:\/\/wolvescharleroi.be\/#\/schema\/logo\/image\/"}}]}},"_links":{"self":[{"href":"https:\/\/wolvescharleroi.be\/index.php?rest_route=\/wp\/v2\/pages\/1138","targetHints":{"allow":["GET"]}}],"collection":[{"href":"https:\/\/wolvescharleroi.be\/index.php?rest_route=\/wp\/v2\/pages"}],"about":[{"href":"https:\/\/wolvescharleroi.be\/index.php?rest_route=\/wp\/v2\/types\/page"}],"author":[{"embeddable":true,"href":"https:\/\/wolvescharleroi.be\/index.php?rest_route=\/wp\/v2\/users\/5"}],"replies":[{"embeddable":true,"href":"https:\/\/wolvescharleroi.be\/index.php?rest_route=%2Fwp%2Fv2%2Fcomments&post=1138"}],"version-history":[{"count":1,"href":"https:\/\/wolvescharleroi.be\/index.php?rest_route=\/wp\/v2\/pages\/1138\/revisions"}],"predecessor-version":[{"id":1139,"href":"https:\/\/wolvescharleroi.be\/index.php?rest_route=\/wp\/v2\/pages\/1138\/revisions\/1139"}],"up":[{"embeddable":true,"href":"https:\/\/wolvescharleroi.be\/index.php?rest_route=\/wp\/v2\/pages\/1084"}],"wp:attachment":[{"href":"https:\/\/wolvescharleroi.be\/index.php?rest_route=%2Fwp%2Fv2%2Fmedia&parent=1138"}],"curies":[{"name":"wp","href":"https:\/\/api.w.org\/{rel}","templated":true}]}}