{"id":1135,"date":"2025-05-15T18:43:57","date_gmt":"2025-05-15T16:43:57","guid":{"rendered":"https:\/\/wolvescharleroi.be\/?page_id=1135"},"modified":"2025-05-15T18:43:57","modified_gmt":"2025-05-15T16:43:57","slug":"porchetta-au-souper-annuel","status":"publish","type":"page","link":"https:\/\/wolvescharleroi.be\/?page_id=1135","title":{"rendered":"Porchetta au souper annuel"},"content":{"rendered":"<p><span style=\"color: #000000;\"><strong>Etes-vous int\u00e9ress\u00e9s, alors bienvenue \u00e0 notre soir\u00e9e!!!!<br \/>\n<a style=\"color: #000000;\" href=\"https:\/\/wolvescharleroi.be\/wp-content\/uploads\/2025\/02\/souper.jpg\"><img loading=\"lazy\" decoding=\"async\" class=\"alignnone wp-image-716\" src=\"https:\/\/wolvescharleroi.be\/wp-content\/uploads\/2025\/02\/souper-150x126.jpg\" alt=\"\" width=\"221\" height=\"186\" srcset=\"https:\/\/wolvescharleroi.be\/wp-content\/uploads\/2025\/02\/souper-150x126.jpg 150w, https:\/\/wolvescharleroi.be\/wp-content\/uploads\/2025\/02\/souper-768x644.jpg 768w, https:\/\/wolvescharleroi.be\/wp-content\/uploads\/2025\/02\/souper.jpg 940w\" sizes=\"auto, (max-width: 221px) 100vw, 221px\" \/><\/a><\/strong><\/span><br \/>\n<span style=\"color: #000000;\">Le souper annuel organis\u00e9 par le comit\u00e9 des Wolves Charleroi (voir l&rsquo;affiche) permet au club de <strong>subvenir aux frais inh\u00e9rents<\/strong> \u00e0 la saison (location de salle, organisation de la Saint-Nicolas, d\u00e9fraiement des arbitres&#8230;..et plein d&rsquo;autres frais) sans votre soutien cela ne sera plus possible&#8230;&#8230;nous vous attendons tr\u00e8s nombreux au souper car gr\u00e2ce \u00e0 votre pr\u00e9sence&#8230;..Nous pourrons envisager un avenir serein&#8230;..<span style=\"text-decoration: underline;\"><em>partager sans mod\u00e9ration<\/em> <\/span>et surtout venez avec famille, amis, voisins et tutto il quartiere.<\/span><br \/>\n<span style=\"color: #000000;\">Merci et bienvenue \u00e0 vous tous<\/span><br \/>\n<span style=\"text-decoration: underline; color: #ff0000;\"><em>Informations g\u00e9n\u00e9rale<br \/>\n<\/em><\/span><span style=\"color: #ff0000;\"><span style=\"color: #000000;\">\ud83d\udcc5 Date : Vendredi 21 mars<br \/>\n\u23f0 Heure : \u00c0 partir de 19h<br \/>\n\ud83d\udccd Lieu : Souvret<br \/>\nInscription: <span style=\"text-decoration: underline;\"><span style=\"color: #0000ff; text-decoration: underline;\">https:\/\/form.jotform.com\/230614173697359<br \/>\n<\/span><\/span><\/span><\/span><span style=\"text-decoration: underline; color: #ff0000;\"><em><br \/>\n<\/em><\/span><\/p>\n","protected":false},"excerpt":{"rendered":"<p>Etes-vous int\u00e9ress\u00e9s, alors bienvenue \u00e0 notre soir\u00e9e!!!! Le souper annuel organis\u00e9 par le comit\u00e9 des Wolves Charleroi (voir l&rsquo;affiche) permet au club de subvenir aux frais inh\u00e9rents \u00e0 la saison (location de salle, organisation de la Saint-Nicolas, d\u00e9fraiement des arbitres&#8230;..et plein d&rsquo;autres frais) sans votre soutien cela ne sera plus possible&#8230;&#8230;nous vous attendons tr\u00e8s nombreux&hellip; <br \/> <a class=\"read-more\" href=\"https:\/\/wolvescharleroi.be\/?page_id=1135\">Lire la suite<\/a><\/p>\n","protected":false},"author":5,"featured_media":0,"parent":1088,"menu_order":3,"comment_status":"closed","ping_status":"closed","template":"","meta":{"footnotes":""},"class_list":["post-1135","page","type-page","status-publish","hentry"],"yoast_head":"<!-- This site is optimized with the Yoast SEO plugin v27.3 - https:\/\/yoast.com\/product\/yoast-seo-wordpress\/ -->\n<title>Porchetta au souper annuel - Wolves Charleroi<\/title>\n<meta name=\"robots\" content=\"index, follow, max-snippet:-1, max-image-preview:large, max-video-preview:-1\" \/>\n<link rel=\"canonical\" href=\"https:\/\/wolvescharleroi.be\/?page_id=1135\" \/>\n<meta property=\"og:locale\" content=\"fr_FR\" \/>\n<meta property=\"og:type\" content=\"article\" \/>\n<meta property=\"og:title\" content=\"Porchetta au souper annuel - Wolves Charleroi\" \/>\n<meta property=\"og:description\" content=\"Etes-vous int\u00e9ress\u00e9s, alors bienvenue \u00e0 notre soir\u00e9e!!!! Le souper annuel organis\u00e9 par le comit\u00e9 des Wolves Charleroi (voir l&rsquo;affiche) permet au club de subvenir aux frais inh\u00e9rents \u00e0 la saison (location de salle, organisation de la Saint-Nicolas, d\u00e9fraiement des arbitres&#8230;..et plein d&rsquo;autres frais) sans votre soutien cela ne sera plus possible&#8230;&#8230;nous vous attendons tr\u00e8s nombreux&hellip; Lire la suite\" \/>\n<meta property=\"og:url\" content=\"https:\/\/wolvescharleroi.be\/?page_id=1135\" \/>\n<meta property=\"og:site_name\" content=\"Wolves Charleroi\" \/>\n<meta property=\"og:image\" content=\"https:\/\/wolvescharleroi.be\/wp-content\/uploads\/2025\/02\/souper.jpg\" \/>\n\t<meta property=\"og:image:width\" content=\"940\" \/>\n\t<meta property=\"og:image:height\" content=\"788\" \/>\n\t<meta property=\"og:image:type\" content=\"image\/jpeg\" \/>\n<meta name=\"twitter:card\" content=\"summary_large_image\" \/>\n<meta name=\"twitter:label1\" content=\"Dur\u00e9e de lecture estim\u00e9e\" \/>\n\t<meta name=\"twitter:data1\" content=\"1 minute\" \/>\n<script type=\"application\/ld+json\" class=\"yoast-schema-graph\">{\"@context\":\"https:\\\/\\\/schema.org\",\"@graph\":[{\"@type\":\"WebPage\",\"@id\":\"https:\\\/\\\/wolvescharleroi.be\\\/?page_id=1135\",\"url\":\"https:\\\/\\\/wolvescharleroi.be\\\/?page_id=1135\",\"name\":\"Porchetta au souper annuel - Wolves Charleroi\",\"isPartOf\":{\"@id\":\"https:\\\/\\\/wolvescharleroi.be\\\/#website\"},\"primaryImageOfPage\":{\"@id\":\"https:\\\/\\\/wolvescharleroi.be\\\/?page_id=1135#primaryimage\"},\"image\":{\"@id\":\"https:\\\/\\\/wolvescharleroi.be\\\/?page_id=1135#primaryimage\"},\"thumbnailUrl\":\"https:\\\/\\\/wolvescharleroi.be\\\/wp-content\\\/uploads\\\/2025\\\/02\\\/souper-150x126.jpg\",\"datePublished\":\"2025-05-15T16:43:57+00:00\",\"breadcrumb\":{\"@id\":\"https:\\\/\\\/wolvescharleroi.be\\\/?page_id=1135#breadcrumb\"},\"inLanguage\":\"fr-FR\",\"potentialAction\":[{\"@type\":\"ReadAction\",\"target\":[\"https:\\\/\\\/wolvescharleroi.be\\\/?page_id=1135\"]}]},{\"@type\":\"ImageObject\",\"inLanguage\":\"fr-FR\",\"@id\":\"https:\\\/\\\/wolvescharleroi.be\\\/?page_id=1135#primaryimage\",\"url\":\"https:\\\/\\\/wolvescharleroi.be\\\/wp-content\\\/uploads\\\/2025\\\/02\\\/souper.jpg\",\"contentUrl\":\"https:\\\/\\\/wolvescharleroi.be\\\/wp-content\\\/uploads\\\/2025\\\/02\\\/souper.jpg\",\"width\":940,\"height\":788},{\"@type\":\"BreadcrumbList\",\"@id\":\"https:\\\/\\\/wolvescharleroi.be\\\/?page_id=1135#breadcrumb\",\"itemListElement\":[{\"@type\":\"ListItem\",\"position\":1,\"name\":\"Accueil\",\"item\":\"https:\\\/\\\/wolvescharleroi.be\\\/\"},{\"@type\":\"ListItem\",\"position\":2,\"name\":\"ARCHIVES\",\"item\":\"https:\\\/\\\/wolvescharleroi.be\\\/?page_id=964\"},{\"@type\":\"ListItem\",\"position\":3,\"name\":\"ARCHIVES NEWS 2024-2025\",\"item\":\"https:\\\/\\\/wolvescharleroi.be\\\/?page_id=1088\"},{\"@type\":\"ListItem\",\"position\":4,\"name\":\"Porchetta au souper annuel\"}]},{\"@type\":\"WebSite\",\"@id\":\"https:\\\/\\\/wolvescharleroi.be\\\/#website\",\"url\":\"https:\\\/\\\/wolvescharleroi.be\\\/\",\"name\":\"Wolves Charleroi\",\"description\":\"\",\"publisher\":{\"@id\":\"https:\\\/\\\/wolvescharleroi.be\\\/#organization\"},\"potentialAction\":[{\"@type\":\"SearchAction\",\"target\":{\"@type\":\"EntryPoint\",\"urlTemplate\":\"https:\\\/\\\/wolvescharleroi.be\\\/?s={search_term_string}\"},\"query-input\":{\"@type\":\"PropertyValueSpecification\",\"valueRequired\":true,\"valueName\":\"search_term_string\"}}],\"inLanguage\":\"fr-FR\"},{\"@type\":\"Organization\",\"@id\":\"https:\\\/\\\/wolvescharleroi.be\\\/#organization\",\"name\":\"Wolves Charleroi\",\"url\":\"https:\\\/\\\/wolvescharleroi.be\\\/\",\"logo\":{\"@type\":\"ImageObject\",\"inLanguage\":\"fr-FR\",\"@id\":\"https:\\\/\\\/wolvescharleroi.be\\\/#\\\/schema\\\/logo\\\/image\\\/\",\"url\":\"https:\\\/\\\/wolvescharleroi.be\\\/wp-content\\\/uploads\\\/2025\\\/11\\\/tete-site.jpg\",\"contentUrl\":\"https:\\\/\\\/wolvescharleroi.be\\\/wp-content\\\/uploads\\\/2025\\\/11\\\/tete-site.jpg\",\"width\":510,\"height\":510,\"caption\":\"Wolves Charleroi\"},\"image\":{\"@id\":\"https:\\\/\\\/wolvescharleroi.be\\\/#\\\/schema\\\/logo\\\/image\\\/\"}}]}<\/script>\n<!-- \/ Yoast SEO plugin. -->","yoast_head_json":{"title":"Porchetta au souper annuel - Wolves Charleroi","robots":{"index":"index","follow":"follow","max-snippet":"max-snippet:-1","max-image-preview":"max-image-preview:large","max-video-preview":"max-video-preview:-1"},"canonical":"https:\/\/wolvescharleroi.be\/?page_id=1135","og_locale":"fr_FR","og_type":"article","og_title":"Porchetta au souper annuel - Wolves Charleroi","og_description":"Etes-vous int\u00e9ress\u00e9s, alors bienvenue \u00e0 notre soir\u00e9e!!!! Le souper annuel organis\u00e9 par le comit\u00e9 des Wolves Charleroi (voir l&rsquo;affiche) permet au club de subvenir aux frais inh\u00e9rents \u00e0 la saison (location de salle, organisation de la Saint-Nicolas, d\u00e9fraiement des arbitres&#8230;..et plein d&rsquo;autres frais) sans votre soutien cela ne sera plus possible&#8230;&#8230;nous vous attendons tr\u00e8s nombreux&hellip; Lire la suite","og_url":"https:\/\/wolvescharleroi.be\/?page_id=1135","og_site_name":"Wolves Charleroi","og_image":[{"width":940,"height":788,"url":"https:\/\/wolvescharleroi.be\/wp-content\/uploads\/2025\/02\/souper.jpg","type":"image\/jpeg"}],"twitter_card":"summary_large_image","twitter_misc":{"Dur\u00e9e de lecture estim\u00e9e":"1 minute"},"schema":{"@context":"https:\/\/schema.org","@graph":[{"@type":"WebPage","@id":"https:\/\/wolvescharleroi.be\/?page_id=1135","url":"https:\/\/wolvescharleroi.be\/?page_id=1135","name":"Porchetta au souper annuel - Wolves Charleroi","isPartOf":{"@id":"https:\/\/wolvescharleroi.be\/#website"},"primaryImageOfPage":{"@id":"https:\/\/wolvescharleroi.be\/?page_id=1135#primaryimage"},"image":{"@id":"https:\/\/wolvescharleroi.be\/?page_id=1135#primaryimage"},"thumbnailUrl":"https:\/\/wolvescharleroi.be\/wp-content\/uploads\/2025\/02\/souper-150x126.jpg","datePublished":"2025-05-15T16:43:57+00:00","breadcrumb":{"@id":"https:\/\/wolvescharleroi.be\/?page_id=1135#breadcrumb"},"inLanguage":"fr-FR","potentialAction":[{"@type":"ReadAction","target":["https:\/\/wolvescharleroi.be\/?page_id=1135"]}]},{"@type":"ImageObject","inLanguage":"fr-FR","@id":"https:\/\/wolvescharleroi.be\/?page_id=1135#primaryimage","url":"https:\/\/wolvescharleroi.be\/wp-content\/uploads\/2025\/02\/souper.jpg","contentUrl":"https:\/\/wolvescharleroi.be\/wp-content\/uploads\/2025\/02\/souper.jpg","width":940,"height":788},{"@type":"BreadcrumbList","@id":"https:\/\/wolvescharleroi.be\/?page_id=1135#breadcrumb","itemListElement":[{"@type":"ListItem","position":1,"name":"Accueil","item":"https:\/\/wolvescharleroi.be\/"},{"@type":"ListItem","position":2,"name":"ARCHIVES","item":"https:\/\/wolvescharleroi.be\/?page_id=964"},{"@type":"ListItem","position":3,"name":"ARCHIVES NEWS 2024-2025","item":"https:\/\/wolvescharleroi.be\/?page_id=1088"},{"@type":"ListItem","position":4,"name":"Porchetta au souper annuel"}]},{"@type":"WebSite","@id":"https:\/\/wolvescharleroi.be\/#website","url":"https:\/\/wolvescharleroi.be\/","name":"Wolves Charleroi","description":"","publisher":{"@id":"https:\/\/wolvescharleroi.be\/#organization"},"potentialAction":[{"@type":"SearchAction","target":{"@type":"EntryPoint","urlTemplate":"https:\/\/wolvescharleroi.be\/?s={search_term_string}"},"query-input":{"@type":"PropertyValueSpecification","valueRequired":true,"valueName":"search_term_string"}}],"inLanguage":"fr-FR"},{"@type":"Organization","@id":"https:\/\/wolvescharleroi.be\/#organization","name":"Wolves Charleroi","url":"https:\/\/wolvescharleroi.be\/","logo":{"@type":"ImageObject","inLanguage":"fr-FR","@id":"https:\/\/wolvescharleroi.be\/#\/schema\/logo\/image\/","url":"https:\/\/wolvescharleroi.be\/wp-content\/uploads\/2025\/11\/tete-site.jpg","contentUrl":"https:\/\/wolvescharleroi.be\/wp-content\/uploads\/2025\/11\/tete-site.jpg","width":510,"height":510,"caption":"Wolves Charleroi"},"image":{"@id":"https:\/\/wolvescharleroi.be\/#\/schema\/logo\/image\/"}}]}},"_links":{"self":[{"href":"https:\/\/wolvescharleroi.be\/index.php?rest_route=\/wp\/v2\/pages\/1135","targetHints":{"allow":["GET"]}}],"collection":[{"href":"https:\/\/wolvescharleroi.be\/index.php?rest_route=\/wp\/v2\/pages"}],"about":[{"href":"https:\/\/wolvescharleroi.be\/index.php?rest_route=\/wp\/v2\/types\/page"}],"author":[{"embeddable":true,"href":"https:\/\/wolvescharleroi.be\/index.php?rest_route=\/wp\/v2\/users\/5"}],"replies":[{"embeddable":true,"href":"https:\/\/wolvescharleroi.be\/index.php?rest_route=%2Fwp%2Fv2%2Fcomments&post=1135"}],"version-history":[{"count":1,"href":"https:\/\/wolvescharleroi.be\/index.php?rest_route=\/wp\/v2\/pages\/1135\/revisions"}],"predecessor-version":[{"id":1136,"href":"https:\/\/wolvescharleroi.be\/index.php?rest_route=\/wp\/v2\/pages\/1135\/revisions\/1136"}],"up":[{"embeddable":true,"href":"https:\/\/wolvescharleroi.be\/index.php?rest_route=\/wp\/v2\/pages\/1088"}],"wp:attachment":[{"href":"https:\/\/wolvescharleroi.be\/index.php?rest_route=%2Fwp%2Fv2%2Fmedia&parent=1135"}],"curies":[{"name":"wp","href":"https:\/\/api.w.org\/{rel}","templated":true}]}}