{"id":1131,"date":"2025-05-15T18:42:46","date_gmt":"2025-05-15T16:42:46","guid":{"rendered":"https:\/\/wolvescharleroi.be\/?page_id=1131"},"modified":"2025-05-15T18:42:46","modified_gmt":"2025-05-15T16:42:46","slug":"stage-vacances-de-paques","status":"publish","type":"page","link":"https:\/\/wolvescharleroi.be\/?page_id=1131","title":{"rendered":"Stage vacances de P\u00e2ques"},"content":{"rendered":"<p><span style=\"font-family: arial, helvetica, sans-serif; font-size: 16px; color: #000000;\"><span style=\"text-decoration: underline;\"><strong>Stage de Hockey chez les Wolves &#8211; 5 au 9 mai !<\/strong><\/span><strong><br \/>\n<\/strong><\/span><a href=\"https:\/\/wolvescharleroi.be\/wp-content\/uploads\/2025\/03\/stage-mai-2025.jpg\"><img loading=\"lazy\" decoding=\"async\" class=\"alignnone wp-image-766\" src=\"https:\/\/wolvescharleroi.be\/wp-content\/uploads\/2025\/03\/stage-mai-2025-106x150.jpg\" alt=\"\" width=\"136\" height=\"192\" srcset=\"https:\/\/wolvescharleroi.be\/wp-content\/uploads\/2025\/03\/stage-mai-2025-106x150.jpg 106w, https:\/\/wolvescharleroi.be\/wp-content\/uploads\/2025\/03\/stage-mai-2025-724x1024.jpg 724w, https:\/\/wolvescharleroi.be\/wp-content\/uploads\/2025\/03\/stage-mai-2025-768x1086.jpg 768w, https:\/\/wolvescharleroi.be\/wp-content\/uploads\/2025\/03\/stage-mai-2025-764x1080.jpg 764w, https:\/\/wolvescharleroi.be\/wp-content\/uploads\/2025\/03\/stage-mai-2025.jpg 1018w\" sizes=\"auto, (max-width: 136px) 100vw, 136px\" \/><\/a><br \/>\n<span style=\"font-family: arial, helvetica, sans-serif; font-size: 16px; color: #000000;\">Bloquez la date pour ce stage <span style=\"text-decoration: underline;\">du 5 au 9 mai!<\/span><br \/>\nUn stage parfait pour perfectionner ses comp\u00e9tences, s&rsquo;amuser et vivre l&rsquo;exp\u00e9rience Wolves.<br \/>\n<\/span><span style=\"font-family: arial, helvetica, sans-serif; font-size: 16px; color: #000000;\"><strong>Dates:<\/strong> 5 au 9 mai<\/span><br \/>\n<span style=\"font-family: arial, helvetica, sans-serif; font-size: 16px; color: #000000;\"><strong>Lieu:<\/strong> Salle Arc en Ciel Jumet<\/span><br \/>\n<span style=\"font-family: arial, helvetica, sans-serif; font-size: 16px; color: #000000;\"><strong>\u00c2ges:<\/strong> d\u00e9butants, U10, U12, U14 et U16<\/span><\/p>\n","protected":false},"excerpt":{"rendered":"<p>Stage de Hockey chez les Wolves &#8211; 5 au 9 mai ! Bloquez la date pour ce stage du 5 au 9 mai! Un stage parfait pour perfectionner ses comp\u00e9tences, s&rsquo;amuser et vivre l&rsquo;exp\u00e9rience Wolves. Dates: 5 au 9 mai Lieu: Salle Arc en Ciel Jumet \u00c2ges: d\u00e9butants, U10, U12, U14 et U16<\/p>\n","protected":false},"author":5,"featured_media":0,"parent":1088,"menu_order":2,"comment_status":"closed","ping_status":"closed","template":"","meta":{"footnotes":""},"class_list":["post-1131","page","type-page","status-publish","hentry"],"yoast_head":"<!-- This site is optimized with the Yoast SEO plugin v27.3 - https:\/\/yoast.com\/product\/yoast-seo-wordpress\/ -->\n<title>Stage vacances de P\u00e2ques - Wolves Charleroi<\/title>\n<meta name=\"robots\" content=\"index, follow, max-snippet:-1, max-image-preview:large, max-video-preview:-1\" \/>\n<link rel=\"canonical\" href=\"https:\/\/wolvescharleroi.be\/?page_id=1131\" \/>\n<meta property=\"og:locale\" content=\"fr_FR\" \/>\n<meta property=\"og:type\" content=\"article\" \/>\n<meta property=\"og:title\" content=\"Stage vacances de P\u00e2ques - Wolves Charleroi\" \/>\n<meta property=\"og:description\" content=\"Stage de Hockey chez les Wolves &#8211; 5 au 9 mai ! Bloquez la date pour ce stage du 5 au 9 mai! Un stage parfait pour perfectionner ses comp\u00e9tences, s&rsquo;amuser et vivre l&rsquo;exp\u00e9rience Wolves. Dates: 5 au 9 mai Lieu: Salle Arc en Ciel Jumet \u00c2ges: d\u00e9butants, U10, U12, U14 et U16\" \/>\n<meta property=\"og:url\" content=\"https:\/\/wolvescharleroi.be\/?page_id=1131\" \/>\n<meta property=\"og:site_name\" content=\"Wolves Charleroi\" \/>\n<meta property=\"og:image\" content=\"https:\/\/wolvescharleroi.be\/wp-content\/uploads\/2025\/03\/stage-mai-2025.jpg\" \/>\n\t<meta property=\"og:image:width\" content=\"1018\" \/>\n\t<meta property=\"og:image:height\" content=\"1440\" \/>\n\t<meta property=\"og:image:type\" content=\"image\/jpeg\" \/>\n<meta name=\"twitter:card\" content=\"summary_large_image\" \/>\n<meta name=\"twitter:label1\" content=\"Dur\u00e9e de lecture estim\u00e9e\" \/>\n\t<meta name=\"twitter:data1\" content=\"1 minute\" \/>\n<script type=\"application\/ld+json\" class=\"yoast-schema-graph\">{\"@context\":\"https:\\\/\\\/schema.org\",\"@graph\":[{\"@type\":\"WebPage\",\"@id\":\"https:\\\/\\\/wolvescharleroi.be\\\/?page_id=1131\",\"url\":\"https:\\\/\\\/wolvescharleroi.be\\\/?page_id=1131\",\"name\":\"Stage vacances de P\u00e2ques - Wolves Charleroi\",\"isPartOf\":{\"@id\":\"https:\\\/\\\/wolvescharleroi.be\\\/#website\"},\"primaryImageOfPage\":{\"@id\":\"https:\\\/\\\/wolvescharleroi.be\\\/?page_id=1131#primaryimage\"},\"image\":{\"@id\":\"https:\\\/\\\/wolvescharleroi.be\\\/?page_id=1131#primaryimage\"},\"thumbnailUrl\":\"https:\\\/\\\/wolvescharleroi.be\\\/wp-content\\\/uploads\\\/2025\\\/03\\\/stage-mai-2025-106x150.jpg\",\"datePublished\":\"2025-05-15T16:42:46+00:00\",\"breadcrumb\":{\"@id\":\"https:\\\/\\\/wolvescharleroi.be\\\/?page_id=1131#breadcrumb\"},\"inLanguage\":\"fr-FR\",\"potentialAction\":[{\"@type\":\"ReadAction\",\"target\":[\"https:\\\/\\\/wolvescharleroi.be\\\/?page_id=1131\"]}]},{\"@type\":\"ImageObject\",\"inLanguage\":\"fr-FR\",\"@id\":\"https:\\\/\\\/wolvescharleroi.be\\\/?page_id=1131#primaryimage\",\"url\":\"https:\\\/\\\/wolvescharleroi.be\\\/wp-content\\\/uploads\\\/2025\\\/03\\\/stage-mai-2025.jpg\",\"contentUrl\":\"https:\\\/\\\/wolvescharleroi.be\\\/wp-content\\\/uploads\\\/2025\\\/03\\\/stage-mai-2025.jpg\",\"width\":1018,\"height\":1440},{\"@type\":\"BreadcrumbList\",\"@id\":\"https:\\\/\\\/wolvescharleroi.be\\\/?page_id=1131#breadcrumb\",\"itemListElement\":[{\"@type\":\"ListItem\",\"position\":1,\"name\":\"Accueil\",\"item\":\"https:\\\/\\\/wolvescharleroi.be\\\/\"},{\"@type\":\"ListItem\",\"position\":2,\"name\":\"ARCHIVES\",\"item\":\"https:\\\/\\\/wolvescharleroi.be\\\/?page_id=964\"},{\"@type\":\"ListItem\",\"position\":3,\"name\":\"ARCHIVES NEWS 2024-2025\",\"item\":\"https:\\\/\\\/wolvescharleroi.be\\\/?page_id=1088\"},{\"@type\":\"ListItem\",\"position\":4,\"name\":\"Stage vacances de P\u00e2ques\"}]},{\"@type\":\"WebSite\",\"@id\":\"https:\\\/\\\/wolvescharleroi.be\\\/#website\",\"url\":\"https:\\\/\\\/wolvescharleroi.be\\\/\",\"name\":\"Wolves Charleroi\",\"description\":\"\",\"publisher\":{\"@id\":\"https:\\\/\\\/wolvescharleroi.be\\\/#organization\"},\"potentialAction\":[{\"@type\":\"SearchAction\",\"target\":{\"@type\":\"EntryPoint\",\"urlTemplate\":\"https:\\\/\\\/wolvescharleroi.be\\\/?s={search_term_string}\"},\"query-input\":{\"@type\":\"PropertyValueSpecification\",\"valueRequired\":true,\"valueName\":\"search_term_string\"}}],\"inLanguage\":\"fr-FR\"},{\"@type\":\"Organization\",\"@id\":\"https:\\\/\\\/wolvescharleroi.be\\\/#organization\",\"name\":\"Wolves Charleroi\",\"url\":\"https:\\\/\\\/wolvescharleroi.be\\\/\",\"logo\":{\"@type\":\"ImageObject\",\"inLanguage\":\"fr-FR\",\"@id\":\"https:\\\/\\\/wolvescharleroi.be\\\/#\\\/schema\\\/logo\\\/image\\\/\",\"url\":\"https:\\\/\\\/wolvescharleroi.be\\\/wp-content\\\/uploads\\\/2025\\\/11\\\/tete-site.jpg\",\"contentUrl\":\"https:\\\/\\\/wolvescharleroi.be\\\/wp-content\\\/uploads\\\/2025\\\/11\\\/tete-site.jpg\",\"width\":510,\"height\":510,\"caption\":\"Wolves Charleroi\"},\"image\":{\"@id\":\"https:\\\/\\\/wolvescharleroi.be\\\/#\\\/schema\\\/logo\\\/image\\\/\"}}]}<\/script>\n<!-- \/ Yoast SEO plugin. -->","yoast_head_json":{"title":"Stage vacances de P\u00e2ques - Wolves Charleroi","robots":{"index":"index","follow":"follow","max-snippet":"max-snippet:-1","max-image-preview":"max-image-preview:large","max-video-preview":"max-video-preview:-1"},"canonical":"https:\/\/wolvescharleroi.be\/?page_id=1131","og_locale":"fr_FR","og_type":"article","og_title":"Stage vacances de P\u00e2ques - Wolves Charleroi","og_description":"Stage de Hockey chez les Wolves &#8211; 5 au 9 mai ! Bloquez la date pour ce stage du 5 au 9 mai! Un stage parfait pour perfectionner ses comp\u00e9tences, s&rsquo;amuser et vivre l&rsquo;exp\u00e9rience Wolves. Dates: 5 au 9 mai Lieu: Salle Arc en Ciel Jumet \u00c2ges: d\u00e9butants, U10, U12, U14 et U16","og_url":"https:\/\/wolvescharleroi.be\/?page_id=1131","og_site_name":"Wolves Charleroi","og_image":[{"width":1018,"height":1440,"url":"https:\/\/wolvescharleroi.be\/wp-content\/uploads\/2025\/03\/stage-mai-2025.jpg","type":"image\/jpeg"}],"twitter_card":"summary_large_image","twitter_misc":{"Dur\u00e9e de lecture estim\u00e9e":"1 minute"},"schema":{"@context":"https:\/\/schema.org","@graph":[{"@type":"WebPage","@id":"https:\/\/wolvescharleroi.be\/?page_id=1131","url":"https:\/\/wolvescharleroi.be\/?page_id=1131","name":"Stage vacances de P\u00e2ques - Wolves Charleroi","isPartOf":{"@id":"https:\/\/wolvescharleroi.be\/#website"},"primaryImageOfPage":{"@id":"https:\/\/wolvescharleroi.be\/?page_id=1131#primaryimage"},"image":{"@id":"https:\/\/wolvescharleroi.be\/?page_id=1131#primaryimage"},"thumbnailUrl":"https:\/\/wolvescharleroi.be\/wp-content\/uploads\/2025\/03\/stage-mai-2025-106x150.jpg","datePublished":"2025-05-15T16:42:46+00:00","breadcrumb":{"@id":"https:\/\/wolvescharleroi.be\/?page_id=1131#breadcrumb"},"inLanguage":"fr-FR","potentialAction":[{"@type":"ReadAction","target":["https:\/\/wolvescharleroi.be\/?page_id=1131"]}]},{"@type":"ImageObject","inLanguage":"fr-FR","@id":"https:\/\/wolvescharleroi.be\/?page_id=1131#primaryimage","url":"https:\/\/wolvescharleroi.be\/wp-content\/uploads\/2025\/03\/stage-mai-2025.jpg","contentUrl":"https:\/\/wolvescharleroi.be\/wp-content\/uploads\/2025\/03\/stage-mai-2025.jpg","width":1018,"height":1440},{"@type":"BreadcrumbList","@id":"https:\/\/wolvescharleroi.be\/?page_id=1131#breadcrumb","itemListElement":[{"@type":"ListItem","position":1,"name":"Accueil","item":"https:\/\/wolvescharleroi.be\/"},{"@type":"ListItem","position":2,"name":"ARCHIVES","item":"https:\/\/wolvescharleroi.be\/?page_id=964"},{"@type":"ListItem","position":3,"name":"ARCHIVES NEWS 2024-2025","item":"https:\/\/wolvescharleroi.be\/?page_id=1088"},{"@type":"ListItem","position":4,"name":"Stage vacances de P\u00e2ques"}]},{"@type":"WebSite","@id":"https:\/\/wolvescharleroi.be\/#website","url":"https:\/\/wolvescharleroi.be\/","name":"Wolves Charleroi","description":"","publisher":{"@id":"https:\/\/wolvescharleroi.be\/#organization"},"potentialAction":[{"@type":"SearchAction","target":{"@type":"EntryPoint","urlTemplate":"https:\/\/wolvescharleroi.be\/?s={search_term_string}"},"query-input":{"@type":"PropertyValueSpecification","valueRequired":true,"valueName":"search_term_string"}}],"inLanguage":"fr-FR"},{"@type":"Organization","@id":"https:\/\/wolvescharleroi.be\/#organization","name":"Wolves Charleroi","url":"https:\/\/wolvescharleroi.be\/","logo":{"@type":"ImageObject","inLanguage":"fr-FR","@id":"https:\/\/wolvescharleroi.be\/#\/schema\/logo\/image\/","url":"https:\/\/wolvescharleroi.be\/wp-content\/uploads\/2025\/11\/tete-site.jpg","contentUrl":"https:\/\/wolvescharleroi.be\/wp-content\/uploads\/2025\/11\/tete-site.jpg","width":510,"height":510,"caption":"Wolves Charleroi"},"image":{"@id":"https:\/\/wolvescharleroi.be\/#\/schema\/logo\/image\/"}}]}},"_links":{"self":[{"href":"https:\/\/wolvescharleroi.be\/index.php?rest_route=\/wp\/v2\/pages\/1131","targetHints":{"allow":["GET"]}}],"collection":[{"href":"https:\/\/wolvescharleroi.be\/index.php?rest_route=\/wp\/v2\/pages"}],"about":[{"href":"https:\/\/wolvescharleroi.be\/index.php?rest_route=\/wp\/v2\/types\/page"}],"author":[{"embeddable":true,"href":"https:\/\/wolvescharleroi.be\/index.php?rest_route=\/wp\/v2\/users\/5"}],"replies":[{"embeddable":true,"href":"https:\/\/wolvescharleroi.be\/index.php?rest_route=%2Fwp%2Fv2%2Fcomments&post=1131"}],"version-history":[{"count":1,"href":"https:\/\/wolvescharleroi.be\/index.php?rest_route=\/wp\/v2\/pages\/1131\/revisions"}],"predecessor-version":[{"id":1133,"href":"https:\/\/wolvescharleroi.be\/index.php?rest_route=\/wp\/v2\/pages\/1131\/revisions\/1133"}],"up":[{"embeddable":true,"href":"https:\/\/wolvescharleroi.be\/index.php?rest_route=\/wp\/v2\/pages\/1088"}],"wp:attachment":[{"href":"https:\/\/wolvescharleroi.be\/index.php?rest_route=%2Fwp%2Fv2%2Fmedia&parent=1131"}],"curies":[{"name":"wp","href":"https:\/\/api.w.org\/{rel}","templated":true}]}}