{"id":1127,"date":"2025-05-15T18:40:37","date_gmt":"2025-05-15T16:40:37","guid":{"rendered":"https:\/\/wolvescharleroi.be\/?page_id=1127"},"modified":"2025-05-15T18:41:33","modified_gmt":"2025-05-15T16:41:33","slug":"un-week-end-de-folie-chez-les-wolves","status":"publish","type":"page","link":"https:\/\/wolvescharleroi.be\/?page_id=1127","title":{"rendered":"Un week-end de folie chez les Wolves"},"content":{"rendered":"<div class=\"x11i5rnm xat24cr x1mh8g0r x1vvkbs xtlvy1s x126k92a\">\n<div dir=\"auto\"><span style=\"text-decoration: underline;\"><span style=\"font-family: arial, helvetica, sans-serif; font-size: 16px;\">Une programmation exceptionnelle !<\/span><\/span><\/div>\n<\/div>\n<div class=\"x11i5rnm xat24cr x1mh8g0r x1vvkbs xtlvy1s x126k92a\">\n<div dir=\"auto\"><span style=\"font-family: arial, helvetica, sans-serif; font-size: 16px;\">Vendredi &amp; Samedi : Ambiance conviviale avec notre souper porchetta et le tournoi de belote organis\u00e9 par notre N1 !<\/span><\/div>\n<div dir=\"auto\"><span style=\"font-family: arial, helvetica, sans-serif; font-size: 16px;\">Samedi &amp; Dimanche : De nombreux matchs pour toutes nos cat\u00e9gories, avec notamment le premier tournoi U10 pour certains de nos jeunes joueurs ! Une grande premi\u00e8re pleine d&rsquo;\u00e9motion !<span class=\"html-span xexx8yu x4uap5 x18d9i69 xkhd6sd x1hl2dhg x16tdsg8 x1vvkbs x3nfvp2 x1j61x8r x1fcty0u xdj266r xat24cr xgzva0m xhhsvwb xxymvpz xlup9mm x1kky2od\"><br \/>\n<a href=\"https:\/\/wolvescharleroi.be\/wp-content\/uploads\/2025\/03\/23-mars-2025-2.jpg\"><img loading=\"lazy\" decoding=\"async\" class=\"alignnone size-medium wp-image-820\" src=\"https:\/\/wolvescharleroi.be\/wp-content\/uploads\/2025\/03\/23-mars-2025-2-120x150.jpg\" alt=\"\" width=\"120\" height=\"150\" srcset=\"https:\/\/wolvescharleroi.be\/wp-content\/uploads\/2025\/03\/23-mars-2025-2-120x150.jpg 120w, https:\/\/wolvescharleroi.be\/wp-content\/uploads\/2025\/03\/23-mars-2025-2-819x1024.jpg 819w, https:\/\/wolvescharleroi.be\/wp-content\/uploads\/2025\/03\/23-mars-2025-2-768x960.jpg 768w, https:\/\/wolvescharleroi.be\/wp-content\/uploads\/2025\/03\/23-mars-2025-2-1024x1280.jpg 1024w, https:\/\/wolvescharleroi.be\/wp-content\/uploads\/2025\/03\/23-mars-2025-2-864x1080.jpg 864w, https:\/\/wolvescharleroi.be\/wp-content\/uploads\/2025\/03\/23-mars-2025-2.jpg 1080w\" sizes=\"auto, (max-width: 120px) 100vw, 120px\" \/><\/a> <a href=\"https:\/\/wolvescharleroi.be\/wp-content\/uploads\/2025\/03\/23-mars-2025.jpg\"><img loading=\"lazy\" decoding=\"async\" class=\"alignnone size-medium wp-image-819\" src=\"https:\/\/wolvescharleroi.be\/wp-content\/uploads\/2025\/03\/23-mars-2025-150x150.jpg\" alt=\"\" width=\"150\" height=\"150\" srcset=\"https:\/\/wolvescharleroi.be\/wp-content\/uploads\/2025\/03\/23-mars-2025-150x150.jpg 150w, https:\/\/wolvescharleroi.be\/wp-content\/uploads\/2025\/03\/23-mars-2025-1024x1024.jpg 1024w, https:\/\/wolvescharleroi.be\/wp-content\/uploads\/2025\/03\/23-mars-2025-75x75.jpg 75w, https:\/\/wolvescharleroi.be\/wp-content\/uploads\/2025\/03\/23-mars-2025-768x768.jpg 768w, https:\/\/wolvescharleroi.be\/wp-content\/uploads\/2025\/03\/23-mars-2025.jpg 1080w\" sizes=\"auto, (max-width: 150px) 100vw, 150px\" \/><\/a><br \/>\n<\/span><\/span><\/div>\n<\/div>\n<div class=\"x11i5rnm xat24cr x1mh8g0r x1vvkbs xtlvy1s x126k92a\">\n<div dir=\"auto\"><span style=\"font-family: arial, helvetica, sans-serif; font-size: 16px;\"><strong>Et n&rsquo;oublions pas :<\/strong> Dimanche, notre N2 se battra pour le titre contre les Lapwings ! Un affrontement \u00e0 ne pas manquer !<\/span><\/div>\n<\/div>\n<div class=\"x11i5rnm xat24cr x1mh8g0r x1vvkbs xtlvy1s x126k92a\">\n<div dir=\"auto\"><span style=\"font-family: arial, helvetica, sans-serif; font-size: 16px;\">Venez nombreux pour soutenir nos joueurs, passer un moment convivial et vibrer avec nous !<\/span><\/div>\n<\/div>\n","protected":false},"excerpt":{"rendered":"<p>Une programmation exceptionnelle ! Vendredi &amp; Samedi : Ambiance conviviale avec notre souper porchetta et le tournoi de belote organis\u00e9 par notre N1 ! Samedi &amp; Dimanche : De nombreux matchs pour toutes nos cat\u00e9gories, avec notamment le premier tournoi U10 pour certains de nos jeunes joueurs ! Une grande premi\u00e8re pleine d&rsquo;\u00e9motion ! Et&hellip; <br \/> <a class=\"read-more\" href=\"https:\/\/wolvescharleroi.be\/?page_id=1127\">Lire la suite<\/a><\/p>\n","protected":false},"author":5,"featured_media":0,"parent":1088,"menu_order":0,"comment_status":"closed","ping_status":"closed","template":"","meta":{"footnotes":""},"class_list":["post-1127","page","type-page","status-publish","hentry"],"yoast_head":"<!-- This site is optimized with the Yoast SEO plugin v27.3 - https:\/\/yoast.com\/product\/yoast-seo-wordpress\/ -->\n<title>Un week-end de folie chez les Wolves - Wolves Charleroi<\/title>\n<meta name=\"robots\" content=\"index, follow, max-snippet:-1, max-image-preview:large, max-video-preview:-1\" \/>\n<link rel=\"canonical\" href=\"https:\/\/wolvescharleroi.be\/?page_id=1127\" \/>\n<meta property=\"og:locale\" content=\"fr_FR\" \/>\n<meta property=\"og:type\" content=\"article\" \/>\n<meta property=\"og:title\" content=\"Un week-end de folie chez les Wolves - Wolves Charleroi\" \/>\n<meta property=\"og:description\" content=\"Une programmation exceptionnelle ! Vendredi &amp; Samedi : Ambiance conviviale avec notre souper porchetta et le tournoi de belote organis\u00e9 par notre N1 ! Samedi &amp; Dimanche : De nombreux matchs pour toutes nos cat\u00e9gories, avec notamment le premier tournoi U10 pour certains de nos jeunes joueurs ! Une grande premi\u00e8re pleine d&rsquo;\u00e9motion ! Et&hellip; Lire la suite\" \/>\n<meta property=\"og:url\" content=\"https:\/\/wolvescharleroi.be\/?page_id=1127\" \/>\n<meta property=\"og:site_name\" content=\"Wolves Charleroi\" \/>\n<meta property=\"article:modified_time\" content=\"2025-05-15T16:41:33+00:00\" \/>\n<meta property=\"og:image\" content=\"https:\/\/wolvescharleroi.be\/wp-content\/uploads\/2025\/03\/23-mars-2025-2.jpg\" \/>\n\t<meta property=\"og:image:width\" content=\"1080\" \/>\n\t<meta property=\"og:image:height\" content=\"1350\" \/>\n\t<meta property=\"og:image:type\" content=\"image\/jpeg\" \/>\n<meta name=\"twitter:card\" content=\"summary_large_image\" \/>\n<meta name=\"twitter:label1\" content=\"Dur\u00e9e de lecture estim\u00e9e\" \/>\n\t<meta name=\"twitter:data1\" content=\"1 minute\" \/>\n<script type=\"application\/ld+json\" class=\"yoast-schema-graph\">{\"@context\":\"https:\\\/\\\/schema.org\",\"@graph\":[{\"@type\":\"WebPage\",\"@id\":\"https:\\\/\\\/wolvescharleroi.be\\\/?page_id=1127\",\"url\":\"https:\\\/\\\/wolvescharleroi.be\\\/?page_id=1127\",\"name\":\"Un week-end de folie chez les Wolves - Wolves Charleroi\",\"isPartOf\":{\"@id\":\"https:\\\/\\\/wolvescharleroi.be\\\/#website\"},\"primaryImageOfPage\":{\"@id\":\"https:\\\/\\\/wolvescharleroi.be\\\/?page_id=1127#primaryimage\"},\"image\":{\"@id\":\"https:\\\/\\\/wolvescharleroi.be\\\/?page_id=1127#primaryimage\"},\"thumbnailUrl\":\"https:\\\/\\\/wolvescharleroi.be\\\/wp-content\\\/uploads\\\/2025\\\/03\\\/23-mars-2025-2-120x150.jpg\",\"datePublished\":\"2025-05-15T16:40:37+00:00\",\"dateModified\":\"2025-05-15T16:41:33+00:00\",\"breadcrumb\":{\"@id\":\"https:\\\/\\\/wolvescharleroi.be\\\/?page_id=1127#breadcrumb\"},\"inLanguage\":\"fr-FR\",\"potentialAction\":[{\"@type\":\"ReadAction\",\"target\":[\"https:\\\/\\\/wolvescharleroi.be\\\/?page_id=1127\"]}]},{\"@type\":\"ImageObject\",\"inLanguage\":\"fr-FR\",\"@id\":\"https:\\\/\\\/wolvescharleroi.be\\\/?page_id=1127#primaryimage\",\"url\":\"https:\\\/\\\/wolvescharleroi.be\\\/wp-content\\\/uploads\\\/2025\\\/03\\\/23-mars-2025-2.jpg\",\"contentUrl\":\"https:\\\/\\\/wolvescharleroi.be\\\/wp-content\\\/uploads\\\/2025\\\/03\\\/23-mars-2025-2.jpg\",\"width\":1080,\"height\":1350},{\"@type\":\"BreadcrumbList\",\"@id\":\"https:\\\/\\\/wolvescharleroi.be\\\/?page_id=1127#breadcrumb\",\"itemListElement\":[{\"@type\":\"ListItem\",\"position\":1,\"name\":\"Accueil\",\"item\":\"https:\\\/\\\/wolvescharleroi.be\\\/\"},{\"@type\":\"ListItem\",\"position\":2,\"name\":\"ARCHIVES\",\"item\":\"https:\\\/\\\/wolvescharleroi.be\\\/?page_id=964\"},{\"@type\":\"ListItem\",\"position\":3,\"name\":\"ARCHIVES NEWS 2024-2025\",\"item\":\"https:\\\/\\\/wolvescharleroi.be\\\/?page_id=1088\"},{\"@type\":\"ListItem\",\"position\":4,\"name\":\"Un week-end de folie chez les Wolves\"}]},{\"@type\":\"WebSite\",\"@id\":\"https:\\\/\\\/wolvescharleroi.be\\\/#website\",\"url\":\"https:\\\/\\\/wolvescharleroi.be\\\/\",\"name\":\"Wolves Charleroi\",\"description\":\"\",\"publisher\":{\"@id\":\"https:\\\/\\\/wolvescharleroi.be\\\/#organization\"},\"potentialAction\":[{\"@type\":\"SearchAction\",\"target\":{\"@type\":\"EntryPoint\",\"urlTemplate\":\"https:\\\/\\\/wolvescharleroi.be\\\/?s={search_term_string}\"},\"query-input\":{\"@type\":\"PropertyValueSpecification\",\"valueRequired\":true,\"valueName\":\"search_term_string\"}}],\"inLanguage\":\"fr-FR\"},{\"@type\":\"Organization\",\"@id\":\"https:\\\/\\\/wolvescharleroi.be\\\/#organization\",\"name\":\"Wolves Charleroi\",\"url\":\"https:\\\/\\\/wolvescharleroi.be\\\/\",\"logo\":{\"@type\":\"ImageObject\",\"inLanguage\":\"fr-FR\",\"@id\":\"https:\\\/\\\/wolvescharleroi.be\\\/#\\\/schema\\\/logo\\\/image\\\/\",\"url\":\"https:\\\/\\\/wolvescharleroi.be\\\/wp-content\\\/uploads\\\/2025\\\/11\\\/tete-site.jpg\",\"contentUrl\":\"https:\\\/\\\/wolvescharleroi.be\\\/wp-content\\\/uploads\\\/2025\\\/11\\\/tete-site.jpg\",\"width\":510,\"height\":510,\"caption\":\"Wolves Charleroi\"},\"image\":{\"@id\":\"https:\\\/\\\/wolvescharleroi.be\\\/#\\\/schema\\\/logo\\\/image\\\/\"}}]}<\/script>\n<!-- \/ Yoast SEO plugin. -->","yoast_head_json":{"title":"Un week-end de folie chez les Wolves - Wolves Charleroi","robots":{"index":"index","follow":"follow","max-snippet":"max-snippet:-1","max-image-preview":"max-image-preview:large","max-video-preview":"max-video-preview:-1"},"canonical":"https:\/\/wolvescharleroi.be\/?page_id=1127","og_locale":"fr_FR","og_type":"article","og_title":"Un week-end de folie chez les Wolves - Wolves Charleroi","og_description":"Une programmation exceptionnelle ! Vendredi &amp; Samedi : Ambiance conviviale avec notre souper porchetta et le tournoi de belote organis\u00e9 par notre N1 ! Samedi &amp; Dimanche : De nombreux matchs pour toutes nos cat\u00e9gories, avec notamment le premier tournoi U10 pour certains de nos jeunes joueurs ! Une grande premi\u00e8re pleine d&rsquo;\u00e9motion ! Et&hellip; Lire la suite","og_url":"https:\/\/wolvescharleroi.be\/?page_id=1127","og_site_name":"Wolves Charleroi","article_modified_time":"2025-05-15T16:41:33+00:00","og_image":[{"width":1080,"height":1350,"url":"https:\/\/wolvescharleroi.be\/wp-content\/uploads\/2025\/03\/23-mars-2025-2.jpg","type":"image\/jpeg"}],"twitter_card":"summary_large_image","twitter_misc":{"Dur\u00e9e de lecture estim\u00e9e":"1 minute"},"schema":{"@context":"https:\/\/schema.org","@graph":[{"@type":"WebPage","@id":"https:\/\/wolvescharleroi.be\/?page_id=1127","url":"https:\/\/wolvescharleroi.be\/?page_id=1127","name":"Un week-end de folie chez les Wolves - Wolves Charleroi","isPartOf":{"@id":"https:\/\/wolvescharleroi.be\/#website"},"primaryImageOfPage":{"@id":"https:\/\/wolvescharleroi.be\/?page_id=1127#primaryimage"},"image":{"@id":"https:\/\/wolvescharleroi.be\/?page_id=1127#primaryimage"},"thumbnailUrl":"https:\/\/wolvescharleroi.be\/wp-content\/uploads\/2025\/03\/23-mars-2025-2-120x150.jpg","datePublished":"2025-05-15T16:40:37+00:00","dateModified":"2025-05-15T16:41:33+00:00","breadcrumb":{"@id":"https:\/\/wolvescharleroi.be\/?page_id=1127#breadcrumb"},"inLanguage":"fr-FR","potentialAction":[{"@type":"ReadAction","target":["https:\/\/wolvescharleroi.be\/?page_id=1127"]}]},{"@type":"ImageObject","inLanguage":"fr-FR","@id":"https:\/\/wolvescharleroi.be\/?page_id=1127#primaryimage","url":"https:\/\/wolvescharleroi.be\/wp-content\/uploads\/2025\/03\/23-mars-2025-2.jpg","contentUrl":"https:\/\/wolvescharleroi.be\/wp-content\/uploads\/2025\/03\/23-mars-2025-2.jpg","width":1080,"height":1350},{"@type":"BreadcrumbList","@id":"https:\/\/wolvescharleroi.be\/?page_id=1127#breadcrumb","itemListElement":[{"@type":"ListItem","position":1,"name":"Accueil","item":"https:\/\/wolvescharleroi.be\/"},{"@type":"ListItem","position":2,"name":"ARCHIVES","item":"https:\/\/wolvescharleroi.be\/?page_id=964"},{"@type":"ListItem","position":3,"name":"ARCHIVES NEWS 2024-2025","item":"https:\/\/wolvescharleroi.be\/?page_id=1088"},{"@type":"ListItem","position":4,"name":"Un week-end de folie chez les Wolves"}]},{"@type":"WebSite","@id":"https:\/\/wolvescharleroi.be\/#website","url":"https:\/\/wolvescharleroi.be\/","name":"Wolves Charleroi","description":"","publisher":{"@id":"https:\/\/wolvescharleroi.be\/#organization"},"potentialAction":[{"@type":"SearchAction","target":{"@type":"EntryPoint","urlTemplate":"https:\/\/wolvescharleroi.be\/?s={search_term_string}"},"query-input":{"@type":"PropertyValueSpecification","valueRequired":true,"valueName":"search_term_string"}}],"inLanguage":"fr-FR"},{"@type":"Organization","@id":"https:\/\/wolvescharleroi.be\/#organization","name":"Wolves Charleroi","url":"https:\/\/wolvescharleroi.be\/","logo":{"@type":"ImageObject","inLanguage":"fr-FR","@id":"https:\/\/wolvescharleroi.be\/#\/schema\/logo\/image\/","url":"https:\/\/wolvescharleroi.be\/wp-content\/uploads\/2025\/11\/tete-site.jpg","contentUrl":"https:\/\/wolvescharleroi.be\/wp-content\/uploads\/2025\/11\/tete-site.jpg","width":510,"height":510,"caption":"Wolves Charleroi"},"image":{"@id":"https:\/\/wolvescharleroi.be\/#\/schema\/logo\/image\/"}}]}},"_links":{"self":[{"href":"https:\/\/wolvescharleroi.be\/index.php?rest_route=\/wp\/v2\/pages\/1127","targetHints":{"allow":["GET"]}}],"collection":[{"href":"https:\/\/wolvescharleroi.be\/index.php?rest_route=\/wp\/v2\/pages"}],"about":[{"href":"https:\/\/wolvescharleroi.be\/index.php?rest_route=\/wp\/v2\/types\/page"}],"author":[{"embeddable":true,"href":"https:\/\/wolvescharleroi.be\/index.php?rest_route=\/wp\/v2\/users\/5"}],"replies":[{"embeddable":true,"href":"https:\/\/wolvescharleroi.be\/index.php?rest_route=%2Fwp%2Fv2%2Fcomments&post=1127"}],"version-history":[{"count":1,"href":"https:\/\/wolvescharleroi.be\/index.php?rest_route=\/wp\/v2\/pages\/1127\/revisions"}],"predecessor-version":[{"id":1129,"href":"https:\/\/wolvescharleroi.be\/index.php?rest_route=\/wp\/v2\/pages\/1127\/revisions\/1129"}],"up":[{"embeddable":true,"href":"https:\/\/wolvescharleroi.be\/index.php?rest_route=\/wp\/v2\/pages\/1088"}],"wp:attachment":[{"href":"https:\/\/wolvescharleroi.be\/index.php?rest_route=%2Fwp%2Fv2%2Fmedia&parent=1127"}],"curies":[{"name":"wp","href":"https:\/\/api.w.org\/{rel}","templated":true}]}}