{"id":1117,"date":"2025-05-15T18:36:05","date_gmt":"2025-05-15T16:36:05","guid":{"rendered":"https:\/\/wolvescharleroi.be\/?page_id=1117"},"modified":"2025-05-15T18:36:05","modified_gmt":"2025-05-15T16:36:05","slug":"telesambre-a-la-coupe-de-belgique","status":"publish","type":"page","link":"https:\/\/wolvescharleroi.be\/?page_id=1117","title":{"rendered":"T\u00e9l\u00e9sambre \u00e0 la coupe de Belgique"},"content":{"rendered":"<p><span style=\"color: #000000;\">Merci \u00e0 T\u00e9l\u00e9sambre et son \u00e9quipe pour le super compte rendu de la finale de la coupe de Belgique<\/span><br \/>\n<span style=\"color: #000000;\"><strong><span style=\"text-decoration: underline;\">Cliquez sur la photo ci-dessous<\/span><\/strong><\/span><br \/>\n<span style=\"color: #000000;\"><a style=\"color: #000000;\" href=\"https:\/\/l.facebook.com\/l.php?u=https%3A%2F%2Fwww.telesambre.be%2Fsport%2Fle-gratin-du-roller-hockey-present-beaumont%2F72460%3Ffbclid%3DIwZXh0bgNhZW0CMTEAAR7ERT7-K-306SQnyTCxrhz3HkfeNCOCcXvidMPt0qUvGl50OsN8WB81mSBTOQ_aem_-Snx0AE3u8rF8GIe48j1Ng&amp;h=AT0_ia87OJlLLXWkHunRjkceLrmB5qZsnpyf4ZU5iX9-jraWyxJvhzJ-CztPHKX8uqraWzGm3c8Asq8F4pTFT9XQ2xh7UBBeZ_HG3op7jXRGEuVPjCN6SLFkzdACNpl94srCgj06Gr4u2UMSgDEDdiHnNpnhsCGv&amp;__tn__=%2CmH-R&amp;c[0]=AT0MjaMaFXAbK7YWXVAby01ALKPehxZd2gytddjRMKSZ8zax1LJ0qjqwPObGIiar9IGq0BS0lVPIaKVTyCfZSTPg-WZOJkOUl1DJzPJLmJofNMOcq9Cs4IeWKNqmhh0fuyde3W1NEvf5a4sLbeCYYh6y6aXuZf27w7xZW-JSiCJQU0_GpcGxsR_60MbwVN8RxJWh1o_vS0BBMk3dj0oozH2UWl24_18M3LxSIupY2fcWIVgPlFgEZUpdQqw\"><img loading=\"lazy\" decoding=\"async\" class=\"alignnone size-medium wp-image-887\" src=\"https:\/\/wolvescharleroi.be\/wp-content\/uploads\/2025\/04\/DSC3160-150x117.jpg\" alt=\"\" width=\"150\" height=\"117\" srcset=\"https:\/\/wolvescharleroi.be\/wp-content\/uploads\/2025\/04\/DSC3160-150x117.jpg 150w, https:\/\/wolvescharleroi.be\/wp-content\/uploads\/2025\/04\/DSC3160-1024x796.jpg 1024w, https:\/\/wolvescharleroi.be\/wp-content\/uploads\/2025\/04\/DSC3160-768x597.jpg 768w, https:\/\/wolvescharleroi.be\/wp-content\/uploads\/2025\/04\/DSC3160.jpg 1389w\" sizes=\"auto, (max-width: 150px) 100vw, 150px\" \/><\/a><\/span><br \/>\n<span style=\"color: #000000;\">Apr\u00e8s la d\u00e9faite \u00e0 la finale de la coupe de Belgique, rendez-vous pour le best of Three de la nat1 se jouera \u00e0 Beveren ce samedi 26 avril \u00e0 20H, match retour \u00e0 Jumet le dimanche 27 avril \u00e0 18H, 3\u00e8me match reste \u00e0 d\u00e9finir si match nul, venez tr\u00e8s nombreux encourager la NAt1.<\/span><\/p>\n","protected":false},"excerpt":{"rendered":"<p>Merci \u00e0 T\u00e9l\u00e9sambre et son \u00e9quipe pour le super compte rendu de la finale de la coupe de Belgique Cliquez sur la photo ci-dessous Apr\u00e8s la d\u00e9faite \u00e0 la finale de la coupe de Belgique, rendez-vous pour le best of Three de la nat1 se jouera \u00e0 Beveren ce samedi 26 avril \u00e0 20H, match&hellip; <br \/> <a class=\"read-more\" href=\"https:\/\/wolvescharleroi.be\/?page_id=1117\">Lire la suite<\/a><\/p>\n","protected":false},"author":5,"featured_media":0,"parent":1084,"menu_order":7,"comment_status":"closed","ping_status":"closed","template":"","meta":{"footnotes":""},"class_list":["post-1117","page","type-page","status-publish","hentry"],"yoast_head":"<!-- This site is optimized with the Yoast SEO plugin v27.3 - https:\/\/yoast.com\/product\/yoast-seo-wordpress\/ -->\n<title>T\u00e9l\u00e9sambre \u00e0 la coupe de Belgique - Wolves Charleroi<\/title>\n<meta name=\"robots\" content=\"index, follow, max-snippet:-1, max-image-preview:large, max-video-preview:-1\" \/>\n<link rel=\"canonical\" href=\"https:\/\/wolvescharleroi.be\/?page_id=1117\" \/>\n<meta property=\"og:locale\" content=\"fr_FR\" \/>\n<meta property=\"og:type\" content=\"article\" \/>\n<meta property=\"og:title\" content=\"T\u00e9l\u00e9sambre \u00e0 la coupe de Belgique - Wolves Charleroi\" \/>\n<meta property=\"og:description\" content=\"Merci \u00e0 T\u00e9l\u00e9sambre et son \u00e9quipe pour le super compte rendu de la finale de la coupe de Belgique Cliquez sur la photo ci-dessous Apr\u00e8s la d\u00e9faite \u00e0 la finale de la coupe de Belgique, rendez-vous pour le best of Three de la nat1 se jouera \u00e0 Beveren ce samedi 26 avril \u00e0 20H, match&hellip; Lire la suite\" \/>\n<meta property=\"og:url\" content=\"https:\/\/wolvescharleroi.be\/?page_id=1117\" \/>\n<meta property=\"og:site_name\" content=\"Wolves Charleroi\" \/>\n<meta property=\"og:image\" content=\"https:\/\/wolvescharleroi.be\/wp-content\/uploads\/2025\/04\/DSC3160.jpg\" \/>\n\t<meta property=\"og:image:width\" content=\"1389\" \/>\n\t<meta property=\"og:image:height\" content=\"1080\" \/>\n\t<meta property=\"og:image:type\" content=\"image\/jpeg\" \/>\n<meta name=\"twitter:card\" content=\"summary_large_image\" \/>\n<meta name=\"twitter:label1\" content=\"Dur\u00e9e de lecture estim\u00e9e\" \/>\n\t<meta name=\"twitter:data1\" content=\"1 minute\" \/>\n<script type=\"application\/ld+json\" class=\"yoast-schema-graph\">{\"@context\":\"https:\\\/\\\/schema.org\",\"@graph\":[{\"@type\":\"WebPage\",\"@id\":\"https:\\\/\\\/wolvescharleroi.be\\\/?page_id=1117\",\"url\":\"https:\\\/\\\/wolvescharleroi.be\\\/?page_id=1117\",\"name\":\"T\u00e9l\u00e9sambre \u00e0 la coupe de Belgique - Wolves Charleroi\",\"isPartOf\":{\"@id\":\"https:\\\/\\\/wolvescharleroi.be\\\/#website\"},\"primaryImageOfPage\":{\"@id\":\"https:\\\/\\\/wolvescharleroi.be\\\/?page_id=1117#primaryimage\"},\"image\":{\"@id\":\"https:\\\/\\\/wolvescharleroi.be\\\/?page_id=1117#primaryimage\"},\"thumbnailUrl\":\"https:\\\/\\\/wolvescharleroi.be\\\/wp-content\\\/uploads\\\/2025\\\/04\\\/DSC3160-150x117.jpg\",\"datePublished\":\"2025-05-15T16:36:05+00:00\",\"breadcrumb\":{\"@id\":\"https:\\\/\\\/wolvescharleroi.be\\\/?page_id=1117#breadcrumb\"},\"inLanguage\":\"fr-FR\",\"potentialAction\":[{\"@type\":\"ReadAction\",\"target\":[\"https:\\\/\\\/wolvescharleroi.be\\\/?page_id=1117\"]}]},{\"@type\":\"ImageObject\",\"inLanguage\":\"fr-FR\",\"@id\":\"https:\\\/\\\/wolvescharleroi.be\\\/?page_id=1117#primaryimage\",\"url\":\"https:\\\/\\\/wolvescharleroi.be\\\/wp-content\\\/uploads\\\/2025\\\/04\\\/DSC3160.jpg\",\"contentUrl\":\"https:\\\/\\\/wolvescharleroi.be\\\/wp-content\\\/uploads\\\/2025\\\/04\\\/DSC3160.jpg\",\"width\":1389,\"height\":1080},{\"@type\":\"BreadcrumbList\",\"@id\":\"https:\\\/\\\/wolvescharleroi.be\\\/?page_id=1117#breadcrumb\",\"itemListElement\":[{\"@type\":\"ListItem\",\"position\":1,\"name\":\"Accueil\",\"item\":\"https:\\\/\\\/wolvescharleroi.be\\\/\"},{\"@type\":\"ListItem\",\"position\":2,\"name\":\"ARCHIVES\",\"item\":\"https:\\\/\\\/wolvescharleroi.be\\\/?page_id=964\"},{\"@type\":\"ListItem\",\"position\":3,\"name\":\"Presse 2024-2025\",\"item\":\"https:\\\/\\\/wolvescharleroi.be\\\/?page_id=1084\"},{\"@type\":\"ListItem\",\"position\":4,\"name\":\"T\u00e9l\u00e9sambre \u00e0 la coupe de Belgique\"}]},{\"@type\":\"WebSite\",\"@id\":\"https:\\\/\\\/wolvescharleroi.be\\\/#website\",\"url\":\"https:\\\/\\\/wolvescharleroi.be\\\/\",\"name\":\"Wolves Charleroi\",\"description\":\"\",\"publisher\":{\"@id\":\"https:\\\/\\\/wolvescharleroi.be\\\/#organization\"},\"potentialAction\":[{\"@type\":\"SearchAction\",\"target\":{\"@type\":\"EntryPoint\",\"urlTemplate\":\"https:\\\/\\\/wolvescharleroi.be\\\/?s={search_term_string}\"},\"query-input\":{\"@type\":\"PropertyValueSpecification\",\"valueRequired\":true,\"valueName\":\"search_term_string\"}}],\"inLanguage\":\"fr-FR\"},{\"@type\":\"Organization\",\"@id\":\"https:\\\/\\\/wolvescharleroi.be\\\/#organization\",\"name\":\"Wolves Charleroi\",\"url\":\"https:\\\/\\\/wolvescharleroi.be\\\/\",\"logo\":{\"@type\":\"ImageObject\",\"inLanguage\":\"fr-FR\",\"@id\":\"https:\\\/\\\/wolvescharleroi.be\\\/#\\\/schema\\\/logo\\\/image\\\/\",\"url\":\"https:\\\/\\\/wolvescharleroi.be\\\/wp-content\\\/uploads\\\/2025\\\/11\\\/tete-site.jpg\",\"contentUrl\":\"https:\\\/\\\/wolvescharleroi.be\\\/wp-content\\\/uploads\\\/2025\\\/11\\\/tete-site.jpg\",\"width\":510,\"height\":510,\"caption\":\"Wolves Charleroi\"},\"image\":{\"@id\":\"https:\\\/\\\/wolvescharleroi.be\\\/#\\\/schema\\\/logo\\\/image\\\/\"}}]}<\/script>\n<!-- \/ Yoast SEO plugin. -->","yoast_head_json":{"title":"T\u00e9l\u00e9sambre \u00e0 la coupe de Belgique - Wolves Charleroi","robots":{"index":"index","follow":"follow","max-snippet":"max-snippet:-1","max-image-preview":"max-image-preview:large","max-video-preview":"max-video-preview:-1"},"canonical":"https:\/\/wolvescharleroi.be\/?page_id=1117","og_locale":"fr_FR","og_type":"article","og_title":"T\u00e9l\u00e9sambre \u00e0 la coupe de Belgique - Wolves Charleroi","og_description":"Merci \u00e0 T\u00e9l\u00e9sambre et son \u00e9quipe pour le super compte rendu de la finale de la coupe de Belgique Cliquez sur la photo ci-dessous Apr\u00e8s la d\u00e9faite \u00e0 la finale de la coupe de Belgique, rendez-vous pour le best of Three de la nat1 se jouera \u00e0 Beveren ce samedi 26 avril \u00e0 20H, match&hellip; Lire la suite","og_url":"https:\/\/wolvescharleroi.be\/?page_id=1117","og_site_name":"Wolves Charleroi","og_image":[{"width":1389,"height":1080,"url":"https:\/\/wolvescharleroi.be\/wp-content\/uploads\/2025\/04\/DSC3160.jpg","type":"image\/jpeg"}],"twitter_card":"summary_large_image","twitter_misc":{"Dur\u00e9e de lecture estim\u00e9e":"1 minute"},"schema":{"@context":"https:\/\/schema.org","@graph":[{"@type":"WebPage","@id":"https:\/\/wolvescharleroi.be\/?page_id=1117","url":"https:\/\/wolvescharleroi.be\/?page_id=1117","name":"T\u00e9l\u00e9sambre \u00e0 la coupe de Belgique - Wolves Charleroi","isPartOf":{"@id":"https:\/\/wolvescharleroi.be\/#website"},"primaryImageOfPage":{"@id":"https:\/\/wolvescharleroi.be\/?page_id=1117#primaryimage"},"image":{"@id":"https:\/\/wolvescharleroi.be\/?page_id=1117#primaryimage"},"thumbnailUrl":"https:\/\/wolvescharleroi.be\/wp-content\/uploads\/2025\/04\/DSC3160-150x117.jpg","datePublished":"2025-05-15T16:36:05+00:00","breadcrumb":{"@id":"https:\/\/wolvescharleroi.be\/?page_id=1117#breadcrumb"},"inLanguage":"fr-FR","potentialAction":[{"@type":"ReadAction","target":["https:\/\/wolvescharleroi.be\/?page_id=1117"]}]},{"@type":"ImageObject","inLanguage":"fr-FR","@id":"https:\/\/wolvescharleroi.be\/?page_id=1117#primaryimage","url":"https:\/\/wolvescharleroi.be\/wp-content\/uploads\/2025\/04\/DSC3160.jpg","contentUrl":"https:\/\/wolvescharleroi.be\/wp-content\/uploads\/2025\/04\/DSC3160.jpg","width":1389,"height":1080},{"@type":"BreadcrumbList","@id":"https:\/\/wolvescharleroi.be\/?page_id=1117#breadcrumb","itemListElement":[{"@type":"ListItem","position":1,"name":"Accueil","item":"https:\/\/wolvescharleroi.be\/"},{"@type":"ListItem","position":2,"name":"ARCHIVES","item":"https:\/\/wolvescharleroi.be\/?page_id=964"},{"@type":"ListItem","position":3,"name":"Presse 2024-2025","item":"https:\/\/wolvescharleroi.be\/?page_id=1084"},{"@type":"ListItem","position":4,"name":"T\u00e9l\u00e9sambre \u00e0 la coupe de Belgique"}]},{"@type":"WebSite","@id":"https:\/\/wolvescharleroi.be\/#website","url":"https:\/\/wolvescharleroi.be\/","name":"Wolves Charleroi","description":"","publisher":{"@id":"https:\/\/wolvescharleroi.be\/#organization"},"potentialAction":[{"@type":"SearchAction","target":{"@type":"EntryPoint","urlTemplate":"https:\/\/wolvescharleroi.be\/?s={search_term_string}"},"query-input":{"@type":"PropertyValueSpecification","valueRequired":true,"valueName":"search_term_string"}}],"inLanguage":"fr-FR"},{"@type":"Organization","@id":"https:\/\/wolvescharleroi.be\/#organization","name":"Wolves Charleroi","url":"https:\/\/wolvescharleroi.be\/","logo":{"@type":"ImageObject","inLanguage":"fr-FR","@id":"https:\/\/wolvescharleroi.be\/#\/schema\/logo\/image\/","url":"https:\/\/wolvescharleroi.be\/wp-content\/uploads\/2025\/11\/tete-site.jpg","contentUrl":"https:\/\/wolvescharleroi.be\/wp-content\/uploads\/2025\/11\/tete-site.jpg","width":510,"height":510,"caption":"Wolves Charleroi"},"image":{"@id":"https:\/\/wolvescharleroi.be\/#\/schema\/logo\/image\/"}}]}},"_links":{"self":[{"href":"https:\/\/wolvescharleroi.be\/index.php?rest_route=\/wp\/v2\/pages\/1117","targetHints":{"allow":["GET"]}}],"collection":[{"href":"https:\/\/wolvescharleroi.be\/index.php?rest_route=\/wp\/v2\/pages"}],"about":[{"href":"https:\/\/wolvescharleroi.be\/index.php?rest_route=\/wp\/v2\/types\/page"}],"author":[{"embeddable":true,"href":"https:\/\/wolvescharleroi.be\/index.php?rest_route=\/wp\/v2\/users\/5"}],"replies":[{"embeddable":true,"href":"https:\/\/wolvescharleroi.be\/index.php?rest_route=%2Fwp%2Fv2%2Fcomments&post=1117"}],"version-history":[{"count":1,"href":"https:\/\/wolvescharleroi.be\/index.php?rest_route=\/wp\/v2\/pages\/1117\/revisions"}],"predecessor-version":[{"id":1119,"href":"https:\/\/wolvescharleroi.be\/index.php?rest_route=\/wp\/v2\/pages\/1117\/revisions\/1119"}],"up":[{"embeddable":true,"href":"https:\/\/wolvescharleroi.be\/index.php?rest_route=\/wp\/v2\/pages\/1084"}],"wp:attachment":[{"href":"https:\/\/wolvescharleroi.be\/index.php?rest_route=%2Fwp%2Fv2%2Fmedia&parent=1117"}],"curies":[{"name":"wp","href":"https:\/\/api.w.org\/{rel}","templated":true}]}}