{"id":1111,"date":"2025-05-15T18:33:07","date_gmt":"2025-05-15T16:33:07","guid":{"rendered":"https:\/\/wolvescharleroi.be\/?page_id=1111"},"modified":"2025-05-15T18:33:07","modified_gmt":"2025-05-15T16:33:07","slug":"sud-presse","status":"publish","type":"page","link":"https:\/\/wolvescharleroi.be\/?page_id=1111","title":{"rendered":"SUD PRESSE"},"content":{"rendered":"<p><span style=\"text-decoration: underline;\">26 avril 2025<br \/>\n<\/span><\/p>\n<p><span style=\"color: #000000;\">Merci \u00e0 L&rsquo;\u00e9quipe de r\u00e9daction des sports et son chef des sports Manu Salv\u00e9<br \/>\n<\/span><span style=\"color: #000000;\">pour l&rsquo;article paru sous le titre <strong>\u00ab\u00a0un sur quatre pour les Wolves Charleroi en coupe de Belgique\u00a0\u00bb<br \/>\n<\/strong>Disponible sur le site internet.<\/span><\/p>\n<p><em><span style=\"color: #ff0000;\">Et surtout si vous d\u00e9sirez lire tout les articles en entier, n&rsquo;h\u00e9sitez pas \u00e0 vous abonner<\/span><\/em><\/p>\n<p><span style=\"text-decoration: underline;\">\u00a0<\/span><\/p>\n","protected":false},"excerpt":{"rendered":"<p>26 avril 2025 Merci \u00e0 L&rsquo;\u00e9quipe de r\u00e9daction des sports et son chef des sports Manu Salv\u00e9 pour l&rsquo;article paru sous le titre \u00ab\u00a0un sur quatre pour les Wolves Charleroi en coupe de Belgique\u00a0\u00bb Disponible sur le site internet. Et surtout si vous d\u00e9sirez lire tout les articles en entier, n&rsquo;h\u00e9sitez pas \u00e0 vous abonner&hellip; <br \/> <a class=\"read-more\" href=\"https:\/\/wolvescharleroi.be\/?page_id=1111\">Lire la suite<\/a><\/p>\n","protected":false},"author":5,"featured_media":0,"parent":1084,"menu_order":5,"comment_status":"closed","ping_status":"closed","template":"","meta":{"footnotes":""},"class_list":["post-1111","page","type-page","status-publish","hentry"],"yoast_head":"<!-- This site is optimized with the Yoast SEO plugin v27.3 - https:\/\/yoast.com\/product\/yoast-seo-wordpress\/ -->\n<title>SUD PRESSE - Wolves Charleroi<\/title>\n<meta name=\"robots\" content=\"index, follow, max-snippet:-1, max-image-preview:large, max-video-preview:-1\" \/>\n<link rel=\"canonical\" href=\"https:\/\/wolvescharleroi.be\/?page_id=1111\" \/>\n<meta property=\"og:locale\" content=\"fr_FR\" \/>\n<meta property=\"og:type\" content=\"article\" \/>\n<meta property=\"og:title\" content=\"SUD PRESSE - Wolves Charleroi\" \/>\n<meta property=\"og:description\" content=\"26 avril 2025 Merci \u00e0 L&rsquo;\u00e9quipe de r\u00e9daction des sports et son chef des sports Manu Salv\u00e9 pour l&rsquo;article paru sous le titre \u00ab\u00a0un sur quatre pour les Wolves Charleroi en coupe de Belgique\u00a0\u00bb Disponible sur le site internet. Et surtout si vous d\u00e9sirez lire tout les articles en entier, n&rsquo;h\u00e9sitez pas \u00e0 vous abonner&hellip; Lire la suite\" \/>\n<meta property=\"og:url\" content=\"https:\/\/wolvescharleroi.be\/?page_id=1111\" \/>\n<meta property=\"og:site_name\" content=\"Wolves Charleroi\" \/>\n<meta name=\"twitter:card\" content=\"summary_large_image\" \/>\n<meta name=\"twitter:label1\" content=\"Dur\u00e9e de lecture estim\u00e9e\" \/>\n\t<meta name=\"twitter:data1\" content=\"1 minute\" \/>\n<script type=\"application\/ld+json\" class=\"yoast-schema-graph\">{\"@context\":\"https:\\\/\\\/schema.org\",\"@graph\":[{\"@type\":\"WebPage\",\"@id\":\"https:\\\/\\\/wolvescharleroi.be\\\/?page_id=1111\",\"url\":\"https:\\\/\\\/wolvescharleroi.be\\\/?page_id=1111\",\"name\":\"SUD PRESSE - Wolves Charleroi\",\"isPartOf\":{\"@id\":\"https:\\\/\\\/wolvescharleroi.be\\\/#website\"},\"datePublished\":\"2025-05-15T16:33:07+00:00\",\"breadcrumb\":{\"@id\":\"https:\\\/\\\/wolvescharleroi.be\\\/?page_id=1111#breadcrumb\"},\"inLanguage\":\"fr-FR\",\"potentialAction\":[{\"@type\":\"ReadAction\",\"target\":[\"https:\\\/\\\/wolvescharleroi.be\\\/?page_id=1111\"]}]},{\"@type\":\"BreadcrumbList\",\"@id\":\"https:\\\/\\\/wolvescharleroi.be\\\/?page_id=1111#breadcrumb\",\"itemListElement\":[{\"@type\":\"ListItem\",\"position\":1,\"name\":\"Accueil\",\"item\":\"https:\\\/\\\/wolvescharleroi.be\\\/\"},{\"@type\":\"ListItem\",\"position\":2,\"name\":\"ARCHIVES\",\"item\":\"https:\\\/\\\/wolvescharleroi.be\\\/?page_id=964\"},{\"@type\":\"ListItem\",\"position\":3,\"name\":\"Presse 2024-2025\",\"item\":\"https:\\\/\\\/wolvescharleroi.be\\\/?page_id=1084\"},{\"@type\":\"ListItem\",\"position\":4,\"name\":\"SUD PRESSE\"}]},{\"@type\":\"WebSite\",\"@id\":\"https:\\\/\\\/wolvescharleroi.be\\\/#website\",\"url\":\"https:\\\/\\\/wolvescharleroi.be\\\/\",\"name\":\"Wolves Charleroi\",\"description\":\"\",\"publisher\":{\"@id\":\"https:\\\/\\\/wolvescharleroi.be\\\/#organization\"},\"potentialAction\":[{\"@type\":\"SearchAction\",\"target\":{\"@type\":\"EntryPoint\",\"urlTemplate\":\"https:\\\/\\\/wolvescharleroi.be\\\/?s={search_term_string}\"},\"query-input\":{\"@type\":\"PropertyValueSpecification\",\"valueRequired\":true,\"valueName\":\"search_term_string\"}}],\"inLanguage\":\"fr-FR\"},{\"@type\":\"Organization\",\"@id\":\"https:\\\/\\\/wolvescharleroi.be\\\/#organization\",\"name\":\"Wolves Charleroi\",\"url\":\"https:\\\/\\\/wolvescharleroi.be\\\/\",\"logo\":{\"@type\":\"ImageObject\",\"inLanguage\":\"fr-FR\",\"@id\":\"https:\\\/\\\/wolvescharleroi.be\\\/#\\\/schema\\\/logo\\\/image\\\/\",\"url\":\"https:\\\/\\\/wolvescharleroi.be\\\/wp-content\\\/uploads\\\/2025\\\/11\\\/tete-site.jpg\",\"contentUrl\":\"https:\\\/\\\/wolvescharleroi.be\\\/wp-content\\\/uploads\\\/2025\\\/11\\\/tete-site.jpg\",\"width\":510,\"height\":510,\"caption\":\"Wolves Charleroi\"},\"image\":{\"@id\":\"https:\\\/\\\/wolvescharleroi.be\\\/#\\\/schema\\\/logo\\\/image\\\/\"}}]}<\/script>\n<!-- \/ Yoast SEO plugin. -->","yoast_head_json":{"title":"SUD PRESSE - Wolves Charleroi","robots":{"index":"index","follow":"follow","max-snippet":"max-snippet:-1","max-image-preview":"max-image-preview:large","max-video-preview":"max-video-preview:-1"},"canonical":"https:\/\/wolvescharleroi.be\/?page_id=1111","og_locale":"fr_FR","og_type":"article","og_title":"SUD PRESSE - Wolves Charleroi","og_description":"26 avril 2025 Merci \u00e0 L&rsquo;\u00e9quipe de r\u00e9daction des sports et son chef des sports Manu Salv\u00e9 pour l&rsquo;article paru sous le titre \u00ab\u00a0un sur quatre pour les Wolves Charleroi en coupe de Belgique\u00a0\u00bb Disponible sur le site internet. Et surtout si vous d\u00e9sirez lire tout les articles en entier, n&rsquo;h\u00e9sitez pas \u00e0 vous abonner&hellip; Lire la suite","og_url":"https:\/\/wolvescharleroi.be\/?page_id=1111","og_site_name":"Wolves Charleroi","twitter_card":"summary_large_image","twitter_misc":{"Dur\u00e9e de lecture estim\u00e9e":"1 minute"},"schema":{"@context":"https:\/\/schema.org","@graph":[{"@type":"WebPage","@id":"https:\/\/wolvescharleroi.be\/?page_id=1111","url":"https:\/\/wolvescharleroi.be\/?page_id=1111","name":"SUD PRESSE - Wolves Charleroi","isPartOf":{"@id":"https:\/\/wolvescharleroi.be\/#website"},"datePublished":"2025-05-15T16:33:07+00:00","breadcrumb":{"@id":"https:\/\/wolvescharleroi.be\/?page_id=1111#breadcrumb"},"inLanguage":"fr-FR","potentialAction":[{"@type":"ReadAction","target":["https:\/\/wolvescharleroi.be\/?page_id=1111"]}]},{"@type":"BreadcrumbList","@id":"https:\/\/wolvescharleroi.be\/?page_id=1111#breadcrumb","itemListElement":[{"@type":"ListItem","position":1,"name":"Accueil","item":"https:\/\/wolvescharleroi.be\/"},{"@type":"ListItem","position":2,"name":"ARCHIVES","item":"https:\/\/wolvescharleroi.be\/?page_id=964"},{"@type":"ListItem","position":3,"name":"Presse 2024-2025","item":"https:\/\/wolvescharleroi.be\/?page_id=1084"},{"@type":"ListItem","position":4,"name":"SUD PRESSE"}]},{"@type":"WebSite","@id":"https:\/\/wolvescharleroi.be\/#website","url":"https:\/\/wolvescharleroi.be\/","name":"Wolves Charleroi","description":"","publisher":{"@id":"https:\/\/wolvescharleroi.be\/#organization"},"potentialAction":[{"@type":"SearchAction","target":{"@type":"EntryPoint","urlTemplate":"https:\/\/wolvescharleroi.be\/?s={search_term_string}"},"query-input":{"@type":"PropertyValueSpecification","valueRequired":true,"valueName":"search_term_string"}}],"inLanguage":"fr-FR"},{"@type":"Organization","@id":"https:\/\/wolvescharleroi.be\/#organization","name":"Wolves Charleroi","url":"https:\/\/wolvescharleroi.be\/","logo":{"@type":"ImageObject","inLanguage":"fr-FR","@id":"https:\/\/wolvescharleroi.be\/#\/schema\/logo\/image\/","url":"https:\/\/wolvescharleroi.be\/wp-content\/uploads\/2025\/11\/tete-site.jpg","contentUrl":"https:\/\/wolvescharleroi.be\/wp-content\/uploads\/2025\/11\/tete-site.jpg","width":510,"height":510,"caption":"Wolves Charleroi"},"image":{"@id":"https:\/\/wolvescharleroi.be\/#\/schema\/logo\/image\/"}}]}},"_links":{"self":[{"href":"https:\/\/wolvescharleroi.be\/index.php?rest_route=\/wp\/v2\/pages\/1111","targetHints":{"allow":["GET"]}}],"collection":[{"href":"https:\/\/wolvescharleroi.be\/index.php?rest_route=\/wp\/v2\/pages"}],"about":[{"href":"https:\/\/wolvescharleroi.be\/index.php?rest_route=\/wp\/v2\/types\/page"}],"author":[{"embeddable":true,"href":"https:\/\/wolvescharleroi.be\/index.php?rest_route=\/wp\/v2\/users\/5"}],"replies":[{"embeddable":true,"href":"https:\/\/wolvescharleroi.be\/index.php?rest_route=%2Fwp%2Fv2%2Fcomments&post=1111"}],"version-history":[{"count":1,"href":"https:\/\/wolvescharleroi.be\/index.php?rest_route=\/wp\/v2\/pages\/1111\/revisions"}],"predecessor-version":[{"id":1112,"href":"https:\/\/wolvescharleroi.be\/index.php?rest_route=\/wp\/v2\/pages\/1111\/revisions\/1112"}],"up":[{"embeddable":true,"href":"https:\/\/wolvescharleroi.be\/index.php?rest_route=\/wp\/v2\/pages\/1084"}],"wp:attachment":[{"href":"https:\/\/wolvescharleroi.be\/index.php?rest_route=%2Fwp%2Fv2%2Fmedia&parent=1111"}],"curies":[{"name":"wp","href":"https:\/\/api.w.org\/{rel}","templated":true}]}}