{"id":1102,"date":"2025-05-15T18:26:33","date_gmt":"2025-05-15T16:26:33","guid":{"rendered":"https:\/\/wolvescharleroi.be\/?page_id=1102"},"modified":"2025-05-15T18:26:54","modified_gmt":"2025-05-15T16:26:54","slug":"sud-info-sports","status":"publish","type":"page","link":"https:\/\/wolvescharleroi.be\/?page_id=1102","title":{"rendered":"Sud Info Sports"},"content":{"rendered":"<p><span style=\"text-decoration: underline;\"><strong><span style=\"color: #000000; font-family: helvetica, arial, sans-serif; text-decoration: underline;\">mardi 29 avril<\/span><\/strong><\/span><br \/>\n<span style=\"color: #0000ff;\"><a style=\"color: #0000ff;\" href=\"https:\/\/wolvescharleroi.be\/wp-content\/uploads\/2025\/05\/2025-04-29-Nat1-championne-Belgique.pdf\"><strong><span style=\"font-family: helvetica, arial, sans-serif;\">\u00ab\u00a0LA Nat1 des Wolves Charleroi championne de Belgique\u00a0\u00bb<\/span><\/strong><\/a><br \/>\n<span style=\"color: #000000; font-family: helvetica, arial, sans-serif;\">N&rsquo;h\u00e9sitez pas \u00e0 vous abonnez pour avoir acc\u00e8s \u00e0 l&rsquo;article des Wolves Charleroi<\/span><\/span><\/p>\n","protected":false},"excerpt":{"rendered":"<p>mardi 29 avril \u00ab\u00a0LA Nat1 des Wolves Charleroi championne de Belgique\u00a0\u00bb N&rsquo;h\u00e9sitez pas \u00e0 vous abonnez pour avoir acc\u00e8s \u00e0 l&rsquo;article des Wolves Charleroi<\/p>\n","protected":false},"author":5,"featured_media":0,"parent":1084,"menu_order":0,"comment_status":"closed","ping_status":"closed","template":"","meta":{"footnotes":""},"class_list":["post-1102","page","type-page","status-publish","hentry"],"yoast_head":"<!-- This site is optimized with the Yoast SEO plugin v27.3 - https:\/\/yoast.com\/product\/yoast-seo-wordpress\/ -->\n<title>Sud Info Sports - Wolves Charleroi<\/title>\n<meta name=\"robots\" content=\"index, follow, max-snippet:-1, max-image-preview:large, max-video-preview:-1\" \/>\n<link rel=\"canonical\" href=\"https:\/\/wolvescharleroi.be\/?page_id=1102\" \/>\n<meta property=\"og:locale\" content=\"fr_FR\" \/>\n<meta property=\"og:type\" content=\"article\" \/>\n<meta property=\"og:title\" content=\"Sud Info Sports - Wolves Charleroi\" \/>\n<meta property=\"og:description\" content=\"mardi 29 avril \u00ab\u00a0LA Nat1 des Wolves Charleroi championne de Belgique\u00a0\u00bb N&rsquo;h\u00e9sitez pas \u00e0 vous abonnez pour avoir acc\u00e8s \u00e0 l&rsquo;article des Wolves Charleroi\" \/>\n<meta property=\"og:url\" content=\"https:\/\/wolvescharleroi.be\/?page_id=1102\" \/>\n<meta property=\"og:site_name\" content=\"Wolves Charleroi\" \/>\n<meta property=\"article:modified_time\" content=\"2025-05-15T16:26:54+00:00\" \/>\n<meta name=\"twitter:card\" content=\"summary_large_image\" \/>\n<meta name=\"twitter:label1\" content=\"Dur\u00e9e de lecture estim\u00e9e\" \/>\n\t<meta name=\"twitter:data1\" content=\"1 minute\" \/>\n<script type=\"application\/ld+json\" class=\"yoast-schema-graph\">{\"@context\":\"https:\\\/\\\/schema.org\",\"@graph\":[{\"@type\":\"WebPage\",\"@id\":\"https:\\\/\\\/wolvescharleroi.be\\\/?page_id=1102\",\"url\":\"https:\\\/\\\/wolvescharleroi.be\\\/?page_id=1102\",\"name\":\"Sud Info Sports - Wolves Charleroi\",\"isPartOf\":{\"@id\":\"https:\\\/\\\/wolvescharleroi.be\\\/#website\"},\"datePublished\":\"2025-05-15T16:26:33+00:00\",\"dateModified\":\"2025-05-15T16:26:54+00:00\",\"breadcrumb\":{\"@id\":\"https:\\\/\\\/wolvescharleroi.be\\\/?page_id=1102#breadcrumb\"},\"inLanguage\":\"fr-FR\",\"potentialAction\":[{\"@type\":\"ReadAction\",\"target\":[\"https:\\\/\\\/wolvescharleroi.be\\\/?page_id=1102\"]}]},{\"@type\":\"BreadcrumbList\",\"@id\":\"https:\\\/\\\/wolvescharleroi.be\\\/?page_id=1102#breadcrumb\",\"itemListElement\":[{\"@type\":\"ListItem\",\"position\":1,\"name\":\"Accueil\",\"item\":\"https:\\\/\\\/wolvescharleroi.be\\\/\"},{\"@type\":\"ListItem\",\"position\":2,\"name\":\"ARCHIVES\",\"item\":\"https:\\\/\\\/wolvescharleroi.be\\\/?page_id=964\"},{\"@type\":\"ListItem\",\"position\":3,\"name\":\"Presse 2024-2025\",\"item\":\"https:\\\/\\\/wolvescharleroi.be\\\/?page_id=1084\"},{\"@type\":\"ListItem\",\"position\":4,\"name\":\"Sud Info Sports\"}]},{\"@type\":\"WebSite\",\"@id\":\"https:\\\/\\\/wolvescharleroi.be\\\/#website\",\"url\":\"https:\\\/\\\/wolvescharleroi.be\\\/\",\"name\":\"Wolves Charleroi\",\"description\":\"\",\"publisher\":{\"@id\":\"https:\\\/\\\/wolvescharleroi.be\\\/#organization\"},\"potentialAction\":[{\"@type\":\"SearchAction\",\"target\":{\"@type\":\"EntryPoint\",\"urlTemplate\":\"https:\\\/\\\/wolvescharleroi.be\\\/?s={search_term_string}\"},\"query-input\":{\"@type\":\"PropertyValueSpecification\",\"valueRequired\":true,\"valueName\":\"search_term_string\"}}],\"inLanguage\":\"fr-FR\"},{\"@type\":\"Organization\",\"@id\":\"https:\\\/\\\/wolvescharleroi.be\\\/#organization\",\"name\":\"Wolves Charleroi\",\"url\":\"https:\\\/\\\/wolvescharleroi.be\\\/\",\"logo\":{\"@type\":\"ImageObject\",\"inLanguage\":\"fr-FR\",\"@id\":\"https:\\\/\\\/wolvescharleroi.be\\\/#\\\/schema\\\/logo\\\/image\\\/\",\"url\":\"https:\\\/\\\/wolvescharleroi.be\\\/wp-content\\\/uploads\\\/2025\\\/11\\\/tete-site.jpg\",\"contentUrl\":\"https:\\\/\\\/wolvescharleroi.be\\\/wp-content\\\/uploads\\\/2025\\\/11\\\/tete-site.jpg\",\"width\":510,\"height\":510,\"caption\":\"Wolves Charleroi\"},\"image\":{\"@id\":\"https:\\\/\\\/wolvescharleroi.be\\\/#\\\/schema\\\/logo\\\/image\\\/\"}}]}<\/script>\n<!-- \/ Yoast SEO plugin. -->","yoast_head_json":{"title":"Sud Info Sports - Wolves Charleroi","robots":{"index":"index","follow":"follow","max-snippet":"max-snippet:-1","max-image-preview":"max-image-preview:large","max-video-preview":"max-video-preview:-1"},"canonical":"https:\/\/wolvescharleroi.be\/?page_id=1102","og_locale":"fr_FR","og_type":"article","og_title":"Sud Info Sports - Wolves Charleroi","og_description":"mardi 29 avril \u00ab\u00a0LA Nat1 des Wolves Charleroi championne de Belgique\u00a0\u00bb N&rsquo;h\u00e9sitez pas \u00e0 vous abonnez pour avoir acc\u00e8s \u00e0 l&rsquo;article des Wolves Charleroi","og_url":"https:\/\/wolvescharleroi.be\/?page_id=1102","og_site_name":"Wolves Charleroi","article_modified_time":"2025-05-15T16:26:54+00:00","twitter_card":"summary_large_image","twitter_misc":{"Dur\u00e9e de lecture estim\u00e9e":"1 minute"},"schema":{"@context":"https:\/\/schema.org","@graph":[{"@type":"WebPage","@id":"https:\/\/wolvescharleroi.be\/?page_id=1102","url":"https:\/\/wolvescharleroi.be\/?page_id=1102","name":"Sud Info Sports - Wolves Charleroi","isPartOf":{"@id":"https:\/\/wolvescharleroi.be\/#website"},"datePublished":"2025-05-15T16:26:33+00:00","dateModified":"2025-05-15T16:26:54+00:00","breadcrumb":{"@id":"https:\/\/wolvescharleroi.be\/?page_id=1102#breadcrumb"},"inLanguage":"fr-FR","potentialAction":[{"@type":"ReadAction","target":["https:\/\/wolvescharleroi.be\/?page_id=1102"]}]},{"@type":"BreadcrumbList","@id":"https:\/\/wolvescharleroi.be\/?page_id=1102#breadcrumb","itemListElement":[{"@type":"ListItem","position":1,"name":"Accueil","item":"https:\/\/wolvescharleroi.be\/"},{"@type":"ListItem","position":2,"name":"ARCHIVES","item":"https:\/\/wolvescharleroi.be\/?page_id=964"},{"@type":"ListItem","position":3,"name":"Presse 2024-2025","item":"https:\/\/wolvescharleroi.be\/?page_id=1084"},{"@type":"ListItem","position":4,"name":"Sud Info Sports"}]},{"@type":"WebSite","@id":"https:\/\/wolvescharleroi.be\/#website","url":"https:\/\/wolvescharleroi.be\/","name":"Wolves Charleroi","description":"","publisher":{"@id":"https:\/\/wolvescharleroi.be\/#organization"},"potentialAction":[{"@type":"SearchAction","target":{"@type":"EntryPoint","urlTemplate":"https:\/\/wolvescharleroi.be\/?s={search_term_string}"},"query-input":{"@type":"PropertyValueSpecification","valueRequired":true,"valueName":"search_term_string"}}],"inLanguage":"fr-FR"},{"@type":"Organization","@id":"https:\/\/wolvescharleroi.be\/#organization","name":"Wolves Charleroi","url":"https:\/\/wolvescharleroi.be\/","logo":{"@type":"ImageObject","inLanguage":"fr-FR","@id":"https:\/\/wolvescharleroi.be\/#\/schema\/logo\/image\/","url":"https:\/\/wolvescharleroi.be\/wp-content\/uploads\/2025\/11\/tete-site.jpg","contentUrl":"https:\/\/wolvescharleroi.be\/wp-content\/uploads\/2025\/11\/tete-site.jpg","width":510,"height":510,"caption":"Wolves Charleroi"},"image":{"@id":"https:\/\/wolvescharleroi.be\/#\/schema\/logo\/image\/"}}]}},"_links":{"self":[{"href":"https:\/\/wolvescharleroi.be\/index.php?rest_route=\/wp\/v2\/pages\/1102","targetHints":{"allow":["GET"]}}],"collection":[{"href":"https:\/\/wolvescharleroi.be\/index.php?rest_route=\/wp\/v2\/pages"}],"about":[{"href":"https:\/\/wolvescharleroi.be\/index.php?rest_route=\/wp\/v2\/types\/page"}],"author":[{"embeddable":true,"href":"https:\/\/wolvescharleroi.be\/index.php?rest_route=\/wp\/v2\/users\/5"}],"replies":[{"embeddable":true,"href":"https:\/\/wolvescharleroi.be\/index.php?rest_route=%2Fwp%2Fv2%2Fcomments&post=1102"}],"version-history":[{"count":2,"href":"https:\/\/wolvescharleroi.be\/index.php?rest_route=\/wp\/v2\/pages\/1102\/revisions"}],"predecessor-version":[{"id":1105,"href":"https:\/\/wolvescharleroi.be\/index.php?rest_route=\/wp\/v2\/pages\/1102\/revisions\/1105"}],"up":[{"embeddable":true,"href":"https:\/\/wolvescharleroi.be\/index.php?rest_route=\/wp\/v2\/pages\/1084"}],"wp:attachment":[{"href":"https:\/\/wolvescharleroi.be\/index.php?rest_route=%2Fwp%2Fv2%2Fmedia&parent=1102"}],"curies":[{"name":"wp","href":"https:\/\/api.w.org\/{rel}","templated":true}]}}