{"id":11,"date":"2024-12-14T12:35:43","date_gmt":"2024-12-14T11:35:43","guid":{"rendered":"http:\/\/wolvescharleroi.be\/?page_id=11"},"modified":"2025-12-01T17:32:09","modified_gmt":"2025-12-01T16:32:09","slug":"historique","status":"publish","type":"page","link":"https:\/\/wolvescharleroi.be\/?page_id=11","title":{"rendered":"Historique"},"content":{"rendered":"<div class=\"Y3BBE\" data-sfc-cp=\"\" data-hveid=\"CAEQAA\" data-processed=\"true\"><span style=\"font-size: 18px; color: #000000;\">Les Wolves de Charleroi, un club de hockey inline, ont \u00e9t\u00e9 fond\u00e9s en 1995 et sont devenus l&rsquo;un des clubs les plus titr\u00e9s de Belgique. Ils sont reconnus pour leur politique de formation de jeunes talents qui int\u00e8grent r\u00e9guli\u00e8rement l&rsquo;\u00e9quipe premi\u00e8re.<\/span><\/div>\n<div class=\"Y3BBE\" data-sfc-cp=\"\" data-hveid=\"CAEQAA\" data-processed=\"true\"><span style=\"font-size: 18px; color: #000000;\">Le club a remport\u00e9 plusieurs titres, dont la Coupe de Belgique en 2018, et est une r\u00e9f\u00e9rence dans le paysage du hockey belge.<\/span><\/div>\n<p><span style=\"color: #000000;\"><span class=\"T286Pc\" style=\"font-size: 18px;\" data-sfc-cp=\"\" data-processed=\"true\"><strong class=\"Yjhzub\" data-processed=\"true\">Fondation<\/strong>\u00a0: Les Wolves de Charleroi ont \u00e9t\u00e9 cr\u00e9\u00e9s en 1995.<br \/>\n<\/span><span class=\"T286Pc\" style=\"font-size: 18px;\" data-sfc-cp=\"\" data-processed=\"true\"><strong class=\"Yjhzub\" data-processed=\"true\">Philosophie<\/strong>\u00a0: Le club met un fort accent sur la formation de jeunes joueurs, qui sont ensuite int\u00e9gr\u00e9s \u00e0 l&rsquo;\u00e9quipe premi\u00e8re.<br \/>\n<\/span><span class=\"T286Pc\" style=\"font-size: 18px;\" data-sfc-cp=\"\" data-processed=\"true\"><strong class=\"Yjhzub\" data-processed=\"true\">Palmar\u00e8s<\/strong>\u00a0: Ils sont le club le plus titr\u00e9 de l&rsquo;histoire du hockey sur glace belge.<br \/>\n<\/span><span style=\"font-size: 18px;\"><span class=\"T286Pc\" data-sfc-cp=\"\" data-processed=\"true\"><strong class=\"Yjhzub\" data-processed=\"true\">Victoire notable<\/strong> : Ils ont remport\u00e9 la Coupe de Belgique en 2018<br \/>\n<\/span><strong>Tableau d&rsquo;honneur:<br \/>\n<\/strong><\/span><span dir=\"auto\">2002\u00a0:<\/span><span dir=\"auto\"> Brasschaat<br \/>\n<\/span>2003 : Brasschaat<\/span><br \/>\n<span style=\"color: #000000;\">2004 : Brasschaat<\/span><br \/>\n<span style=\"color: #000000;\">2012 :\u00a0 Brasschaat<\/span><br \/>\n<span style=\"color: #000000;\">2013 :\u00a0 Brasschaat<\/span><br \/>\n<span style=\"color: #000000;\">2014 :\u00a0 Brasschaat<\/span><br \/>\n<span style=\"color: #000000;\">2015 : Wolves Charleroi<\/span><br \/>\n<span style=\"color: #000000;\">2016 : Spins Brasschaat<\/span><br \/>\n<span style=\"color: #000000;\">2017 : Spins Brasschaat<\/span><br \/>\n<span style=\"color: #000000;\">2018 : Wolves Charleroi<\/span><br \/>\n<span style=\"color: #000000;\">2019 : Wolves Charleroi<\/span><br \/>\n<span style=\"color: #000000;\"><span dir=\"auto\">2020 :\u00a0<\/span><i><span dir=\"auto\">non attribu\u00e9<br \/>\n<\/span><\/i><span dir=\"auto\">2021 :\u00a0<\/span><i><span dir=\"auto\">pas de comp\u00e9tition<br \/>\n<\/span><\/i>2022 : Wolves Charleroi<\/span><br \/>\n<span style=\"color: #000000;\"><span dir=\"auto\">2023 :\u00a0<\/span><span dir=\"auto\">Huskies Beveren<br \/>\n<\/span><\/span><\/p>\n<header class=\"r-article--header\"><span style=\"color: #000000;\"><strong><span style=\"font-size: 18px;\">Inline hockey: Les Wolves de Charleroi vont f\u00eater leurs 20 ans et d\u00e9bordent d\u2019ambitions<br \/>\n<\/span><\/strong>Les Wolves ont repris le chemin de l\u2019entra\u00eenement voici bient\u00f4t quinze jours. Et tous, except\u00e9 ceux qui avaient un emp\u00eachement, ont honor\u00e9 leurs premi\u00e8res convocations. C\u2019est qu\u2019ils entendent \u00eatre pr\u00eats pour la reprise du championnat, pr\u00e9vue pour la mi-octobre. Pour leurs 20 ans, les Wolves ont une nouvelle fois de grandes ambitions.<\/span><\/header>\n<p><span dir=\"auto\"><img decoding=\"async\" title=\"\" src=\"https:\/\/ig.sudinfo.be\/i\/0\/0.19418\/1x0.61164\/d-20120508-W5ZDQ4.jpg?auth=a6828\" alt=\"\" \/><br \/>\n<\/span><span style=\"font-family: arial, helvetica, sans-serif; font-size: 18px; color: #000000;\">Par Sudinfo<\/span><br \/>\n<span style=\"font-family: arial, helvetica, sans-serif; font-size: 18px; color: #000000;\"><time class=\" pubdate published\" datetime=\"2015-09-17T11:08:17\">Publi\u00e9 le 17\/09\/2015 \u00e0 11:08<br \/>\n<\/time>La saison pass\u00e9e fut un grand cru pour les Carolos. Pour preuve, de toutes les \u00e9quipes align\u00e9es en championnat, seule celle des U14 n\u2019a pas d\u00e9croch\u00e9 le titre de champion de Belgique, devant \u00ab se contenter \u00bb de la 2e place. \u00ab\u00a0<em>C\u2019est vrai qu\u2019il s\u2019agit l\u00e0 d\u2019un beau bulletin<\/em> \u00bb, convient Freddy Boninsegna, le pr\u00e9sident et directeur technique du club.<\/span><br \/>\n<span style=\"font-family: arial, helvetica, sans-serif; font-size: 18px; color: #000000;\">\u00ab\u00a0<em>Nous allons essayer de ne pas en rester l\u00e0, m\u00eame si la concurrence ne l\u2019entendra pas de cette oreille.<\/em>\u00a0\u00bb Il ajoute\u00a0: \u00ab\u00a0<em>Le titre d\u00e9croch\u00e9 par la Nationale 1 nous a combl\u00e9s de joie apr\u00e8s une parenth\u00e8se de trois ans qui a profit\u00e9 aux Spins. Cette fois, je crois que c\u2019est bien reparti pour notre Nationale 1 car les jeunes ont pris de l\u2019exp\u00e9rience. Avant cette mauvaise passe, nous avions \u00e9t\u00e9 champions de Belgique sept fois de suite.<\/em> \u00bb<\/span><br \/>\n<span style=\"font-family: arial, helvetica, sans-serif; font-size: 18px; color: #000000;\">Cette saison, les Wolves seront pr\u00e9sents en Nationale 1, Nationale 2, U18, U16, U14, U12 et U10. Il faut savoir que les Wolves f\u00eateront cette ann\u00e9e leur 20e anniversaire.<\/span><\/p>\n<p><span style=\"font-family: arial, helvetica, sans-serif; font-size: 18px; color: #000000;\"><span dir=\"auto\">En 2023, La f\u00e9d\u00e9ration de Hockey organise \u00e0 Charleroi le <\/span><span dir=\"auto\">Championnat d&rsquo;Europe pour la premi\u00e8re fois en Belgique.<br \/>\n<\/span><\/span><\/p>\n<p><span style=\"color: #000000;\"><strong><span style=\"font-family: arial, helvetica, sans-serif; font-size: 18px;\">Quelques articles parus<br \/>\n<\/span><\/strong><\/span><span dir=\"auto\" style=\"font-family: arial, helvetica, sans-serif; font-size: 18px;\"><span style=\"color: #000000;\">Sources, notes et\/ou r\u00e9f\u00e9rences<\/span><br \/>\n<\/span><span style=\"font-family: arial, helvetica, sans-serif; font-size: 18px;\"><a class=\"external text\" href=\"https:\/\/www.telesambre.be\/inline-hockey-les-wolves-charleroi-la-recherche-dune-nouvelle-salle\" rel=\"nofollow\"><span dir=\"auto\">Les Wolves Charleroi \u00e0 la recherche d&rsquo;une nouvelle salle<\/span><\/a><span dir=\"auto\">\u00a0,\u00a0<\/span><span style=\"color: #000000;\"><i><span dir=\"auto\">T\u00e9l\u00e9Sambre<\/span><\/i><\/span><span dir=\"auto\"><span style=\"color: #000000;\"> , 8 f\u00e9vrier 2018<\/span><br \/>\n<\/span><\/span><span class=\"reference-text\" style=\"font-family: arial, helvetica, sans-serif; font-size: 18px;\"><a class=\"external text\" href=\"https:\/\/www.telesambre.be\/hockey-lines-les-wolves-charleroi-fetent-leurs-20-ans-dexistence\" rel=\"nofollow\">Les Wolves Charleroi f\u00eatent leurs 20 ans d&rsquo;existence<\/a><\/span><span class=\"reference-text\" style=\"font-family: arial, helvetica, sans-serif; font-size: 18px;\">\u00a0,\u00a0<\/span><span class=\"reference-text\" style=\"font-family: arial, helvetica, sans-serif; font-size: 18px; color: #000000;\"><i>T\u00e9l\u00e9Sambre<\/i><\/span><span class=\"reference-text\" style=\"font-family: arial, helvetica, sans-serif; font-size: 18px;\"><span style=\"color: #000000;\"> , 23 novembre 2015<\/span><br \/>\n<\/span><span class=\"reference-text\" style=\"font-family: arial, helvetica, sans-serif; font-size: 18px;\"><a class=\"external text\" href=\"https:\/\/www.sudinfo.be\/id636913\/article\/2023-03-20\/les-wolves-de-charleroi-vivent-une-saison-de-transition-mais-sont-en-course-pour\" rel=\"nofollow\">Les Wolves de Charleroi vivent une saison de transition et bien s\u00fbr pour le titre !<\/a><\/span><span class=\"reference-text\" style=\"font-family: arial, helvetica, sans-serif; font-size: 18px;\">\u00a0,\u00a0<\/span><span class=\"reference-text\" style=\"font-family: arial, helvetica, sans-serif; font-size: 18px; color: #000000;\"><i>SudInfo<\/i><\/span><span class=\"reference-text\" style=\"font-family: arial, helvetica, sans-serif; font-size: 18px;\"><span style=\"color: #000000;\"> , EVRARD Nicolas, 20 mars 2023<\/span><br \/>\n<\/span><a class=\"external text\" style=\"font-family: arial, helvetica, sans-serif; font-size: 18px;\" href=\"https:\/\/www.nieuwsblad.be\/cnt\/blmva_20090429_002\" rel=\"nofollow\"><span dir=\"auto\">Eeklo Dogs perdent leur 2e match en barrages avec honneur<\/span><\/a><span dir=\"auto\" style=\"font-family: arial, helvetica, sans-serif; font-size: 18px;\">\u00a0,\u00a0<\/span><span style=\"color: #000000;\"><i style=\"font-family: arial, helvetica, sans-serif; font-size: 18px;\"><span dir=\"auto\">Het Nieuwsblad<\/span><\/i><\/span><span dir=\"auto\" style=\"font-family: arial, helvetica, sans-serif; font-size: 18px;\"><span style=\"color: #000000;\"> , VAN HULLE Marc, 29 avril 2009<\/span><br \/>\n<\/span><span class=\"reference-text\" style=\"font-family: arial, helvetica, sans-serif; font-size: 18px;\"><a class=\"external text\" href=\"https:\/\/www.sudinfo.be\/art\/1377566\/article\/2015-09-17\/in-line-hockey-les-wolves-de-charleroi-vont-feter-leurs-20-ans-et-debordent-d-am\" rel=\"nofollow\">Les Loups de Charleroi vont feter leurs 20 ans et d\u00e9bordt d&rsquo;ambitions<\/a><\/span><span class=\"reference-text\" style=\"font-family: arial, helvetica, sans-serif; font-size: 18px;\">\u00a0,\u00a0<\/span><span class=\"reference-text\" style=\"font-family: arial, helvetica, sans-serif; font-size: 18px; color: #000000;\"><i>SudInfo<\/i><\/span><span class=\"reference-text\" style=\"font-family: arial, helvetica, sans-serif; font-size: 18px;\"><span style=\"color: #000000;\"> , 17 septembre 2015<\/span><br \/>\n<\/span><span class=\"reference-text\" style=\"font-family: arial, helvetica, sans-serif; font-size: 18px;\"><a class=\"external text\" href=\"https:\/\/www.sudinfo.be\/art\/222995\/article\/2018-04-24\/un-double-historique-pour-les-wolves-charleroi\" rel=\"nofollow\">Un doubl\u00e9 historique pour les Wolves Charleroi<\/a><\/span><span class=\"reference-text\" style=\"font-family: arial, helvetica, sans-serif; font-size: 18px;\">\u00a0,\u00a0<\/span><span class=\"reference-text\" style=\"font-family: arial, helvetica, sans-serif; font-size: 18px; color: #000000;\"><i>SudInfo<\/i><\/span><span class=\"reference-text\" style=\"font-family: arial, helvetica, sans-serif; font-size: 18px;\"><span style=\"color: #000000;\"> , 24 avril 2018<\/span><br \/>\n<\/span><a class=\"external text\" style=\"font-family: arial, helvetica, sans-serif; font-size: 18px;\" href=\"https:\/\/www.rbihf.be\/node\/5469\" rel=\"nofollow\"><span dir=\"auto\">Champions de Division 1 Inline 2018-19\u00a0: Wolves<\/span><\/a><span dir=\"auto\" style=\"font-family: arial, helvetica, sans-serif; font-size: 18px;\">\u00a0,\u00a0<\/span><span style=\"color: #000000;\"><i style=\"font-family: arial, helvetica, sans-serif; font-size: 18px;\"><span dir=\"auto\">KBIJF<\/span><\/i><\/span><span dir=\"auto\" style=\"font-family: arial, helvetica, sans-serif; font-size: 18px;\"><span style=\"color: #000000;\"> , 9 mai 2019<\/span><br \/>\n<\/span><span class=\"reference-text\" style=\"font-family: arial, helvetica, sans-serif; font-size: 18px;\"><a class=\"external text\" href=\"https:\/\/www.sudinfo.be\/art\/955428\/article\/2022-05-30\/hockey-line-les-wolves-charleroi-savourent-leur-titre-de-champion-de-belgique\" rel=\"nofollow\">Les Wolves Charleroi savourent le titre de champion de Belgique<\/a><\/span><span class=\"reference-text\" style=\"font-family: arial, helvetica, sans-serif; font-size: 18px;\">\u00a0,\u00a0<\/span><span class=\"reference-text\" style=\"font-family: arial, helvetica, sans-serif; font-size: 18px; color: #000000;\"><i>SudInfo<\/i><\/span><span class=\"reference-text\" style=\"font-family: arial, helvetica, sans-serif; font-size: 18px;\"><span style=\"color: #000000;\"> , 30 mai 2022<\/span><br \/>\n<\/span><span class=\"reference-text\" style=\"font-family: arial, helvetica, sans-serif; font-size: 18px;\"><a class=\"external text\" href=\"https:\/\/www.rbihf.be\/node\/1167\" rel=\"nofollow\">Charleroi Wolves remporte la finale de la Coupe de Belgique In-line<\/a><\/span><span class=\"reference-text\" style=\"font-family: arial, helvetica, sans-serif; font-size: 18px;\">\u00a0,\u00a0<\/span><span class=\"reference-text\" style=\"font-family: arial, helvetica, sans-serif; font-size: 18px; color: #000000;\"><i>KBIJF<\/i><\/span><span class=\"reference-text\" style=\"font-family: arial, helvetica, sans-serif; font-size: 18px;\"><span style=\"color: #000000;\"> , 9 janvier 2009<\/span><br \/>\n<\/span><a class=\"external text\" style=\"font-family: arial, helvetica, sans-serif; font-size: 18px;\" href=\"https:\/\/www.nieuwsblad.be\/cnt\/blwen_02140720\" rel=\"nofollow\"><span dir=\"auto\">les Lapwings re\u00e7oivent la finale de la coupe de hockey<\/span><\/a><span dir=\"auto\" style=\"font-family: arial, helvetica, sans-serif; font-size: 18px;\">\u00a0,\u00a0<\/span><span style=\"color: #000000;\"><i style=\"font-family: arial, helvetica, sans-serif; font-size: 18px;\"><span dir=\"auto\">Het Nieuwsblad<\/span><\/i><\/span><span dir=\"auto\" style=\"font-family: arial, helvetica, sans-serif; font-size: 18px;\"><span style=\"color: #000000;\"> , ANGLAIS Wout,\u00a022 f\u00e9vrier 2016<\/span><br \/>\n<\/span><span class=\"reference-text\" style=\"font-family: arial, helvetica, sans-serif; font-size: 18px;\"><a class=\"external text\" href=\"https:\/\/www.rbihf.be\/node\/5202\" rel=\"nofollow\">Vainqueurs de la coupe 2018 : Loups Charleroi<\/a><\/span><span class=\"reference-text\" style=\"font-family: arial, helvetica, sans-serif; font-size: 18px;\">\u00a0,\u00a0<\/span><span style=\"color: #000000;\"><span class=\"reference-text\" style=\"font-family: arial, helvetica, sans-serif; font-size: 18px;\"><i>KBIJF<\/i><\/span><span class=\"reference-text\" style=\"font-family: arial, helvetica, sans-serif; font-size: 18px;\">\u00a0, 2 mars 2018<\/span><\/span><\/p>\n","protected":false},"excerpt":{"rendered":"<p>Les Wolves de Charleroi, un club de hockey inline, ont \u00e9t\u00e9 fond\u00e9s en 1995 et sont devenus l&rsquo;un des clubs les plus titr\u00e9s de Belgique. Ils sont reconnus pour leur politique de formation de jeunes talents qui int\u00e8grent r\u00e9guli\u00e8rement l&rsquo;\u00e9quipe premi\u00e8re. Le club a remport\u00e9 plusieurs titres, dont la Coupe de Belgique en 2018, et&hellip; <br \/> <a class=\"read-more\" href=\"https:\/\/wolvescharleroi.be\/?page_id=11\">Lire la suite<\/a><\/p>\n","protected":false},"author":2,"featured_media":0,"parent":0,"menu_order":0,"comment_status":"closed","ping_status":"closed","template":"","meta":{"footnotes":""},"class_list":["post-11","page","type-page","status-publish","hentry"],"yoast_head":"<!-- This site is optimized with the Yoast SEO plugin v27.4 - https:\/\/yoast.com\/product\/yoast-seo-wordpress\/ -->\n<title>Historique - Wolves Charleroi<\/title>\n<meta name=\"robots\" content=\"index, follow, max-snippet:-1, max-image-preview:large, max-video-preview:-1\" \/>\n<link rel=\"canonical\" href=\"https:\/\/wolvescharleroi.be\/?page_id=11\" \/>\n<meta property=\"og:locale\" content=\"fr_FR\" \/>\n<meta property=\"og:type\" content=\"article\" \/>\n<meta property=\"og:title\" content=\"Historique - Wolves Charleroi\" \/>\n<meta property=\"og:description\" content=\"Les Wolves de Charleroi, un club de hockey inline, ont \u00e9t\u00e9 fond\u00e9s en 1995 et sont devenus l&rsquo;un des clubs les plus titr\u00e9s de Belgique. Ils sont reconnus pour leur politique de formation de jeunes talents qui int\u00e8grent r\u00e9guli\u00e8rement l&rsquo;\u00e9quipe premi\u00e8re. Le club a remport\u00e9 plusieurs titres, dont la Coupe de Belgique en 2018, et&hellip; Lire la suite\" \/>\n<meta property=\"og:url\" content=\"https:\/\/wolvescharleroi.be\/?page_id=11\" \/>\n<meta property=\"og:site_name\" content=\"Wolves Charleroi\" \/>\n<meta property=\"article:modified_time\" content=\"2025-12-01T16:32:09+00:00\" \/>\n<meta property=\"og:image\" content=\"https:\/\/ig.sudinfo.be\/i\/0\/0.19418\/1x0.61164\/d-20120508-W5ZDQ4.jpg?auth=a6828\" \/>\n<meta name=\"twitter:card\" content=\"summary_large_image\" \/>\n<meta name=\"twitter:label1\" content=\"Dur\u00e9e de lecture estim\u00e9e\" \/>\n\t<meta name=\"twitter:data1\" content=\"4 minutes\" \/>\n<script type=\"application\/ld+json\" class=\"yoast-schema-graph\">{\"@context\":\"https:\\\/\\\/schema.org\",\"@graph\":[{\"@type\":\"WebPage\",\"@id\":\"https:\\\/\\\/wolvescharleroi.be\\\/?page_id=11\",\"url\":\"https:\\\/\\\/wolvescharleroi.be\\\/?page_id=11\",\"name\":\"Historique - Wolves Charleroi\",\"isPartOf\":{\"@id\":\"https:\\\/\\\/wolvescharleroi.be\\\/#website\"},\"primaryImageOfPage\":{\"@id\":\"https:\\\/\\\/wolvescharleroi.be\\\/?page_id=11#primaryimage\"},\"image\":{\"@id\":\"https:\\\/\\\/wolvescharleroi.be\\\/?page_id=11#primaryimage\"},\"thumbnailUrl\":\"https:\\\/\\\/ig.sudinfo.be\\\/i\\\/0\\\/0.19418\\\/1x0.61164\\\/d-20120508-W5ZDQ4.jpg?auth=a6828\",\"datePublished\":\"2024-12-14T11:35:43+00:00\",\"dateModified\":\"2025-12-01T16:32:09+00:00\",\"breadcrumb\":{\"@id\":\"https:\\\/\\\/wolvescharleroi.be\\\/?page_id=11#breadcrumb\"},\"inLanguage\":\"fr-FR\",\"potentialAction\":[{\"@type\":\"ReadAction\",\"target\":[\"https:\\\/\\\/wolvescharleroi.be\\\/?page_id=11\"]}]},{\"@type\":\"ImageObject\",\"inLanguage\":\"fr-FR\",\"@id\":\"https:\\\/\\\/wolvescharleroi.be\\\/?page_id=11#primaryimage\",\"url\":\"https:\\\/\\\/ig.sudinfo.be\\\/i\\\/0\\\/0.19418\\\/1x0.61164\\\/d-20120508-W5ZDQ4.jpg?auth=a6828\",\"contentUrl\":\"https:\\\/\\\/ig.sudinfo.be\\\/i\\\/0\\\/0.19418\\\/1x0.61164\\\/d-20120508-W5ZDQ4.jpg?auth=a6828\"},{\"@type\":\"BreadcrumbList\",\"@id\":\"https:\\\/\\\/wolvescharleroi.be\\\/?page_id=11#breadcrumb\",\"itemListElement\":[{\"@type\":\"ListItem\",\"position\":1,\"name\":\"Accueil\",\"item\":\"https:\\\/\\\/wolvescharleroi.be\\\/\"},{\"@type\":\"ListItem\",\"position\":2,\"name\":\"Historique\"}]},{\"@type\":\"WebSite\",\"@id\":\"https:\\\/\\\/wolvescharleroi.be\\\/#website\",\"url\":\"https:\\\/\\\/wolvescharleroi.be\\\/\",\"name\":\"Wolves Charleroi\",\"description\":\"\",\"publisher\":{\"@id\":\"https:\\\/\\\/wolvescharleroi.be\\\/#organization\"},\"potentialAction\":[{\"@type\":\"SearchAction\",\"target\":{\"@type\":\"EntryPoint\",\"urlTemplate\":\"https:\\\/\\\/wolvescharleroi.be\\\/?s={search_term_string}\"},\"query-input\":{\"@type\":\"PropertyValueSpecification\",\"valueRequired\":true,\"valueName\":\"search_term_string\"}}],\"inLanguage\":\"fr-FR\"},{\"@type\":\"Organization\",\"@id\":\"https:\\\/\\\/wolvescharleroi.be\\\/#organization\",\"name\":\"Wolves Charleroi\",\"url\":\"https:\\\/\\\/wolvescharleroi.be\\\/\",\"logo\":{\"@type\":\"ImageObject\",\"inLanguage\":\"fr-FR\",\"@id\":\"https:\\\/\\\/wolvescharleroi.be\\\/#\\\/schema\\\/logo\\\/image\\\/\",\"url\":\"https:\\\/\\\/wolvescharleroi.be\\\/wp-content\\\/uploads\\\/2025\\\/11\\\/tete-site.jpg\",\"contentUrl\":\"https:\\\/\\\/wolvescharleroi.be\\\/wp-content\\\/uploads\\\/2025\\\/11\\\/tete-site.jpg\",\"width\":510,\"height\":510,\"caption\":\"Wolves Charleroi\"},\"image\":{\"@id\":\"https:\\\/\\\/wolvescharleroi.be\\\/#\\\/schema\\\/logo\\\/image\\\/\"}}]}<\/script>\n<!-- \/ Yoast SEO plugin. -->","yoast_head_json":{"title":"Historique - Wolves Charleroi","robots":{"index":"index","follow":"follow","max-snippet":"max-snippet:-1","max-image-preview":"max-image-preview:large","max-video-preview":"max-video-preview:-1"},"canonical":"https:\/\/wolvescharleroi.be\/?page_id=11","og_locale":"fr_FR","og_type":"article","og_title":"Historique - Wolves Charleroi","og_description":"Les Wolves de Charleroi, un club de hockey inline, ont \u00e9t\u00e9 fond\u00e9s en 1995 et sont devenus l&rsquo;un des clubs les plus titr\u00e9s de Belgique. Ils sont reconnus pour leur politique de formation de jeunes talents qui int\u00e8grent r\u00e9guli\u00e8rement l&rsquo;\u00e9quipe premi\u00e8re. Le club a remport\u00e9 plusieurs titres, dont la Coupe de Belgique en 2018, et&hellip; Lire la suite","og_url":"https:\/\/wolvescharleroi.be\/?page_id=11","og_site_name":"Wolves Charleroi","article_modified_time":"2025-12-01T16:32:09+00:00","og_image":[{"url":"https:\/\/ig.sudinfo.be\/i\/0\/0.19418\/1x0.61164\/d-20120508-W5ZDQ4.jpg?auth=a6828","type":"","width":"","height":""}],"twitter_card":"summary_large_image","twitter_misc":{"Dur\u00e9e de lecture estim\u00e9e":"4 minutes"},"schema":{"@context":"https:\/\/schema.org","@graph":[{"@type":"WebPage","@id":"https:\/\/wolvescharleroi.be\/?page_id=11","url":"https:\/\/wolvescharleroi.be\/?page_id=11","name":"Historique - Wolves Charleroi","isPartOf":{"@id":"https:\/\/wolvescharleroi.be\/#website"},"primaryImageOfPage":{"@id":"https:\/\/wolvescharleroi.be\/?page_id=11#primaryimage"},"image":{"@id":"https:\/\/wolvescharleroi.be\/?page_id=11#primaryimage"},"thumbnailUrl":"https:\/\/ig.sudinfo.be\/i\/0\/0.19418\/1x0.61164\/d-20120508-W5ZDQ4.jpg?auth=a6828","datePublished":"2024-12-14T11:35:43+00:00","dateModified":"2025-12-01T16:32:09+00:00","breadcrumb":{"@id":"https:\/\/wolvescharleroi.be\/?page_id=11#breadcrumb"},"inLanguage":"fr-FR","potentialAction":[{"@type":"ReadAction","target":["https:\/\/wolvescharleroi.be\/?page_id=11"]}]},{"@type":"ImageObject","inLanguage":"fr-FR","@id":"https:\/\/wolvescharleroi.be\/?page_id=11#primaryimage","url":"https:\/\/ig.sudinfo.be\/i\/0\/0.19418\/1x0.61164\/d-20120508-W5ZDQ4.jpg?auth=a6828","contentUrl":"https:\/\/ig.sudinfo.be\/i\/0\/0.19418\/1x0.61164\/d-20120508-W5ZDQ4.jpg?auth=a6828"},{"@type":"BreadcrumbList","@id":"https:\/\/wolvescharleroi.be\/?page_id=11#breadcrumb","itemListElement":[{"@type":"ListItem","position":1,"name":"Accueil","item":"https:\/\/wolvescharleroi.be\/"},{"@type":"ListItem","position":2,"name":"Historique"}]},{"@type":"WebSite","@id":"https:\/\/wolvescharleroi.be\/#website","url":"https:\/\/wolvescharleroi.be\/","name":"Wolves Charleroi","description":"","publisher":{"@id":"https:\/\/wolvescharleroi.be\/#organization"},"potentialAction":[{"@type":"SearchAction","target":{"@type":"EntryPoint","urlTemplate":"https:\/\/wolvescharleroi.be\/?s={search_term_string}"},"query-input":{"@type":"PropertyValueSpecification","valueRequired":true,"valueName":"search_term_string"}}],"inLanguage":"fr-FR"},{"@type":"Organization","@id":"https:\/\/wolvescharleroi.be\/#organization","name":"Wolves Charleroi","url":"https:\/\/wolvescharleroi.be\/","logo":{"@type":"ImageObject","inLanguage":"fr-FR","@id":"https:\/\/wolvescharleroi.be\/#\/schema\/logo\/image\/","url":"https:\/\/wolvescharleroi.be\/wp-content\/uploads\/2025\/11\/tete-site.jpg","contentUrl":"https:\/\/wolvescharleroi.be\/wp-content\/uploads\/2025\/11\/tete-site.jpg","width":510,"height":510,"caption":"Wolves Charleroi"},"image":{"@id":"https:\/\/wolvescharleroi.be\/#\/schema\/logo\/image\/"}}]}},"_links":{"self":[{"href":"https:\/\/wolvescharleroi.be\/index.php?rest_route=\/wp\/v2\/pages\/11","targetHints":{"allow":["GET"]}}],"collection":[{"href":"https:\/\/wolvescharleroi.be\/index.php?rest_route=\/wp\/v2\/pages"}],"about":[{"href":"https:\/\/wolvescharleroi.be\/index.php?rest_route=\/wp\/v2\/types\/page"}],"author":[{"embeddable":true,"href":"https:\/\/wolvescharleroi.be\/index.php?rest_route=\/wp\/v2\/users\/2"}],"replies":[{"embeddable":true,"href":"https:\/\/wolvescharleroi.be\/index.php?rest_route=%2Fwp%2Fv2%2Fcomments&post=11"}],"version-history":[{"count":10,"href":"https:\/\/wolvescharleroi.be\/index.php?rest_route=\/wp\/v2\/pages\/11\/revisions"}],"predecessor-version":[{"id":1721,"href":"https:\/\/wolvescharleroi.be\/index.php?rest_route=\/wp\/v2\/pages\/11\/revisions\/1721"}],"wp:attachment":[{"href":"https:\/\/wolvescharleroi.be\/index.php?rest_route=%2Fwp%2Fv2%2Fmedia&parent=11"}],"curies":[{"name":"wp","href":"https:\/\/api.w.org\/{rel}","templated":true}]}}